{"id":65,"date":"2019-03-17T08:19:31","date_gmt":"2019-03-17T08:19:31","guid":{"rendered":"https:\/\/jthemes.net\/themes\/wp\/nextapp\/?page_id=65"},"modified":"2023-12-29T08:01:31","modified_gmt":"2023-12-29T08:01:31","slug":"layout-05","status":"publish","type":"page","link":"https:\/\/pdfchatup.com\/pt\/","title":{"rendered":"Lar"},"content":{"rendered":"<section class=\"wpb-content-wrapper\"><section id=\"hero-5\" data-vc-full-width=\"false\" data-vc-full-width-init=\"false\" data-vc-parallax-image=\"https:\/\/pdfchatup.com\/wp-content\/themes\/nextapp\/images\/banner-1.jpg\" data-opacity=\"1\" data-size=\"cover\" data-width=\"100%\" data-position=\"cover\" data-repeat=\"cover\" data-attachment=\"inherit\" class=\"bg-custom hero-section vc_section-has-fill vc_custom_1687596943437\"><div class=\"container\"><div class=\"vc_row wpb_row vc_row-fluid bg-tra bg-inherit vc_row-o-content-middle vc_row-flex\"><div class=\"wpb_column vc_col-sm-6 bg-tra\">\r\n        <div class=\"hero-txt white-color text-center\"> \r\n            <div class=\"hero-app-logo\"><div class=\"d-flex align-items-center\"><span>PDFChatUp<\/span><img loading=\"lazy\" decoding=\"async\" class=\"img-fluid\" width=\"90\" height=\"90\"  src=\"https:\/\/pdfchatup.com\/wp-content\/uploads\/2023\/06\/Logo-RoundedCorners.png\" alt=\"Link de imagem externa\" \/><\/div><\/div>\r\n                     \r\n            \r\n            <h5 class=\"Default h5-lg none\">Converse com documentos PDF e muito mais* em qualquer lugar usando o poder da IA! Interaja com seus documentos como nunca antes.<\/h5> \r\n            \r\n                        \r\n            \r\n                        \r\n                        \r\n            <div class=\"stores-badge\">\r\n                <a target=\"_blank\"  href=\"https:\/\/apps.apple.com\/app\/pdf-chatup\/id6450009868\"  title=\"Loja de aplicativos\"  class=\"img-btn default-hover store btn-type-light\"><span><img decoding=\"async\" src=\"https:\/\/pdfchatup.com\/wp-content\/themes\/nextapp\/images\/appstore.png\" alt=\"Loja de aplicativos\" class=\"store-btn\" width=\"160\"><\/span><\/a><a target=\"_blank\"  href=\"https:\/\/play.google.com\/store\/apps\/details?id=com.fabudable.pdfchatup\"  title=\"Google Play\"  class=\"img-btn default-hover store btn-type-light\"><span><img decoding=\"async\" src=\"https:\/\/pdfchatup.com\/wp-content\/themes\/nextapp\/images\/googleplay.png\" alt=\"Google Play\" class=\"store-btn\" width=\"160\"><\/span><\/a>\r\n                <span class=\"os-version\">Os documentos suportados incluem; &#039;.docx&#039;, &#039;.pptx&#039;, &#039;.epub&#039;, &#039;.md&#039;, &#039;.txt&#039; e &#039;.odt&#039;<\/span>\r\n            <\/div>      \r\n        <\/div><\/div><div class=\"wpb_column vc_col-sm-1 bg-tra\"><\/div><div class=\"wpb_column vc_col-sm-5 bg-tra\">\r\n        <div class=\"pl-80  hero-5-img\"> \r\n        <img loading=\"lazy\" decoding=\"async\" class=\"vc_single_image-img img-fluid\" width=\"323\" height=\"500\"  src=\"https:\/\/pdfchatup.com\/wp-content\/uploads\/2023\/06\/Hero-v1.png\" alt=\"Imagem externa\" \/>\r\n        <\/div><\/div><\/div><\/div><\/section><div class=\"vc_row-full-width vc_clearfix\"><\/div><section id=\"info-2\" data-vc-full-width=\"false\" data-vc-full-width-init=\"false\" data-vc-parallax-image=\"https:\/\/pdfchatup.com\/wp-content\/themes\/nextapp\/images\/banner-1.jpg\" data-opacity=\"1\" data-size=\"cover\" data-width=\"100%\" data-position=\"cover\" data-repeat=\"cover\" data-attachment=\"inherit\" class=\"bg-white wide-60 info-2-row info-section\"><div class=\"vc_section_id\" id=\"about\"><\/div><div class=\"container\"><div class=\"vc_row wpb_row vc_row-fluid bg-tra bg-inherit vc_row-o-content-middle vc_row-flex\"><div class=\"wpb_column vc_col-sm-6 bg-tra\">\r\n        <div class=\"mb-40 pl-45  img-block  wow perch-fadeInUp fadeInUp\" data-wow-delay=\"300ms\" data-wow-duration=\"1200ms\"> \r\n        <img loading=\"lazy\" decoding=\"async\" class=\"vc_single_image-img img-fluid\" width=\"435\" height=\"700\"  src=\"https:\/\/pdfchatup.com\/wp-content\/uploads\/2023\/06\/PDFChatUpAppHomeV2.png\" alt=\"Imagem externa\" \/>\r\n        <\/div><\/div><div class=\"wpb_column vc_col-sm-6 bg-tra\">\r\n        <div class=\"mb-40 pl-45 pr-45  txt-block\"> \r\n        \t\r\n            <span class=\"section-id id-color  wow perch-fadeInUp fadeInUp\" data-wow-delay=\"300ms\" data-wow-duration=\"1200ms\">Complexidade simplificada<\/span>         \r\n            <h3 class=\"Default h3-lg none  wow perch-fadeInUp fadeInUp\" data-wow-delay=\"400ms\" data-wow-duration=\"1200ms\">Seu assistente de documentos pessoais<\/h3>\r\n             \r\n            \r\n            <ul class=\"txt-list mb-35 single-column-list\"><li class=\"wow perch-fadeInUp fadeInUp\" data-wow-delay=\"600ms\" data-wow-duration=\"1200ms\">Use IA para transformar cada documento em um di\u00e1logo inteligente e responsivo<\/li><li class=\"wow perch-fadeInUp fadeInUp\" data-wow-delay=\"700ms\" data-wow-duration=\"1200ms\">Obtenha resumos concisos de documentos grandes, revelando os insights essenciais<\/li><li class=\"wow perch-fadeInUp fadeInUp\" data-wow-delay=\"800ms\" data-wow-duration=\"1200ms\">Informa\u00e7\u00f5es que voc\u00ea precisa, respaldadas pela confiabilidade de seus documentos originais com refer\u00eancias e cita\u00e7\u00f5es relevantes<\/li><li class=\"wow perch-fadeInUp fadeInUp\" data-wow-delay=\"900ms\" data-wow-duration=\"1200ms\">Analise semelhan\u00e7as, destaque diferen\u00e7as e encontre insights exclusivos<\/li><\/ul>            \r\n            \r\n                        \r\n                        \r\n            <div class=\"stores-badge  wow perch-fadeInUp fadeInUp\" data-wow-delay=\"1000ms\" data-wow-duration=\"1200ms\">\r\n                <a target=\"_self\"  href=\"#\"  title=\"Saiba mais sobre isso\"  class=\"btn btn-tra-white tra-hover default-hover store btn-type-light\"><span>Saiba mais sobre isso<\/span><\/a>\r\n                \r\n            <\/div>      \r\n        <\/div><\/div><\/div><\/div><\/section><div class=\"vc_row-full-width vc_clearfix\"><\/div><section id=\"process-3\" data-vc-full-width=\"false\" data-vc-full-width-init=\"false\" data-vc-parallax-image=\"https:\/\/pdfchatup.com\/wp-content\/themes\/nextapp\/images\/banner-1.jpg\" data-opacity=\"1\" data-size=\"cover\" data-width=\"100%\" data-position=\"cover\" data-repeat=\"cover\" data-attachment=\"fixed\" class=\"bg-dark wide-60 white-color process-section bg-fixed\"><div class=\"vc_section_id\" id=\"how\"><\/div><div class=\"container\"><div class=\"vc_row wpb_row vc_row-fluid bg-tra bg-cover vc_row-o-content-middle vc_row-flex\"><div class=\"wpb_column vc_col-sm-1 bg-tra\"><\/div><div class=\"wpb_column vc_col-sm-10 bg-tra\">\r\n        <div class=\"section-title text-center\">\r\n            <h3 class=\"h3-lg\">Como funciona<\/h3>\r\n            <p class=\"p-md\">Crie\/treine um chatbot personalizado para responder perguntas sobre seus documentos PDF em algumas etapas simples<\/p>         \r\n        <\/div><\/div><div class=\"wpb_column vc_col-sm-1 bg-tra\"><\/div><\/div><div class=\"vc_row wpb_row vc_row-fluid bg-tra bg-cover vc_row-o-content-middle vc_row-flex\"><div class=\"wpb_column vc_col-sm-12 bg-tra\">\r\n        <div >                      \r\n            <div id=\"process-3-type\"><div class=\"row\"><div id=\"step-1\" class=\"col-sm-4\"><div class=\"pbox-3 text-center icon-xs\">\r\n                <div class=\"pbox-icon\"  style=\"background-color: rgba(150,150,150,0.2)\">\r\n            <img decoding=\"async\" src=\"https:\/\/pdfchatup.com\/wp-content\/uploads\/2023\/06\/Step1-Illustration.png\" alt=\"Selecione arquivos PDF\" width=\"70\" class=\"img-fluid\">\r\n        <\/div>\r\n                <h5 class=\"h5-sm\">Selecione arquivos PDF<\/h5>\r\n                <p>Escolha a lista de documentos que deseja consultar<\/p>                \r\n            <\/div><\/div><div id=\"step-2\" class=\"col-sm-4\"><div class=\"pbox-3 text-center icon-xs\">\r\n                <div class=\"pbox-icon\"  style=\"background-color: rgba(150,150,150,0.2)\">\r\n            <img decoding=\"async\" src=\"https:\/\/pdfchatup.com\/wp-content\/uploads\/2023\/06\/Step2-Illustration-v2.png\" alt=\"D\u00ea um nome ao chatbot\" width=\"70\" class=\"img-fluid\">\r\n        <\/div>\r\n                <h5 class=\"h5-sm\">D\u00ea um nome ao chatbot<\/h5>\r\n                <p>Atribua um nome ao Chatbot personalizado<\/p>                \r\n            <\/div><\/div><div id=\"step-3\" class=\"col-sm-4 column-last\"><div class=\"pbox-3 text-center icon-xs\">\r\n                <div class=\"pbox-icon\"  style=\"background-color: rgba(150,150,150,0.2)\">\r\n            <img decoding=\"async\" src=\"https:\/\/pdfchatup.com\/wp-content\/uploads\/2023\/06\/Step3-Illustration.png\" alt=\"Come\u00e7ar a conversar\" width=\"70\" class=\"img-fluid\">\r\n        <\/div>\r\n                <h5 class=\"h5-sm\">Come\u00e7ar a conversar<\/h5>\r\n                <p>Fa\u00e7a perguntas ao chatbot relacionadas aos seus documentos<\/p>                \r\n            <\/div><\/div><\/div><\/div>     \r\n        <\/div><\/div><\/div><\/div><\/section><div class=\"vc_row-full-width vc_clearfix\"><\/div><section id=\"info-12\" data-vc-full-width=\"false\" data-vc-full-width-init=\"false\" data-vc-parallax-image=\"https:\/\/pdfchatup.com\/wp-content\/themes\/nextapp\/images\/banner-1.jpg\" data-opacity=\"1\" data-size=\"cover\" data-width=\"100%\" data-position=\"cover\" data-repeat=\"cover\" data-attachment=\"inherit\" class=\"bg-white wide-100 info-12-row info-section\"><div class=\"vc_section_id\" id=\"why\"><\/div><div class=\"container\"><div class=\"vc_row wpb_row vc_row-fluid bg-tra bg-cover vc_row-o-content-middle vc_row-flex\"><div class=\"wpb_column vc_col-sm-12 bg-tra\">\r\n        <div >                      \r\n            <div class=\"row\"><div class=\"row d-flex align-items-center\"><div class=\"col-md-6\"><div class=\"txt-block pc-45\"><div id=\"list-tab-69de571a52ae9\" class=\"list-group\" role=\"tablist\"><a id=\"tab1-list-69de571a52ae9\" class=\"list-group-item list-group-item-action active\" data-toggle=\"list\" href=\"#tab-1-69de571a52ae9\" role=\"tab\" aria-controls=\"tab-1-69de571a52ae9\"><div class=\"ibox-5\">               \r\n                <h5 class=\"h5-sm\">Relat\u00f3rios financeiros<\/h5>\r\n                <p>Perdido no labirinto do jarg\u00e3o financeiro? Nosso aplicativo \u00e9 sua t\u00e1bua de salva\u00e7\u00e3o. Interaja com seus relat\u00f3rios financeiros e desvende dados complexos.<\/p>                \r\n            <\/div><\/a><a id=\"tab2-list-69de571a52ae9\" class=\"list-group-item list-group-item-action\" data-toggle=\"list\" href=\"#tab-2-69de571a52ae9\" role=\"tab\" aria-controls=\"tab-2-69de571a52ae9\"><div class=\"ibox-5\">               \r\n                <h5 class=\"h5-sm\">Pap\u00e9is cient\u00edficos<\/h5>\r\n                <p>Use nosso aplicativo para transformar cada trabalho de pesquisa em um di\u00e1logo esclarecedor. Disseque teorias complexas e digira resultados experimentais abrangentes.<\/p>                \r\n            <\/div><\/a><a id=\"tab3-list-69de571a52ae9\" class=\"list-group-item list-group-item-action\" data-toggle=\"list\" href=\"#tab-3-69de571a52ae9\" role=\"tab\" aria-controls=\"tab-3-69de571a52ae9\"><div class=\"ibox-5\">               \r\n                <h5 class=\"h5-sm\">Acordos legais<\/h5>\r\n                <p>Navegue em termos jur\u00eddicos complexos com facilidade! Deixe nossa IA desmistificar contratos densos, dissecar as letras mi\u00fadas e traduzir o jur\u00eddico para a linguagem cotidiana.<\/p>                \r\n            <\/div><\/a><\/div><\/div><\/div>\t<!-- END TEXT BLOCK --><div class=\"col-md-6\"><div class=\"info-img text-center pr-45\"><div id=\"nav-tabContent-69de571a52ae9\" class=\"tab-content\"><div id=\"tab-1-69de571a52ae9\" class=\"tab-pane show active\" role=\"tabpanel\" aria-labelledby=\"tab1-list-69de571a52ae9\"><img loading=\"lazy\" decoding=\"async\" class=\"vc_single_image-img img-fluid\" width=\"450\" height=\"450\"  src=\"https:\/\/pdfchatup.com\/wp-content\/uploads\/2023\/06\/Finance-illustrationV2.png\" alt=\"Imagem externa\" \/><\/div><div id=\"tab-2-69de571a52ae9\" class=\"tab-pane\" role=\"tabpanel\" aria-labelledby=\"tab2-list-69de571a52ae9\"><img loading=\"lazy\" decoding=\"async\" class=\"vc_single_image-img img-fluid\" width=\"450\" height=\"450\"  src=\"https:\/\/pdfchatup.com\/wp-content\/uploads\/2023\/06\/Science-illustration.png\" alt=\"Imagem externa\" \/><\/div><div id=\"tab-3-69de571a52ae9\" class=\"tab-pane\" role=\"tabpanel\" aria-labelledby=\"tab3-list-69de571a52ae9\"><img loading=\"lazy\" decoding=\"async\" class=\"vc_single_image-img img-fluid\" width=\"450\" height=\"450\"  src=\"https:\/\/pdfchatup.com\/wp-content\/uploads\/2023\/06\/Law-illustration.png\" alt=\"Imagem externa\" \/><\/div><\/div><\/div><\/div><!-- END IMAGE BLOCK --><\/div><\/div>     \r\n        <\/div><\/div><\/div><\/div><\/section><div class=\"vc_row-full-width vc_clearfix\"><\/div><section id=\"faqs-2\" data-vc-full-width=\"false\" data-vc-full-width-init=\"false\" data-vc-parallax-image=\"https:\/\/pdfchatup.com\/wp-content\/themes\/nextapp\/images\/banner-1.jpg\" data-opacity=\"1\" data-size=\"cover\" data-width=\"100%\" data-position=\"cover\" data-repeat=\"cover\" data-attachment=\"inherit\" class=\"bg-lightdark wide-60 white-color faqs-section\"><div class=\"vc_section_id\" id=\"faqs\"><\/div><div class=\"container\"><div class=\"vc_row wpb_row vc_row-fluid bg-tra bg-cover vc_row-o-content-middle vc_row-flex\"><div class=\"wpb_column vc_col-sm-1 bg-tra\"><\/div><div class=\"wpb_column vc_col-sm-10 bg-tra\">\r\n        <div class=\"section-title text-center\">\r\n            <h3 class=\"h3-lg\">perguntas frequentes<\/h3>\r\n            <p class=\"p-md\">Respostas para perguntas comuns sobre nosso servi\u00e7o<\/p>         \r\n        <\/div><\/div><div class=\"wpb_column vc_col-sm-1 bg-tra\"><\/div><\/div><div class=\"vc_row wpb_row vc_row-fluid bg-tra bg-cover vc_row-o-content-middle vc_row-flex\"><div class=\"wpb_column vc_col-sm-6 bg-tra\">\r\n        <div class=\"questions-holder question\"> \r\n                   \r\n                   \r\n            <h5 class=\"Default h5-xs none os-version\">Meus dados est\u00e3o seguros\/protegidos?<\/h5>\r\n            <p class=\"Default none os-version\">Seus arquivos s\u00e3o criptografados durante o tr\u00e2nsito e armazenados em uma infraestrutura totalmente gerenciada e segura. Nosso fornecedor de armazenamento possui certifica\u00e7\u00e3o SOC2 Tipo 2 (uma certifica\u00e7\u00e3o baseada na estrutura COSO e auditada por uma empresa externa Big4 CPA).<\/p>         \r\n        <\/div>\r\n        <div class=\"questions-holder question\"> \r\n                   \r\n                   \r\n            <h5 class=\"Default h5-xs none os-version\">Notei um bug ou erro no aplicativo. Para onde envio feedback?<\/h5>\r\n            <p class=\"Default none os-version\">Preencha nosso formul\u00e1rio de contato ou envie um e-mail para bug@fabudable.com, incluindo o m\u00e1ximo de detalhes poss\u00edvel. N\u00f3s realmente apreciamos isso, ent\u00e3o obrigado antecipadamente! \ud83d\ude42<\/p>         \r\n        <\/div><\/div><div class=\"wpb_column vc_col-sm-6 bg-tra\">\r\n        <div class=\"questions-holder question\"> \r\n                   \r\n                   \r\n            <h5 class=\"Default h5-xs none os-version\">Quais tipos de documentos o PDF ChatUp suporta?<\/h5>\r\n            <p class=\"Default none os-version\">Atualmente, os documentos suportados incluem; &#039;.docx&#039;, &#039;.pptx&#039;, &#039;.epub&#039;, &#039;.md&#039;, &#039;.txt&#039; e &#039;.odt&#039;. Informe-nos se desejar que adicionemos mais tipos de documentos.<\/p>         \r\n        <\/div>\r\n        <div class=\"questions-holder question\"> \r\n                   \r\n                   \r\n            <h5 class=\"Default h5-xs none os-version\">Gosto do PDF ChatUp. Como posso ajudar?<\/h5>\r\n            <p class=\"Default none os-version\">Isso \u00e9 fant\u00e1stico! Voc\u00ea pode ajudar simplesmente compartilhando o aplicativo com amigos e familiares, relatando bugs\/imprecis\u00f5es que encontrar no aplicativo, enviando sugest\u00f5es de melhorias ou tornando-se um comerciante afiliado. (Entre em contato para discutir).<\/p>         \r\n        <\/div><\/div><\/div><div class=\"vc_row wpb_row vc_row-fluid bg-tra bg-cover vc_row-o-content-middle vc_row-flex\"><div class=\"wpb_column vc_col-sm-12 bg-tra\">\n\t<div class=\"wpb_text_column wpb_content_element  vc_custom_1687616216206\" >\n\t\t<div class=\"wpb_wrapper\">\n\t\t\t<div class=\"more-questions wow fadeInUp\" style=\"visibility: visible;\">\n<h5 class=\"h5-xs\" style=\"text-align: center;\">Ainda tem alguma d\u00favida? <a href=\"https:\/\/pdfchatup.com\/pt\/contate-nos\/\">Entre em contato aqui<\/a><\/h5>\n<\/div>\n\n\t\t<\/div>\n\t<\/div>\n<\/div><\/div><\/div><\/section><div class=\"vc_row-full-width vc_clearfix\"><\/div>\n<\/section>","protected":false},"excerpt":{"rendered":"PDFChatUp Converse com documentos PDF e muito mais* em qualquer lugar usando o poder da IA! Interaja com seus documentos como nunca antes. Os documentos suportados incluem; &#039;.docx&#039;, &#039;.pptx&#039;, &#039;.epub&#039;, &#039;.md&#039;, &#039;.txt&#039; e &#039;.odt&#039; Complexidade simplificou seu assistente de documentos pessoais Use IA...","protected":false},"author":1,"featured_media":0,"parent":0,"menu_order":0,"comment_status":"closed","ping_status":"closed","template":"","meta":{"footnotes":""},"class_list":["post-65","page","type-page","status-publish","hentry","no-post-thumbnail"],"aioseo_notices":[],"_links":{"self":[{"href":"https:\/\/pdfchatup.com\/pt\/wp-json\/wp\/v2\/pages\/65","targetHints":{"allow":["GET"]}}],"collection":[{"href":"https:\/\/pdfchatup.com\/pt\/wp-json\/wp\/v2\/pages"}],"about":[{"href":"https:\/\/pdfchatup.com\/pt\/wp-json\/wp\/v2\/types\/page"}],"author":[{"embeddable":true,"href":"https:\/\/pdfchatup.com\/pt\/wp-json\/wp\/v2\/users\/1"}],"replies":[{"embeddable":true,"href":"https:\/\/pdfchatup.com\/pt\/wp-json\/wp\/v2\/comments?post=65"}],"version-history":[{"count":70,"href":"https:\/\/pdfchatup.com\/pt\/wp-json\/wp\/v2\/pages\/65\/revisions"}],"predecessor-version":[{"id":3160,"href":"https:\/\/pdfchatup.com\/pt\/wp-json\/wp\/v2\/pages\/65\/revisions\/3160"}],"wp:attachment":[{"href":"https:\/\/pdfchatup.com\/pt\/wp-json\/wp\/v2\/media?parent=65"}],"curies":[{"name":"wp","href":"https:\/\/api.w.org\/{rel}","templated":true}]}}