{"id":2837,"date":"2023-06-23T21:02:52","date_gmt":"2023-06-23T21:02:52","guid":{"rendered":"https:\/\/pdfchatup.com\/?page_id=2837"},"modified":"2024-10-12T13:23:31","modified_gmt":"2024-10-12T13:23:31","slug":"change-log","status":"publish","type":"page","link":"https:\/\/pdfchatup.com\/pt\/log-de-alteracoes\/","title":{"rendered":"Registro de altera\u00e7\u00f5es"},"content":{"rendered":"<p class=\"has-text-align-center\">Como o t\u00edtulo indica, esta p\u00e1gina rastreia altera\u00e7\u00f5es (sejam corre\u00e7\u00f5es de bugs ou adi\u00e7\u00f5es de recursos) feitas no aplicativo.<\/p>\n\n\n\n<h2 class=\"wp-block-heading\" id=\"block-9ff1bd47-de4a-456f-bef4-3e19bb3041ec\">Vers\u00e3o 1.9.2 | <code>\u00daltimo lan\u00e7amento<\/code><\/h2>\n\n\n\n<ul id=\"block-fbf9579d-95a4-4f23-8536-d3a8ecd9d0b6\" class=\"wp-block-list\">\n<li>Corre\u00e7\u00f5es de bugs significativas e melhorias de desempenho<\/li>\n\n\n\n<li>Pequenas melhorias na IU\/UX<\/li>\n<\/ul>\n\n\n\n<h2 class=\"wp-block-heading\" id=\"block-9ff1bd47-de4a-456f-bef4-3e19bb3041ec\">Vers\u00e3o 1.9.1<\/h2>\n\n\n\n<ul id=\"block-fbf9579d-95a4-4f23-8536-d3a8ecd9d0b6\" class=\"wp-block-list\">\n<li>V\u00e1rias corre\u00e7\u00f5es de bugs e melhorias de desempenho<\/li>\n<\/ul>\n\n\n\n<h2 class=\"wp-block-heading\" id=\"block-9ff1bd47-de4a-456f-bef4-3e19bb3041ec\">Vers\u00e3o 1.8.4<\/h2>\n\n\n\n<ul id=\"block-fbf9579d-95a4-4f23-8536-d3a8ecd9d0b6\" class=\"wp-block-list\">\n<li>Recursos \/ melhorias no aplicativo:\n<ul class=\"wp-block-list\">\n<li>Exibi\u00e7\u00e3o reativada do resumo do documento ao conversar com chatbots<\/li>\n<\/ul>\n<\/li>\n\n\n\n<li>Patches\/corre\u00e7\u00f5es de bugs:\n<ul class=\"wp-block-list\">\n<li>Corrigido problema com itens transcritos que n\u00e3o apareciam na reinicializa\u00e7\u00e3o do aplicativo<\/li>\n\n\n\n<li>Outras pequenas corre\u00e7\u00f5es e melhorias de desempenho<\/li>\n<\/ul>\n<\/li>\n<\/ul>\n\n\n\n<h2 class=\"wp-block-heading\" id=\"block-9ff1bd47-de4a-456f-bef4-3e19bb3041ec\">Vers\u00e3o 1.8.3<\/h2>\n\n\n\n<ul id=\"block-fbf9579d-95a4-4f23-8536-d3a8ecd9d0b6\" class=\"wp-block-list\">\n<li>Recursos \/ melhorias no aplicativo:\n<ul class=\"wp-block-list\">\n<li>Adicionado modo de altern\u00e2ncia .srt \u00e0s transcri\u00e7\u00f5es de IA<\/li>\n<\/ul>\n<\/li>\n\n\n\n<li>Patches\/corre\u00e7\u00f5es de bugs:\n<ul class=\"wp-block-list\">\n<li>Corrigido problema com a caixa de feedback\/sugest\u00e3o n\u00e3o edit\u00e1vel<\/li>\n\n\n\n<li>Outras pequenas corre\u00e7\u00f5es e melhorias de desempenho<\/li>\n<\/ul>\n<\/li>\n<\/ul>\n\n\n\n<h2 class=\"wp-block-heading\" id=\"block-9ff1bd47-de4a-456f-bef4-3e19bb3041ec\">Vers\u00e3o 1.8.2<\/h2>\n\n\n\n<ul id=\"block-fbf9579d-95a4-4f23-8536-d3a8ecd9d0b6\" class=\"wp-block-list\">\n<li>Recursos \/ melhorias no aplicativo:\n<ul class=\"wp-block-list\">\n<li>Adicionada transcri\u00e7\u00e3o AI na caixa de ferramentas \u2013 Converter \u00e1udio em texto \u2728 NOVO \u2728<\/li>\n\n\n\n<li>Adicionada guia \u2018Hist\u00f3rico de transa\u00e7\u00f5es\u2019, permitindo que os usu\u00e1rios vejam como seus cr\u00e9ditos foram gastos<\/li>\n<\/ul>\n<\/li>\n\n\n\n<li>Patches\/corre\u00e7\u00f5es de bugs:\n<ul class=\"wp-block-list\">\n<li>Corrigido problema com o bot\u00e3o girat\u00f3rio de carregamento perp\u00e9tuo para itens de IA<\/li>\n\n\n\n<li>Outras corre\u00e7\u00f5es e melhorias de desempenho<\/li>\n<\/ul>\n<\/li>\n<\/ul>\n\n\n\n<h2 class=\"wp-block-heading\" id=\"block-73b52f4d-df0b-42b1-82e5-bdbd7257635a\">Vers\u00e3o 1.8.0<\/h2>\n\n\n\n<ul id=\"block-131f8bf0-82b7-415a-9179-4d6a0fc59e46\" class=\"wp-block-list\">\n<li>\ud83d\udea8\ud83d\udee0\ufe0f \u00c9 necess\u00e1ria atualiza\u00e7\u00e3o do aplicativo \ud83d\udea8<\/li>\n\n\n\n<li>Recursos \/ melhorias no aplicativo:\n<ul class=\"wp-block-list\">\n<li>Renovou completamente o sistema premium. Afaste-se das assinaturas para o pagamento baseado em cr\u00e9dito.<\/li>\n\n\n\n<li>Outras corre\u00e7\u00f5es e melhorias de desempenho<\/li>\n<\/ul>\n<\/li>\n<\/ul>\n\n\n\n<h2 class=\"wp-block-heading\" id=\"block-73b52f4d-df0b-42b1-82e5-bdbd7257635a\">Vers\u00e3o 1.7.6<\/h2>\n\n\n\n<ul id=\"block-131f8bf0-82b7-415a-9179-4d6a0fc59e46\" class=\"wp-block-list\">\n<li>Recursos \/ melhorias no aplicativo:\n<ul class=\"wp-block-list\">\n<li>Adicionado AI Quiz Maker na caixa de ferramentas \u2013 Gere MCQs automaticamente a partir do seu texto<\/li>\n\n\n\n<li>UI e UX ajustados nas se\u00e7\u00f5es da caixa de ferramentas<\/li>\n<\/ul>\n<\/li>\n<\/ul>\n\n\n\n<h2 class=\"wp-block-heading\" id=\"block-73b52f4d-df0b-42b1-82e5-bdbd7257635a\">Vers\u00e3o 1.7.5<\/h2>\n\n\n\n<ul id=\"block-131f8bf0-82b7-415a-9179-4d6a0fc59e46\" class=\"wp-block-list\">\n<li>Recursos \/ melhorias no aplicativo:\n<ul class=\"wp-block-list\">\n<li>Link inclu\u00eddo para o grupo Telegram dentro do aplicativo<\/li>\n\n\n\n<li>Adicionado v\u00eddeo de demonstra\u00e7\u00e3o para o recurso Character AI<\/li>\n\n\n\n<li>Melhorou os textos da IU na p\u00e1gina de pagamento<\/li>\n<\/ul>\n<\/li>\n\n\n\n<li>Patches\/corre\u00e7\u00f5es de bugs:\n<ul class=\"wp-block-list\">\n<li>V\u00e1rias corre\u00e7\u00f5es de bugs e melhorias de desempenho<\/li>\n<\/ul>\n<\/li>\n<\/ul>\n\n\n\n<h2 class=\"wp-block-heading\" id=\"block-73b52f4d-df0b-42b1-82e5-bdbd7257635a\">Vers\u00e3o 1.7.4<\/h2>\n\n\n\n<ul id=\"block-131f8bf0-82b7-415a-9179-4d6a0fc59e46\" class=\"wp-block-list\">\n<li>Recursos \/ melhorias no aplicativo:\n<ul class=\"wp-block-list\">\n<li>Recurso de resumo implementado na se\u00e7\u00e3o da caixa de ferramentas<\/li>\n<\/ul>\n<\/li>\n\n\n\n<li>Patches\/corre\u00e7\u00f5es de bugs:\n<ul class=\"wp-block-list\">\n<li>V\u00e1rias corre\u00e7\u00f5es de bugs e melhorias de desempenho<\/li>\n<\/ul>\n<\/li>\n<\/ul>\n\n\n\n<h2 class=\"wp-block-heading\" id=\"block-73b52f4d-df0b-42b1-82e5-bdbd7257635a\">Vers\u00e3o 1.7.2<\/h2>\n\n\n\n<ul id=\"block-131f8bf0-82b7-415a-9179-4d6a0fc59e46\" class=\"wp-block-list\">\n<li>Recursos \/ melhorias no aplicativo:\n<ul class=\"wp-block-list\">\n<li>V\u00e1rios polimentos e atualiza\u00e7\u00f5es de UI e UX<\/li>\n<\/ul>\n<\/li>\n\n\n\n<li>Patches\/corre\u00e7\u00f5es de bugs:\n<ul class=\"wp-block-list\">\n<li>Pequenas corre\u00e7\u00f5es de bugs e melhorias de desempenho<\/li>\n<\/ul>\n<\/li>\n<\/ul>\n\n\n\n<h2 class=\"wp-block-heading\" id=\"block-73b52f4d-df0b-42b1-82e5-bdbd7257635a\">Vers\u00e3o 1.7.1<\/h2>\n\n\n\n<ul id=\"block-131f8bf0-82b7-415a-9179-4d6a0fc59e46\" class=\"wp-block-list\">\n<li>Hot Fix \ud83d\udea8\ud83d\udee0\ufe0f \u2013 Corrigidos 2 bugs principais relacionados ao novo recurso <\/li>\n\n\n\n<li>Recursos \/ melhorias no aplicativo:\n<ul class=\"wp-block-list\">\n<li>Adi\u00e7\u00e3o de uma nova se\u00e7\u00e3o &#039;Caixa de ferramentas&#039;<\/li>\n\n\n\n<li>Adi\u00e7\u00e3o do bate-papo com personagens AI, permitindo que os usu\u00e1rios conversem com personagens de sua literatura<\/li>\n<\/ul>\n<\/li>\n<\/ul>\n\n\n\n<h2 class=\"wp-block-heading\" id=\"block-73b52f4d-df0b-42b1-82e5-bdbd7257635a\">Vers\u00e3o 1.7.0<\/h2>\n\n\n\n<ul id=\"block-131f8bf0-82b7-415a-9179-4d6a0fc59e46\" class=\"wp-block-list\">\n<li>Recursos \/ melhorias no aplicativo:\n<ul class=\"wp-block-list\">\n<li>Adi\u00e7\u00e3o de uma nova se\u00e7\u00e3o &#039;Caixa de ferramentas&#039;<\/li>\n\n\n\n<li>Adi\u00e7\u00e3o do bate-papo com personagens AI, permitindo que os usu\u00e1rios conversem com personagens de sua literatura<\/li>\n<\/ul>\n<\/li>\n<\/ul>\n\n\n\n<h2 class=\"wp-block-heading\" id=\"block-73b52f4d-df0b-42b1-82e5-bdbd7257635a\">Vers\u00e3o 1.6.8<\/h2>\n\n\n\n<ul id=\"block-131f8bf0-82b7-415a-9179-4d6a0fc59e46\" class=\"wp-block-list\">\n<li>Recursos \/ melhorias no aplicativo:\n<ul class=\"wp-block-list\">\n<li>Adicionado menu de contexto aos chatbots. Os usu\u00e1rios agora podem excluir facilmente chatbots e documentos da p\u00e1gina inicial pressionando longamente<\/li>\n<\/ul>\n<\/li>\n\n\n\n<li>Patches\/corre\u00e7\u00f5es de bugs:\n<ul class=\"wp-block-list\">\n<li>Corrigido problema com p\u00e1ginas de refer\u00eancia de documentos exibidas em branco ap\u00f3s reinicializa\u00e7\u00e3o profunda do aplicativo<\/li>\n\n\n\n<li>Outras pequenas corre\u00e7\u00f5es de bugs e melhorias<\/li>\n<\/ul>\n<\/li>\n<\/ul>\n\n\n\n<h2 class=\"wp-block-heading\" id=\"block-73b52f4d-df0b-42b1-82e5-bdbd7257635a\">Vers\u00e3o 1.6.7<\/h2>\n\n\n\n<ul id=\"block-131f8bf0-82b7-415a-9179-4d6a0fc59e46\" class=\"wp-block-list\">\n<li>Patches\/corre\u00e7\u00f5es de bugs:\n<ul class=\"wp-block-list\">\n<li>Pequenas corre\u00e7\u00f5es de bugs e melhorias<\/li>\n<\/ul>\n<\/li>\n<\/ul>\n\n\n\n<h2 class=\"wp-block-heading\" id=\"version-102--latest-release\">Vers\u00e3o 1.6.6<\/h2>\n\n\n\n<ul class=\"wp-block-list\">\n<li>Recursos \/ melhorias no aplicativo:   \n<ul class=\"wp-block-list\">\n<li>V\u00e1rias melhorias no fluxo de UX<\/li>\n<\/ul>\n<\/li>\n\n\n\n<li>Patches\/corre\u00e7\u00f5es de bugs: \n<ul class=\"wp-block-list\">\n<li>Pequenas corre\u00e7\u00f5es de bugs e melhorias<\/li>\n<\/ul>\n<\/li>\n<\/ul>\n\n\n\n<h2 class=\"wp-block-heading\" id=\"version-102--latest-release\">Vers\u00e3o 1.6.5<\/h2>\n\n\n\n<ul class=\"wp-block-list\">\n<li>Recursos \/ melhorias no aplicativo:   \n<ul class=\"wp-block-list\">\n<li>Aumento dos limites di\u00e1rios de mensagens para usu\u00e1rios premium\/pro<\/li>\n\n\n\n<li>Simplificou o processo de exclus\u00e3o de conta<\/li>\n<\/ul>\n<\/li>\n\n\n\n<li>Patches\/corre\u00e7\u00f5es de bugs: \n<ul class=\"wp-block-list\">\n<li>Pequenas corre\u00e7\u00f5es de bugs e melhorias<\/li>\n<\/ul>\n<\/li>\n<\/ul>\n\n\n\n<h2 class=\"wp-block-heading\" id=\"version-102--latest-release\">Vers\u00e3o 1.6.4<\/h2>\n\n\n\n<ul class=\"wp-block-list\">\n<li>Recursos \/ melhorias no aplicativo:   \n<ul class=\"wp-block-list\">\n<li>Suporte adicionado novamente para tipos de arquivos adicionais, incluindo; \u201cdocx\u201d, \u201cpptx\u201d, \u201cepub\u201d, \u201cmd\u201d, \u201ctxt\u201d, \u201codt\u201d e \u201crtf\u201d<\/li>\n\n\n\n<li>Renomea\u00e7\u00e3o implementada do hist\u00f3rico de bate-papo<\/li>\n<\/ul>\n<\/li>\n\n\n\n<li>Patches\/corre\u00e7\u00f5es de bugs: \n<ul class=\"wp-block-list\">\n<li>Implementou o tratamento adequado de chatbots com falha<\/li>\n<\/ul>\n<\/li>\n<\/ul>\n\n\n\n<h2 class=\"wp-block-heading\" id=\"version-102--latest-release\">Vers\u00e3o 1.6.3<\/h2>\n\n\n\n<ul class=\"wp-block-list\">\n<li>Melhorias \/ Patches \/ Corre\u00e7\u00f5es de bugs no aplicativo: \n\n\n\n\n\n\n\n\n\n\n\n\n\n\n\n\n\n\n\n\n\n\n\n\n\n\n\n\n\n\n\n\n\n\n\n\n<ul class=\"wp-block-list\">\n<li>O idioma padr\u00e3o do aplicativo na inicializa\u00e7\u00e3o inicial agora \u00e9 definido com base no idioma do dispositivo<\/li>\n<\/ul>\n\n\n\n<ul class=\"wp-block-list\">\n<li>Outras pequenas corre\u00e7\u00f5es e melhorias<\/li>\n<\/ul>\n<\/li>\n<\/ul>\n\n\n\n<h2 class=\"wp-block-heading\" id=\"version-102--latest-release\">Vers\u00e3o 1.6.2<\/h2>\n\n\n\n<ul class=\"wp-block-list\">\n<li>Melhorias \/ Patches \/ Corre\u00e7\u00f5es de bugs no aplicativo: \n<ul class=\"wp-block-list\">\n<li>Corrigido bug com usu\u00e1rios profissionais n\u00e3o sendo reconhecidos em algumas ocasi\u00f5es <\/li>\n\n\n\n<li>Implementado feedback \u00fatil para os usu\u00e1rios ao atingir a cota di\u00e1ria<\/li>\n\n\n\n<li>P\u00e1gina de m\u00e9tricas do usu\u00e1rio refinada<\/li>\n\n\n\n<li>Adicionado suporte para idiomas adicionais<\/li>\n<\/ul>\n<\/li>\n<\/ul>\n\n\n\n<h2 class=\"wp-block-heading\" id=\"version-102--latest-release\">Vers\u00e3o 1.6.1<\/h2>\n\n\n\n<ul class=\"wp-block-list\">\n<li>Patches\/corre\u00e7\u00f5es de bugs: \n<ul class=\"wp-block-list\">\n<li>Corrigido um pequeno problema de UI na p\u00e1gina de atualiza\u00e7\u00e3o<\/li>\n\n\n\n<li>Implementado o tratamento adequado de Chatbots &#039;obsoletos&#039;<\/li>\n<\/ul>\n<\/li>\n<\/ul>\n\n\n\n<h2 class=\"wp-block-heading\" id=\"version-102--latest-release\">Vers\u00e3o 1.6.0<\/h2>\n\n\n\n<ul class=\"wp-block-list\">\n<li>Recursos \/ melhorias no aplicativo:   \n<ul class=\"wp-block-list\">\n<li>Alterou o modelo premium de assinatura mensal para pagamentos \u00fanicos.<\/li>\n<\/ul>\n<\/li>\n\n\n\n<li>Patches e corre\u00e7\u00f5es de bugs: \n<ul class=\"wp-block-list\">\n<li>Outras pequenas corre\u00e7\u00f5es de bugs e melhorias de desempenho<\/li>\n<\/ul>\n<\/li>\n<\/ul>\n\n\n\n<h2 class=\"wp-block-heading\" id=\"version-102--latest-release\">Vers\u00e3o 1.5.0<\/h2>\n\n\n\n<ul class=\"wp-block-list\">\n<li>Recursos e melhorias no aplicativo:  \n\n\n\n\n<ul class=\"wp-block-list\">\n<li>Adicionadas notifica\u00e7\u00f5es push ao aplicativo. Os usu\u00e1rios agora s\u00e3o notificados quando o treinamento do chatbot for conclu\u00eddo<\/li>\n\n\n\n<li>Os itens do hist\u00f3rico de bate-papo agora exibem o nome do chatbot correspondente<\/li>\n<\/ul>\n<\/li>\n\n\n\n<li>Patches e corre\u00e7\u00f5es de bugs:\n\n\n\n\n<ul class=\"wp-block-list\">\n<li>Outras corre\u00e7\u00f5es importantes de bugs e melhorias de desempenho<\/li>\n<\/ul>\n<\/li>\n<\/ul>\n\n\n\n<h2 class=\"wp-block-heading\" id=\"version-102--latest-release\">Vers\u00e3o 1.4.2<\/h2>\n\n\n\n<ul class=\"wp-block-list\">\n<li>Recursos e melhorias no aplicativo:  \n\n\n\n\n\n\n\n\n\n\n\n\n\n\n\n\n\n\n\n\n\n\n\n\n\n\n\n\n\n\n\n\n\n\n\n\n\n\n\n\n\n\n\n\n\n\n<ul class=\"wp-block-list\">\n<li>Adicionado suporte OCR para processamento de documentos n\u00e3o pesquis\u00e1veis<\/li>\n<\/ul>\n\n\n\n<ul class=\"wp-block-list\">\n<li>UX e anima\u00e7\u00f5es refinadas em se\u00e7\u00f5es dos aplicativos<\/li>\n<\/ul>\n<\/li>\n\n\n\n<li>Patches e corre\u00e7\u00f5es de bugs:\n\n\n\n\n\n\n\n\n\n\n\n\n\n\n\n\n\n\n\n\n\n\n\n\n\n\n\n\n\n\n\n\n\n\n\n\n\n\n\n\n\n\n\n\n\n\n<ul class=\"wp-block-list\">\n<li>Corrigida falha na cria\u00e7\u00e3o do Chatbot quando arquivos com nomes muito longos s\u00e3o selecionados<\/li>\n<\/ul>\n\n\n\n<ul class=\"wp-block-list\">\n<li>Outras corre\u00e7\u00f5es importantes de bugs e melhorias de desempenho<\/li>\n<\/ul>\n<\/li>\n<\/ul>\n\n\n\n<h2 class=\"wp-block-heading\" id=\"version-102--latest-release\">Vers\u00e3o 1.4.1<\/h2>\n\n\n\n<ul class=\"wp-block-list\">\n<li>Patches e hotfixes:\n<ul class=\"wp-block-list\">\n<li>Resolvido problema com a tela de conversa transbordando com o texto inicial de boas-vindas, quando um usu\u00e1rio tenta fazer uma pergunta imediatamente ap\u00f3s visualizar um resumo<\/li>\n\n\n\n<li>Resumos de documentos usados para treinar chatbots agora s\u00e3o gerados no idioma de origem<\/li>\n<\/ul>\n<\/li>\n<\/ul>\n\n\n\n<h2 class=\"wp-block-heading\" id=\"version-102--latest-release\">Vers\u00e3o 1.4.0<\/h2>\n\n\n\n<ul class=\"wp-block-list\">\n<li>Recursos e melhorias na experi\u00eancia do usu\u00e1rio do aplicativo:  \n<ul class=\"wp-block-list\">\n<li>Processo de treinamento significativamente melhorado para chatbots personalizados<\/li>\n\n\n\n<li>Recurso\/processo de resumo mesclado com o chatbot principal<\/li>\n<\/ul>\n<\/li>\n\n\n\n<li>Patches e corre\u00e7\u00f5es de bugs:\n<ul class=\"wp-block-list\">\n<li>Pequenas corre\u00e7\u00f5es de bugs e melhorias de desempenho<\/li>\n<\/ul>\n<\/li>\n<\/ul>\n\n\n\n<h2 class=\"wp-block-heading\" id=\"version-102--latest-release\">Vers\u00e3o 1.3.0<\/h2>\n\n\n\n<ul class=\"wp-block-list\">\n<li>Novos recursos e melhorias na experi\u00eancia do usu\u00e1rio do aplicativo: \n\n\n\n\n\n\n\n\n\n\n\n\n\n\n\n\n\n\n\n\n\n\n\n\n\n\n\n\n\n\n\n\n\n\n\n\n\n\n\n\n\n\n\n\n\n\n\n\n\n\n\n\n<ul class=\"wp-block-list\">\n<li>Implementada tela \u201cVer tudo\u201d para chatbots, bem como capacidade de exclu\u00ed-los<\/li>\n<\/ul>\n\n\n\n<ul class=\"wp-block-list\">\n<li>Reduziu o n\u00famero de etapas necess\u00e1rias para criar um Chatbot de 3 para 2<\/li>\n<\/ul>\n<\/li>\n\n\n\n<li>Patches e corre\u00e7\u00f5es de bugs:\n<ul class=\"wp-block-list\">\n<li>Corrigida notifica\u00e7\u00e3o incorreta do sistema exibida ap\u00f3s a cria\u00e7\u00e3o do resumo<\/li>\n\n\n\n<li>Atualizado o esquema do banco de dados local para oferecer suporte a vers\u00f5es futuras e corrigir v\u00e1rios problemas locais<\/li>\n\n\n\n<li>Outras pequenas corre\u00e7\u00f5es de bugs e melhorias de desempenho<\/li>\n<\/ul>\n<\/li>\n<\/ul>\n\n\n\n<h2 class=\"wp-block-heading\" id=\"version-102--latest-release\">Vers\u00e3o 1.2.1<\/h2>\n\n\n\n<ul class=\"wp-block-list\">\n<li>Novos recursos e melhorias na experi\u00eancia do usu\u00e1rio do aplicativo:\n\n\n\n\n\n\n\n\n\n\n\n\n\n\n\n\n\n\n\n\n\n\n\n\n\n\n\n\n\n\n\n\n\n\n\n\n\n\n\n\n\n\n\n\n\n\n\n\n\n\n\n\n\n\n\n\n\n\n<ul class=\"wp-block-list\">\n<li>Op\u00e7\u00e3o implementada para selecionar o idioma do resumo ao gerar \u201cResumos de IA\u201d<\/li>\n<\/ul>\n\n\n\n<ul class=\"wp-block-list\">\n<li>Tornou o texto da conversa, bem como o texto de resumo gerado, selecion\u00e1veis e copi\u00e1veis fora do aplicativo<\/li>\n\n\n\n<li>Grandes melhorias gerais na localiza\u00e7\u00e3o de aplicativos<\/li>\n<\/ul>\n<\/li>\n\n\n\n<li>Patches e corre\u00e7\u00f5es de bugs:\n<ul class=\"wp-block-list\">\n<li>Corrigido problema com a exibi\u00e7\u00e3o inicial do texto resumido sendo \u201cTBD\u201d<\/li>\n\n\n\n<li>N\u00famero de cota retificado para \u201cresumo de IA\u201d na tela de m\u00e9tricas de uso<\/li>\n\n\n\n<li>Outras pequenas corre\u00e7\u00f5es de bugs e melhorias de desempenho<\/li>\n<\/ul>\n<\/li>\n<\/ul>\n\n\n\n<h2 class=\"wp-block-heading\" id=\"version-102--latest-release\">Vers\u00e3o 1.2.0<\/h2>\n\n\n\n<ul class=\"wp-block-list\">\n<li>Novos recursos e melhorias na experi\u00eancia do usu\u00e1rio do aplicativo:\n\n\n\n\n\n\n\n\n\n\n\n\n\n\n\n\n\n\n\n\n\n\n\n\n\n\n\n\n\n\n\n\n\n\n\n\n\n\n\n\n\n\n\n\n\n\n\n\n\n\n\n\n\n\n\n\n<ul class=\"wp-block-list\">\n<li>Implementado \u201cResumos de IA\u201d; um novo fluxo de experi\u00eancia do usu\u00e1rio para permitir que os usu\u00e1rios resumam facilmente seus documentos usando IA<\/li>\n<\/ul>\n\n\n\n<ul class=\"wp-block-list\">\n<li>Alterada a f\u00edsica de rolagem na p\u00e1gina inicial, para uma UX mais intuitiva<\/li>\n<\/ul>\n<\/li>\n\n\n\n<li>Patches e corre\u00e7\u00f5es de bugs:\n<ul class=\"wp-block-list\">\n<li>Corrigidos v\u00e1rios problemas com texto de localiza\u00e7\u00e3o<\/li>\n\n\n\n<li>UX adaptado para notificar os usu\u00e1rios quando nenhuma rede for detectada durante a cria\u00e7\u00e3o do chatbot<\/li>\n\n\n\n<li>Outras pequenas corre\u00e7\u00f5es de bugs e melhorias de desempenho<\/li>\n<\/ul>\n<\/li>\n<\/ul>\n\n\n\n<h2 class=\"wp-block-heading\" id=\"version-102--latest-release\">Vers\u00e3o 1.1.0<\/h2>\n\n\n\n<ul class=\"wp-block-list\">\n<li>Recursos e melhorias na experi\u00eancia do usu\u00e1rio do aplicativo:\n<ul class=\"wp-block-list\">\n<li>Adicionado suporte para tipos de arquivos adicionais, incluindo; &#039;.docx&#039; (Word), &#039;.pptx&#039; (PowerPoint), &#039;.epub&#039;, &#039;.md&#039; (Markdown), &#039;.txt&#039; e &#039;.odt&#039;<\/li>\n\n\n\n<li>Implementada a p\u00e1gina \u201cM\u00e9tricas de uso\u201d para permitir que os usu\u00e1rios visualizem v\u00e1rias m\u00e9tricas associadas \u00e0 sua conta<\/li>\n<\/ul>\n<\/li>\n\n\n\n<li>Patches e corre\u00e7\u00f5es de bugs:\n<ul class=\"wp-block-list\">\n<li>Pequenas corre\u00e7\u00f5es de bugs e melhorias de desempenho<\/li>\n<\/ul>\n<\/li>\n<\/ul>\n\n\n\n<h2 class=\"wp-block-heading\" id=\"version-102--latest-release\">Vers\u00e3o 1.0.3<\/h2>\n\n\n\n<ul class=\"wp-block-list\">\n<li>Melhorias na experi\u00eancia do usu\u00e1rio do aplicativo:\n<ul class=\"wp-block-list\">\n<li>Cita\u00e7\u00e3o de fontes redesenhada para ser compacta, m\u00ednima e \u00fatil. Os usu\u00e1rios agora podem clicar nos bot\u00f5es da p\u00e1gina para abrir a p\u00e1gina de refer\u00eancia usada<\/li>\n\n\n\n<li>Hist\u00f3rico de contexto de chat implementado. O chatbot agora leva em considera\u00e7\u00e3o as conversas anteriores<\/li>\n<\/ul>\n<\/li>\n\n\n\n<li>Patches e corre\u00e7\u00f5es de bugs:\n<ul class=\"wp-block-list\">\n<li>Corrigido bug com compras no aplicativo n\u00e3o sendo inicialmente reconhecidas ap\u00f3s login do usu\u00e1rio<\/li>\n\n\n\n<li>UX aprimorada para valida\u00e7\u00e3o de formul\u00e1rio durante a cria\u00e7\u00e3o de um chatbot<\/li>\n\n\n\n<li>Links no aplicativo atualizados para apontar para p\u00e1ginas de destino corretas<\/li>\n<\/ul>\n<\/li>\n<\/ul>\n\n\n\n<h2 class=\"wp-block-heading\" id=\"version-102--latest-release\">Vers\u00e3o 1.0.2<\/h2>\n\n\n\n<ul class=\"wp-block-list\">\n<li>Patches e corre\u00e7\u00f5es de bugs:\n<ul class=\"wp-block-list\">\n<li>Experi\u00eancia de usu\u00e1rio premium desenvolvida, bem como indicadores de conta premium no aplicativo<\/li>\n\n\n\n<li>Corrigimos o problema em que as limita\u00e7\u00f5es n\u00e3o eram levantadas ap\u00f3s a assinatura premium<\/li>\n\n\n\n<li>Campo restrito para nome do chatbot a caracteres alfanum\u00e9ricos e d\u00edgitos<\/li>\n\n\n\n<li>Corrigido v\u00e1rios erros de digita\u00e7\u00e3o<\/li>\n<\/ul>\n<\/li>\n<\/ul>\n\n\n\n<h2 class=\"wp-block-heading\" id=\"version-101\">Vers\u00e3o 1.0.1<\/h2>\n\n\n\n<ul class=\"wp-block-list\">\n<li>Patches e corre\u00e7\u00f5es de bugs:\n<ul class=\"wp-block-list\">\n<li>Implementado tratamento adequado de comportamento para treinamento de chatbots com grande n\u00famero de arquivos\/n\u00fameros de p\u00e1ginas<\/li>\n\n\n\n<li>Outras pequenas corre\u00e7\u00f5es de bugs e melhorias de desempenho<\/li>\n<\/ul>\n<\/li>\n<\/ul>\n\n\n\n<h2 class=\"wp-block-heading\" id=\"version-100--initial-release\">Vers\u00e3o 1.0.0 | <code>Lan\u00e7amento inicial<\/code><\/h2>\n\n\n\n<ul class=\"wp-block-list\">\n<li>Primeiro lan\u00e7amento oficial do aplicativo. Permite a cria\u00e7\u00e3o de chatbots personalizados que tornam o bate-papo com seus arquivos PDF muito f\u00e1cil.<\/li>\n<\/ul>","protected":false},"excerpt":{"rendered":"<p>Como o t\u00edtulo indica, esta p\u00e1gina rastreia altera\u00e7\u00f5es (sejam corre\u00e7\u00f5es de bugs ou adi\u00e7\u00f5es de recursos) feitas no aplicativo. Vers\u00e3o 1.9.2 | \u00daltima vers\u00e3o Vers\u00e3o 1.9.1 Vers\u00e3o 1.8.4 Vers\u00e3o 1.8.3 Vers\u00e3o 1.8.2 Vers\u00e3o 1.8.0 Vers\u00e3o 1.7.6 Vers\u00e3o 1.7.5 Vers\u00e3o 1.7.4 Vers\u00e3o\u2026<\/p>","protected":false},"author":1,"featured_media":0,"parent":0,"menu_order":0,"comment_status":"closed","ping_status":"closed","template":"","meta":{"footnotes":""},"class_list":["post-2837","page","type-page","status-publish","hentry","no-post-thumbnail"],"aioseo_notices":[],"_links":{"self":[{"href":"https:\/\/pdfchatup.com\/pt\/wp-json\/wp\/v2\/pages\/2837","targetHints":{"allow":["GET"]}}],"collection":[{"href":"https:\/\/pdfchatup.com\/pt\/wp-json\/wp\/v2\/pages"}],"about":[{"href":"https:\/\/pdfchatup.com\/pt\/wp-json\/wp\/v2\/types\/page"}],"author":[{"embeddable":true,"href":"https:\/\/pdfchatup.com\/pt\/wp-json\/wp\/v2\/users\/1"}],"replies":[{"embeddable":true,"href":"https:\/\/pdfchatup.com\/pt\/wp-json\/wp\/v2\/comments?post=2837"}],"version-history":[{"count":165,"href":"https:\/\/pdfchatup.com\/pt\/wp-json\/wp\/v2\/pages\/2837\/revisions"}],"predecessor-version":[{"id":3173,"href":"https:\/\/pdfchatup.com\/pt\/wp-json\/wp\/v2\/pages\/2837\/revisions\/3173"}],"wp:attachment":[{"href":"https:\/\/pdfchatup.com\/pt\/wp-json\/wp\/v2\/media?parent=2837"}],"curies":[{"name":"wp","href":"https:\/\/api.w.org\/{rel}","templated":true}]}}