{"id":1859,"date":"2019-04-04T15:07:31","date_gmt":"2019-04-04T15:07:31","guid":{"rendered":"https:\/\/jthemes.net\/themes\/wp\/nextapp\/?page_id=1859"},"modified":"2023-12-13T23:34:58","modified_gmt":"2023-12-13T23:34:58","slug":"faqs","status":"publish","type":"page","link":"https:\/\/pdfchatup.com\/pt\/perguntas-frequentes\/","title":{"rendered":"Perguntas frequentes"},"content":{"rendered":"<section class=\"wpb-content-wrapper\"><section data-vc-full-width=\"false\" data-vc-full-width-init=\"false\" data-vc-parallax-image=\"https:\/\/pdfchatup.com\/wp-content\/themes\/nextapp\/images\/banner-1.jpg\" data-opacity=\"1\" data-size=\"cover\" data-width=\"100%\" data-position=\"cover\" data-repeat=\"cover\" data-attachment=\"inherit\" class=\"bg-lightgrey enable-bg-inner\"><div class=\"section-inner-wrap bg-inner division bg-tra\" id=\"inner-page-title\"><div class=\"container\"><div class=\"vc_row wpb_row vc_row-fluid bg-tra bg-cover vc_row-o-content-middle vc_row-flex\"><div class=\"wpb_column vc_col-sm-12 bg-tra\"><h1 style=\"text-align: center;font-family:Abril Fatface;font-weight:400;font-style:normal\" class=\"vc_custom_heading\" >Perguntas frequentes<\/h1><\/div><\/div><\/div><\/div><\/section><div class=\"vc_row-full-width vc_clearfix\"><\/div><section id=\"faqs-3\" data-vc-full-width=\"false\" data-vc-full-width-init=\"false\" data-vc-parallax-image=\"https:\/\/pdfchatup.com\/wp-content\/themes\/nextapp\/images\/banner-1.jpg\" data-opacity=\"1\" data-size=\"cover\" data-width=\"100%\" data-position=\"cover\" data-repeat=\"cover\" data-attachment=\"inherit\" class=\"bg-white wide-100 questions-grid enable-bg-inner\"><div class=\"section-inner-wrap bg-inner division bg-tra\" ><div class=\"container\"><div class=\"vc_row wpb_row vc_row-fluid masonry-wrap1 grid-loaded bg-tra bg-inherit\"><div class=\"wpb_column vc_col-sm-12 vc_custom_1702509844343 bg-tra\">\r\n        <div class=\"questions-wrap\"> \r\n            <h5 class=\"theme-color h5-md none\">Quest\u00f5es gerais<\/h5>           \r\n            <div class=\"perch-list\"><div class=\"mb-25\"><h5 class=\"Default h5-xs none\">O que \u00e9 PDF ChatUp?<\/h5><p>PDF ChatUp \u00e9 um aplicativo m\u00f3vel que permite conversar com seus documentos em qualquer lugar usando o poder da IA. Al\u00e9m disso, PDF ChatUp oferece uma variedade de ferramentas de IA para aumentar sua produtividade.<\/p><\/div><div class=\"mb-25\"><h5 class=\"Default h5-xs none\">Como funciona?<\/h5><p>Comece criando um chatbot personalizado, especificando uma lista de documentos que deseja consultar. Depois que seu chatbot for criado, tire todas as d\u00favidas relacionadas ao documento. O modelo de IA subjacente recuperar\u00e1 qualquer informa\u00e7\u00e3o relevante do documento e fornecer\u00e1 uma resposta bem informada, certificando-se de citar a lista de fontes utilizadas.<\/p><\/div><div class=\"mb-25\"><h5 class=\"Default h5-xs none\">Por que voc\u00ea n\u00e3o oferece uma vers\u00e3o gratuita?<\/h5><p>Infelizmente, o PDF ChatUp incorre em custos de servidor necess\u00e1rios para executar v\u00e1rios modelos de IA. Como n\u00e3o anunciamos nem vendemos seus dados, a receita obtida com a venda de cr\u00e9ditos no aplicativo \u00e9 usada para pagar esses servidores. No entanto, n\u00e3o existe um modelo de assinatura e voc\u00ea paga apenas pelo que usa. (Veja a p\u00e1gina premium do aplicativo para mais informa\u00e7\u00f5es). <br\/>\nContate-nos se voc\u00ea \u00e9 um <strong>nova conta<\/strong> e gostaria de alguns cr\u00e9ditos gr\u00e1tis para experimentar o aplicativo. <\/p><\/div><div class=\"mb-25\"><h5 class=\"Default h5-xs none\">Quais tipos de documentos o PDF ChatUp suporta?<\/h5><p>Atualmente, os documentos suportados incluem; &#039;.docx&#039;, &#039;.pptx&#039;, &#039;.epub&#039;, &#039;.md&#039;, &#039;.txt&#039; e &#039;.odt&#039;. Informe-nos se desejar que adicionemos mais tipos de documentos.<\/p><\/div><\/div>     \r\n        <\/div>\r\n        <div class=\"questions-wrap\"> \r\n            <h5 class=\"theme-color h5-md none\">Perguntas relacionadas a dados<\/h5>           \r\n            <div class=\"perch-list\"><div class=\"mb-25\"><h5 class=\"Default h5-xs none\">Meus dados est\u00e3o seguros\/protegidos?<\/h5><p>Seus arquivos s\u00e3o criptografados durante o tr\u00e2nsito e armazenados em uma infraestrutura totalmente gerenciada e segura. Nosso fornecedor de armazenamento possui certifica\u00e7\u00e3o SOC2 Tipo 2 (uma certifica\u00e7\u00e3o baseada na estrutura COSO).<\/p><\/div><div class=\"mb-25\"><h5 class=\"Default h5-xs none\">Por quanto tempo voc\u00eas guardam meus documentos?<\/h5><p>Os dados dos chatbots criados por usu\u00e1rios gratuitos s\u00e3o completamente exclu\u00eddos ap\u00f3s 21 dias de inatividade (3 semanas). <\/p><\/div><\/div>     \r\n        <\/div>\r\n        <div class=\"questions-wrap\"> \r\n            <h5 class=\"theme-color h5-md none\">Perguntas relacionadas \u00e0 conta<\/h5>           \r\n            <div class=\"perch-list\"><div class=\"mb-25\"><h5 class=\"Default h5-xs none\">Por que voc\u00ea precisa de uma conta?<\/h5><p>Ser capaz de vincular compras a cr\u00e9dito a contas espec\u00edficas. PDF ChatUp \u00e9 multiplataforma (dispon\u00edvel para Android e iOS), e a mesma conta com benef\u00edcios premium pode ser usada em v\u00e1rios dispositivos.<\/p><\/div><\/div>     \r\n        <\/div><\/div><\/div><div class=\"vc_row wpb_row vc_row-fluid bg-tra bg-inherit vc_row-o-content-middle vc_row-flex\"><div class=\"wpb_column vc_col-sm-12 bg-tra\">\n\t<div class=\"wpb_text_column wpb_content_element\" >\n\t\t<div class=\"wpb_wrapper\">\n\t\t\t<div class=\"more-questions wow fadeInUp\" style=\"visibility: visible; animation-delay: 1.3s; animation-name: fadeInUp;\" data-wow-delay=\"1.3s\">\n<h5 class=\"h5-xs\" style=\"text-align: center;\">Ainda tem alguma d\u00favida? <a href=\"https:\/\/pdfchatup.com\/pt\/contate-nos\/\">Entrar em contato<\/a><\/h5>\n<\/div>\n\n\t\t<\/div>\n\t<\/div>\n<\/div><\/div><\/div><\/div><\/section><div class=\"vc_row-full-width vc_clearfix\"><\/div>\n<\/section>","protected":false},"excerpt":{"rendered":"FAQs Perguntas gerais O que \u00e9 PDF ChatUp?PDF ChatUp \u00e9 um aplicativo m\u00f3vel que permite que voc\u00ea converse com seus documentos em qualquer lugar usando o poder da IA. Al\u00e9m disso, o PDF ChatUp oferece uma variedade de ferramentas de IA para impulsionar...","protected":false},"author":1,"featured_media":0,"parent":0,"menu_order":0,"comment_status":"closed","ping_status":"closed","template":"","meta":{"footnotes":""},"class_list":["post-1859","page","type-page","status-publish","hentry","no-post-thumbnail"],"aioseo_notices":[],"_links":{"self":[{"href":"https:\/\/pdfchatup.com\/pt\/wp-json\/wp\/v2\/pages\/1859","targetHints":{"allow":["GET"]}}],"collection":[{"href":"https:\/\/pdfchatup.com\/pt\/wp-json\/wp\/v2\/pages"}],"about":[{"href":"https:\/\/pdfchatup.com\/pt\/wp-json\/wp\/v2\/types\/page"}],"author":[{"embeddable":true,"href":"https:\/\/pdfchatup.com\/pt\/wp-json\/wp\/v2\/users\/1"}],"replies":[{"embeddable":true,"href":"https:\/\/pdfchatup.com\/pt\/wp-json\/wp\/v2\/comments?post=1859"}],"version-history":[{"count":6,"href":"https:\/\/pdfchatup.com\/pt\/wp-json\/wp\/v2\/pages\/1859\/revisions"}],"predecessor-version":[{"id":3156,"href":"https:\/\/pdfchatup.com\/pt\/wp-json\/wp\/v2\/pages\/1859\/revisions\/3156"}],"wp:attachment":[{"href":"https:\/\/pdfchatup.com\/pt\/wp-json\/wp\/v2\/media?parent=1859"}],"curies":[{"name":"wp","href":"https:\/\/api.w.org\/{rel}","templated":true}]}}