{"id":1828,"date":"2019-04-04T13:42:12","date_gmt":"2019-04-04T13:42:12","guid":{"rendered":"https:\/\/jthemes.net\/themes\/wp\/nextapp\/?page_id=1828"},"modified":"2023-06-24T14:35:07","modified_gmt":"2023-06-24T14:35:07","slug":"terms","status":"publish","type":"page","link":"https:\/\/pdfchatup.com\/pt\/termos\/","title":{"rendered":"termos e Condi\u00e7\u00f5es"},"content":{"rendered":"<section class=\"wpb-content-wrapper\"><section id=\"terms\" data-vc-full-width=\"false\" data-vc-full-width-init=\"false\" data-vc-parallax-image=\"https:\/\/pdfchatup.com\/wp-content\/themes\/nextapp\/images\/banner-1.jpg\" data-opacity=\"1\" data-size=\"cover\" data-width=\"100%\" data-position=\"cover\" data-repeat=\"cover\" data-attachment=\"inherit\" class=\"bg-white terms-section division pt-40 pb-40\"><div class=\"container\"><div class=\"vc_row wpb_row vc_row-fluid bg-tra bg-cover vc_row-o-content-middle vc_row-flex\"><div class=\"wpb_column vc_col-sm-12 bg-tra\">\n\t<div class=\"wpb_text_column wpb_content_element\" >\n\t\t<div class=\"wpb_wrapper\">\n\t\t\t<h1 id=\"terms-of-service\" style=\"text-align: center;\">Termos de servi\u00e7o<\/h1>\n<p>&nbsp;<\/p>\n<p>Estes Termos de Servi\u00e7o regem o uso do PDF ChatUp, nosso site localizado em <a href=\"https:\/\/pdfchatup.com\/pt\/\">https:\/\/pdfchatup.com<\/a>e quaisquer servi\u00e7os relacionados fornecidos pela Fabudable Technologies Ltd.<\/p>\n<p>Ao criar uma conta no PDF ChatUp ou usar o PDF ChatUp, voc\u00ea concorda em cumprir estes Termos de Servi\u00e7o e todas as leis e regulamentos aplic\u00e1veis. Se voc\u00ea n\u00e3o concordar com estes Termos de Servi\u00e7o, voc\u00ea est\u00e1 proibido de continuar usando o aplicativo, acessando nosso site ou usando quaisquer outros servi\u00e7os fornecidos pela Fabudable Technologies Ltd.<\/p>\n<p>Se voc\u00ea acessar ou baixar o PDF ChatUp (1) da Apple App Store, voc\u00ea concorda com quaisquer Regras de Uso estabelecidas nos Termos de Servi\u00e7o da App Store; e\/ou (2) Google Play Store, voc\u00ea concorda com os Termos e Condi\u00e7\u00f5es do Android, Google Inc., incluindo os Termos de Servi\u00e7o do Google Apps.<\/p>\n<p>N\u00f3s, Fabudable Technologies Ltd, reservamo-nos o direito de revisar e alterar qualquer um destes Termos de Servi\u00e7o a nosso exclusivo crit\u00e9rio. Ao fazer isso, atualizaremos esta p\u00e1gina e notificaremos voc\u00ea por meio do aplicativo e\/ou do endere\u00e7o de e-mail que voc\u00ea forneceu ao criar sua conta. Quaisquer altera\u00e7\u00f5es nestes Termos de Servi\u00e7o entrar\u00e3o em vigor imediatamente a partir da data de publica\u00e7\u00e3o.<\/p>\n<p>Estes Termos de Servi\u00e7o foram atualizados pela \u00faltima vez em 10 de junho de 2023.<\/p>\n<h3 id=\"limitations-of-use\">Limita\u00e7\u00f5es de uso<\/h3>\n<p>Ao usar o PDF ChatUp e nosso site, voc\u00ea garante em seu nome, em nome de qualquer entidade que voc\u00ea representa que tenha celebrado estes Termos de Servi\u00e7o e de seus usu\u00e1rios que n\u00e3o ir\u00e1:<\/p>\n<ol>\n<li>modificar, copiar, preparar trabalhos derivados, descompilar ou fazer engenharia reversa do PDF ChatUp ou de quaisquer materiais e software contidos no PDF ChatUp ou em nosso site;<\/li>\n<li>remover quaisquer direitos autorais ou outras nota\u00e7\u00f5es de propriedade do PDF ChatUp ou de quaisquer materiais e software contidos no PDF ChatUp ou em nosso site;<\/li>\n<li>transferir PDF ChatUp ou qualquer um de seus materiais associados para outra pessoa ou \u201cespelhar\u201d os materiais em qualquer outro servidor;<\/li>\n<li>usar, consciente ou negligentemente, o PDF ChatUp ou qualquer um de seus servi\u00e7os associados de uma forma que abuse ou interrompa nossas redes ou qualquer outro servi\u00e7o que a Fabudable Technologies Ltd forne\u00e7a;<\/li>\n<li>usar o PDF ChatUp ou seus servi\u00e7os associados para transmitir ou publicar qualquer material de ass\u00e9dio, indecente, obsceno, fraudulento ou ilegal;<\/li>\n<li>usar o PDF ChatUp ou seus servi\u00e7os associados em viola\u00e7\u00e3o de quaisquer leis ou regulamentos aplic\u00e1veis;<\/li>\n<li>usar o PDF ChatUp para enviar publicidade n\u00e3o autorizada ou spam;<\/li>\n<li>colher, coletar ou coletar dados do usu\u00e1rio sem o consentimento do usu\u00e1rio; ou<\/li>\n<li>usar o PDF ChatUp ou seus servi\u00e7os associados de forma que possa infringir a privacidade, os direitos de propriedade intelectual ou outros direitos de terceiros.<\/li>\n<\/ol>\n<h3 id=\"intellectual-property\">Propriedade intelectual<\/h3>\n<p>A propriedade intelectual dos materiais no PDF ChatUp e em nosso site \u00e9 de propriedade ou licenciada para Fabudable Technologies Ltd. Voc\u00ea pode baixar o PDF ChatUp para visualizar, usar e exibir o aplicativo em seu dispositivo m\u00f3vel apenas para seu uso pessoal.<\/p>\n<p>Isto constitui a concess\u00e3o de uma licen\u00e7a, n\u00e3o uma transfer\u00eancia de t\u00edtulo. Esta licen\u00e7a ser\u00e1 automaticamente rescindida se voc\u00ea violar alguma dessas restri\u00e7\u00f5es ou estes Termos de Servi\u00e7o e poder\u00e1 ser rescindida pela Fabudable Technologies Ltd a qualquer momento.<\/p>\n<h3 id=\"automatic-updates\">Atualiza\u00e7\u00f5es autom\u00e1ticas<\/h3>\n<p>Voc\u00ea nos d\u00e1 permiss\u00e3o para baixar e instalar atualiza\u00e7\u00f5es do PDF ChatUp em seu dispositivo de acordo com suas prefer\u00eancias de privacidade. Esta permiss\u00e3o pode ser revogada a qualquer momento, excluindo o PDF ChatUp do seu dispositivo.<\/p>\n<h3 id=\"liability\">Responsabilidade<\/h3>\n<p>PDF ChatUp e os materiais em PDF ChatUp e em nosso site s\u00e3o fornecidos &#039;como est\u00e3o&#039;. Na medida permitida por lei, a Fabudable Technologies Ltd n\u00e3o oferece garantias, expressas ou impl\u00edcitas, e por meio deste isenta e nega todas as outras garantias, incluindo, sem limita\u00e7\u00e3o, garantias impl\u00edcitas ou condi\u00e7\u00f5es de comercializa\u00e7\u00e3o, adequa\u00e7\u00e3o a uma finalidade espec\u00edfica ou n\u00e3o viola\u00e7\u00e3o de propriedade intelectual propriedade ou outra viola\u00e7\u00e3o de direitos.<\/p>\n<p>Em nenhum caso a Fabudable Technologies Ltd ou seus fornecedores ser\u00e3o respons\u00e1veis por qualquer perda sofrida ou incorrida por voc\u00ea ou qualquer terceiro decorrente do uso ou incapacidade de usar o PDF ChatUp, nosso site ou quaisquer outros servi\u00e7os fornecidos pela Fabudable Technologies Ltd ou pelo materiais em PDF ChatUp, mesmo que a Fabudable Technologies Ltd ou um representante autorizado tenha sido notificado, oralmente ou por escrito, da possibilidade de tais danos.<\/p>\n<p>No contexto deste acordo, \u201cperda consequencial\u201d inclui qualquer perda consequencial, perda indireta, perda de lucro real ou antecipada, perda de benef\u00edcio, perda de receita, perda de neg\u00f3cios, perda de boa vontade, perda de oportunidade, perda de poupan\u00e7as, perda de reputa\u00e7\u00e3o, perda de uso e\/ou perda ou corrup\u00e7\u00e3o de dados, seja sob estatuto, contrato, patrim\u00f4nio, ato il\u00edcito (incluindo neglig\u00eancia), indeniza\u00e7\u00e3o ou de outra forma.<\/p>\n<p>Como algumas jurisdi\u00e7\u00f5es n\u00e3o permitem limita\u00e7\u00f5es em garantias impl\u00edcitas ou limita\u00e7\u00f5es de responsabilidade por danos consequenciais ou incidentais, estas limita\u00e7\u00f5es podem n\u00e3o se aplicar a voc\u00ea.<\/p>\n<h3 id=\"accuracy-of-materials\">Precis\u00e3o dos Materiais<\/h3>\n<p>Os materiais que aparecem no PDF ChatUp ou em nosso site n\u00e3o s\u00e3o completos e servem apenas para fins de informa\u00e7\u00e3o geral. Na medida permitida por lei, Fabudable Technologies Ltd n\u00e3o garante nem faz qualquer representa\u00e7\u00e3o relativa \u00e0 precis\u00e3o, resultados prov\u00e1veis ou confiabilidade do uso dos materiais em PDF ChatUp ou em nosso site, ou de outra forma relacionada a tais materiais ou em quaisquer recursos. vinculado ao PDF ChatUp e ao nosso site.<\/p>\n<h3 id=\"links\">Liga\u00e7\u00f5es<\/h3>\n<p>A Fabudable Technologies Ltd n\u00e3o revisou todos os sites vinculados ao PDF ChatUp ou em seu site correspondente e n\u00e3o \u00e9 respons\u00e1vel pelo conte\u00fado de qualquer site vinculado. A inclus\u00e3o de qualquer link n\u00e3o implica endosso, aprova\u00e7\u00e3o ou controle por Fabudable Technologies Ltd do site. O uso de qualquer site vinculado \u00e9 por sua conta e risco e recomendamos fortemente que voc\u00ea fa\u00e7a suas pr\u00f3prias investiga\u00e7\u00f5es com rela\u00e7\u00e3o \u00e0 adequa\u00e7\u00e3o desses sites.<\/p>\n<h3 id=\"notice-regarding-apple\">Aviso sobre a Apple<\/h3>\n<p>Na medida em que voc\u00ea usa ou acessa o PDF ChatUp em um dispositivo iOS, voc\u00ea reconhece e concorda com os termos desta cl\u00e1usula. Voc\u00ea reconhece que estes Termos de Servi\u00e7o s\u00e3o celebrados apenas entre voc\u00ea e a Fabudable Technologies Ltd, n\u00e3o com a Apple Inc. (Apple), e a Apple n\u00e3o \u00e9 respons\u00e1vel pelo PDF ChatUp e por quaisquer materiais dispon\u00edveis no PDF ChatUp.<\/p>\n<p>A Apple n\u00e3o tem obriga\u00e7\u00e3o de fornecer quaisquer servi\u00e7os de manuten\u00e7\u00e3o e suporte com rela\u00e7\u00e3o ao PDF ChatUp.<\/p>\n<p>Se o PDF ChatUp n\u00e3o estiver em conformidade com qualquer garantia aplic\u00e1vel, voc\u00ea poder\u00e1 notificar a Apple e a Apple reembolsar\u00e1 o pre\u00e7o de compra do aplicativo m\u00f3vel para voc\u00ea. Na extens\u00e3o m\u00e1xima permitida pela lei aplic\u00e1vel, a Apple n\u00e3o ter\u00e1 nenhuma outra obriga\u00e7\u00e3o de garantia com rela\u00e7\u00e3o ao PDF ChatUp e quaisquer outras reclama\u00e7\u00f5es, perdas, responsabilidades, danos, custos ou despesas atribu\u00edveis a qualquer falha no cumprimento de qualquer garantia ser\u00e3o de nossa responsabilidade.<\/p>\n<p>A Apple n\u00e3o \u00e9 respons\u00e1vel por resolver quaisquer reclama\u00e7\u00f5es feitas por voc\u00ea ou por terceiros relacionadas ao PDF ChatUp ou ao uso do PDF ChatUp, incluindo, entre outras, (1) reclama\u00e7\u00f5es de responsabilidade pelo produto; (2) qualquer reclama\u00e7\u00e3o de que nosso aplicativo m\u00f3vel n\u00e3o est\u00e1 em conformidade com qualquer requisito legal ou regulat\u00f3rio aplic\u00e1vel; e (3) reclama\u00e7\u00f5es decorrentes de prote\u00e7\u00e3o ao consumidor ou legisla\u00e7\u00e3o similar.<\/p>\n<p>A Apple n\u00e3o \u00e9 respons\u00e1vel pela investiga\u00e7\u00e3o, defesa, resolu\u00e7\u00e3o e quita\u00e7\u00e3o de qualquer reclama\u00e7\u00e3o de terceiros de que nosso aplicativo m\u00f3vel infringe os direitos de propriedade intelectual de terceiros.<\/p>\n<p>Voc\u00ea concorda em cumprir quaisquer termos aplic\u00e1veis de terceiros ao usar o PDF ChatUp, incluindo quaisquer Regras de Uso estabelecidas no Contrato de Servi\u00e7o da Apple App Store.<\/p>\n<p>A Apple e as subsidi\u00e1rias da Apple s\u00e3o terceiros benefici\u00e1rios destes Termos de Servi\u00e7o e, mediante sua aceita\u00e7\u00e3o destes Termos de Servi\u00e7o, a Apple ter\u00e1 o direito (e ser\u00e1 considerado como tendo aceitado o direito) de fazer cumprir estes Termos de Servi\u00e7o contra voc\u00ea como um terceiro benefici\u00e1rio destes Termos de Servi\u00e7o.<\/p>\n<p>Voc\u00ea declara e garante que (1) n\u00e3o est\u00e1 localizado em um pa\u00eds sujeito a um embargo do governo dos EUA ou que tenha sido designado pelo governo dos EUA como um pa\u00eds \u201capoiador do terrorismo\u201d; e (2) voc\u00ea n\u00e3o est\u00e1 listado em nenhuma lista do governo dos EUA de partes proibidas ou restritas.<\/p>\n<h3 id=\"right-to-terminate\">Direito de rescindir<\/h3>\n<p>Poderemos suspender ou encerrar sua conta do PDF ChatUp e seu direito de usar o PDF ChatUp e estes Termos de Servi\u00e7o imediatamente mediante notifica\u00e7\u00e3o por escrito a voc\u00ea por qualquer viola\u00e7\u00e3o destes Termos de Servi\u00e7o.<\/p>\n<h3 id=\"severance\">Separa\u00e7\u00e3o<\/h3>\n<p>Qualquer termo destes Termos de Servi\u00e7o que seja total ou parcialmente nulo ou inexequ\u00edvel ser\u00e1 rescindido na medida em que for nulo ou inexequ\u00edvel. A validade do restante destes Termos de Servi\u00e7o n\u00e3o ser\u00e1 afetada.<\/p>\n<h3 id=\"governing-law\">Lei Aplic\u00e1vel<\/h3>\n<p>Estes Termos de Servi\u00e7o s\u00e3o regidos e interpretados de acordo com as leis de Londres, Reino Unido. Voc\u00ea se submete irrevogavelmente \u00e0 jurisdi\u00e7\u00e3o exclusiva dos tribunais naquele estado ou localidade.<\/p>\n\n\t\t<\/div>\n\t<\/div>\n<\/div><\/div><\/div><\/section><div class=\"vc_row-full-width vc_clearfix\"><\/div>\n<\/section>","protected":false},"excerpt":{"rendered":"Termos de Servi\u00e7o Estes Termos de Servi\u00e7o regem o uso do PDF ChatUp, nosso site localizado em https:\/\/pdfchatup.com, e quaisquer servi\u00e7os relacionados fornecidos pela Fabudable Technologies Ltd. Quando voc\u00ea cria uma conta do PDF ChatUp ou usa o PDF ChatUp, voc\u00ea. ..","protected":false},"author":1,"featured_media":0,"parent":0,"menu_order":0,"comment_status":"closed","ping_status":"closed","template":"","meta":{"footnotes":""},"class_list":["post-1828","page","type-page","status-publish","hentry","no-post-thumbnail"],"aioseo_notices":[],"_links":{"self":[{"href":"https:\/\/pdfchatup.com\/pt\/wp-json\/wp\/v2\/pages\/1828","targetHints":{"allow":["GET"]}}],"collection":[{"href":"https:\/\/pdfchatup.com\/pt\/wp-json\/wp\/v2\/pages"}],"about":[{"href":"https:\/\/pdfchatup.com\/pt\/wp-json\/wp\/v2\/types\/page"}],"author":[{"embeddable":true,"href":"https:\/\/pdfchatup.com\/pt\/wp-json\/wp\/v2\/users\/1"}],"replies":[{"embeddable":true,"href":"https:\/\/pdfchatup.com\/pt\/wp-json\/wp\/v2\/comments?post=1828"}],"version-history":[{"count":8,"href":"https:\/\/pdfchatup.com\/pt\/wp-json\/wp\/v2\/pages\/1828\/revisions"}],"predecessor-version":[{"id":2817,"href":"https:\/\/pdfchatup.com\/pt\/wp-json\/wp\/v2\/pages\/1828\/revisions\/2817"}],"wp:attachment":[{"href":"https:\/\/pdfchatup.com\/pt\/wp-json\/wp\/v2\/media?parent=1828"}],"curies":[{"name":"wp","href":"https:\/\/api.w.org\/{rel}","templated":true}]}}