{"id":65,"date":"2019-03-17T08:19:31","date_gmt":"2019-03-17T08:19:31","guid":{"rendered":"https:\/\/jthemes.net\/themes\/wp\/nextapp\/?page_id=65"},"modified":"2023-12-29T08:01:31","modified_gmt":"2023-12-29T08:01:31","slug":"layout-05","status":"publish","type":"page","link":"https:\/\/pdfchatup.com\/fr\/","title":{"rendered":"Acceuil"},"content":{"rendered":"<section class=\"wpb-content-wrapper\"><section id=\"hero-5\" data-vc-full-width=\"false\" data-vc-full-width-init=\"false\" data-vc-parallax-image=\"https:\/\/pdfchatup.com\/wp-content\/themes\/nextapp\/images\/banner-1.jpg\" data-opacity=\"1\" data-size=\"cover\" data-width=\"100%\" data-position=\"cover\" data-repeat=\"cover\" data-attachment=\"inherit\" class=\"bg-custom hero-section vc_section-has-fill vc_custom_1687596943437\"><div class=\"container\"><div class=\"vc_row wpb_row vc_row-fluid bg-tra bg-inherit vc_row-o-content-middle vc_row-flex\"><div class=\"wpb_column vc_col-sm-6 bg-tra\">\r\n        <div class=\"hero-txt white-color text-center\"> \r\n            <div class=\"hero-app-logo\"><div class=\"d-flex align-items-center\"><span>PDFChatUp<\/span><img loading=\"lazy\" decoding=\"async\" class=\"img-fluid\" width=\"90\" height=\"90\"  src=\"https:\/\/pdfchatup.com\/wp-content\/uploads\/2023\/06\/Logo-RoundedCorners.png\" alt=\"Lien image externe\" \/><\/div><\/div>\r\n                     \r\n            \r\n            <h5 class=\"Default h5-lg none\">Discutez avec des documents PDF et bien plus encore* gr\u00e2ce \u00e0 la puissance de l'IA ! Interagissez avec vos documents comme jamais auparavant.<\/h5> \r\n            \r\n                        \r\n            \r\n                        \r\n                        \r\n            <div class=\"stores-badge\">\r\n                <a target=\"_blank\"  href=\"https:\/\/apps.apple.com\/app\/pdf-chatup\/id6450009868\"  title=\"Magasin d&#039;applications\"  class=\"img-btn default-hover store btn-type-light\"><span><img decoding=\"async\" src=\"https:\/\/pdfchatup.com\/wp-content\/themes\/nextapp\/images\/appstore.png\" alt=\"Magasin d&#039;applications\" class=\"store-btn\" width=\"160\"><\/span><\/a><a target=\"_blank\"  href=\"https:\/\/play.google.com\/store\/apps\/details?id=com.fabudable.pdfchatup\"  title=\"Jeu de Google\"  class=\"img-btn default-hover store btn-type-light\"><span><img decoding=\"async\" src=\"https:\/\/pdfchatup.com\/wp-content\/themes\/nextapp\/images\/googleplay.png\" alt=\"Jeu de Google\" class=\"store-btn\" width=\"160\"><\/span><\/a>\r\n                <span class=\"os-version\">Les documents pris en charge incluent\u00a0; &#039;.docx&#039;, &#039;.pptx&#039;, &#039;.epub&#039;, &#039;.md&#039;, &#039;.txt&#039; et &#039;.odt&#039;<\/span>\r\n            <\/div>      \r\n        <\/div><\/div><div class=\"wpb_column vc_col-sm-1 bg-tra\"><\/div><div class=\"wpb_column vc_col-sm-5 bg-tra\">\r\n        <div class=\"pl-80  hero-5-img\"> \r\n        <img loading=\"lazy\" decoding=\"async\" class=\"vc_single_image-img img-fluid\" width=\"323\" height=\"500\"  src=\"https:\/\/pdfchatup.com\/wp-content\/uploads\/2023\/06\/Hero-v1.png\" alt=\"Image externe\" \/>\r\n        <\/div><\/div><\/div><\/div><\/section><div class=\"vc_row-full-width vc_clearfix\"><\/div><section id=\"info-2\" data-vc-full-width=\"false\" data-vc-full-width-init=\"false\" data-vc-parallax-image=\"https:\/\/pdfchatup.com\/wp-content\/themes\/nextapp\/images\/banner-1.jpg\" data-opacity=\"1\" data-size=\"cover\" data-width=\"100%\" data-position=\"cover\" data-repeat=\"cover\" data-attachment=\"inherit\" class=\"bg-white wide-60 info-2-row info-section\"><div class=\"vc_section_id\" id=\"about\"><\/div><div class=\"container\"><div class=\"vc_row wpb_row vc_row-fluid bg-tra bg-inherit vc_row-o-content-middle vc_row-flex\"><div class=\"wpb_column vc_col-sm-6 bg-tra\">\r\n        <div class=\"mb-40 pl-45  img-block  wow perch-fadeInUp fadeInUp\" data-wow-delay=\"300ms\" data-wow-duration=\"1200ms\"> \r\n        <img loading=\"lazy\" decoding=\"async\" class=\"vc_single_image-img img-fluid\" width=\"435\" height=\"700\"  src=\"https:\/\/pdfchatup.com\/wp-content\/uploads\/2023\/06\/PDFChatUpAppHomeV2.png\" alt=\"Image externe\" \/>\r\n        <\/div><\/div><div class=\"wpb_column vc_col-sm-6 bg-tra\">\r\n        <div class=\"mb-40 pl-45 pr-45  txt-block\"> \r\n        \t\r\n            <span class=\"section-id id-color  wow perch-fadeInUp fadeInUp\" data-wow-delay=\"300ms\" data-wow-duration=\"1200ms\">Complexit\u00e9 simplifi\u00e9e<\/span>         \r\n            <h3 class=\"Default h3-lg none  wow perch-fadeInUp fadeInUp\" data-wow-delay=\"400ms\" data-wow-duration=\"1200ms\">Votre assistant personnel<\/h3>\r\n             \r\n            \r\n            <ul class=\"txt-list mb-35 single-column-list\"><li class=\"wow perch-fadeInUp fadeInUp\" data-wow-delay=\"600ms\" data-wow-duration=\"1200ms\">Utilisez l&#039;IA pour transformer chaque document en un dialogue r\u00e9actif et intelligent<\/li><li class=\"wow perch-fadeInUp fadeInUp\" data-wow-delay=\"700ms\" data-wow-duration=\"1200ms\">Obtenez des r\u00e9sum\u00e9s concis de documents volumineux, r\u00e9v\u00e9lant les informations essentielles<\/li><li class=\"wow perch-fadeInUp fadeInUp\" data-wow-delay=\"800ms\" data-wow-duration=\"1200ms\">Les informations dont vous avez besoin, \u00e9tay\u00e9es par la fiabilit\u00e9 de vos documents originaux avec des r\u00e9f\u00e9rences et des citations pertinentes<\/li><li class=\"wow perch-fadeInUp fadeInUp\" data-wow-delay=\"900ms\" data-wow-duration=\"1200ms\">Analysez les similitudes, mettez en \u00e9vidence les diff\u00e9rences et trouvez des informations uniques<\/li><\/ul>            \r\n            \r\n                        \r\n                        \r\n            <div class=\"stores-badge  wow perch-fadeInUp fadeInUp\" data-wow-delay=\"1000ms\" data-wow-duration=\"1200ms\">\r\n                <a target=\"_self\"  href=\"#\"  title=\"En savoir plus\"  class=\"btn btn-tra-white tra-hover default-hover store btn-type-light\"><span>En savoir plus<\/span><\/a>\r\n                \r\n            <\/div>      \r\n        <\/div><\/div><\/div><\/div><\/section><div class=\"vc_row-full-width vc_clearfix\"><\/div><section id=\"process-3\" data-vc-full-width=\"false\" data-vc-full-width-init=\"false\" data-vc-parallax-image=\"https:\/\/pdfchatup.com\/wp-content\/themes\/nextapp\/images\/banner-1.jpg\" data-opacity=\"1\" data-size=\"cover\" data-width=\"100%\" data-position=\"cover\" data-repeat=\"cover\" data-attachment=\"fixed\" class=\"bg-dark wide-60 white-color process-section bg-fixed\"><div class=\"vc_section_id\" id=\"how\"><\/div><div class=\"container\"><div class=\"vc_row wpb_row vc_row-fluid bg-tra bg-cover vc_row-o-content-middle vc_row-flex\"><div class=\"wpb_column vc_col-sm-1 bg-tra\"><\/div><div class=\"wpb_column vc_col-sm-10 bg-tra\">\r\n        <div class=\"section-title text-center\">\r\n            <h3 class=\"h3-lg\">Comment \u00e7a fonctionne<\/h3>\r\n            <p class=\"p-md\">Cr\u00e9ez\/Formez un chatbot personnalis\u00e9 pour r\u00e9pondre aux questions sur vos documents PDF, en quelques \u00e9tapes simples<\/p>         \r\n        <\/div><\/div><div class=\"wpb_column vc_col-sm-1 bg-tra\"><\/div><\/div><div class=\"vc_row wpb_row vc_row-fluid bg-tra bg-cover vc_row-o-content-middle vc_row-flex\"><div class=\"wpb_column vc_col-sm-12 bg-tra\">\r\n        <div >                      \r\n            <div id=\"process-3-type\"><div class=\"row\"><div id=\"step-1\" class=\"col-sm-4\"><div class=\"pbox-3 text-center icon-xs\">\r\n                <div class=\"pbox-icon\"  style=\"background-color: rgba(150,150,150,0.2)\">\r\n            <img decoding=\"async\" src=\"https:\/\/pdfchatup.com\/wp-content\/uploads\/2023\/06\/Step1-Illustration.png\" alt=\"S\u00e9lectionnez les fichiers PDF\" width=\"70\" class=\"img-fluid\">\r\n        <\/div>\r\n                <h5 class=\"h5-sm\">S\u00e9lectionnez les fichiers PDF<\/h5>\r\n                <p>Choisissez la liste des documents que vous souhaitez interroger<\/p>                \r\n            <\/div><\/div><div id=\"step-2\" class=\"col-sm-4\"><div class=\"pbox-3 text-center icon-xs\">\r\n                <div class=\"pbox-icon\"  style=\"background-color: rgba(150,150,150,0.2)\">\r\n            <img decoding=\"async\" src=\"https:\/\/pdfchatup.com\/wp-content\/uploads\/2023\/06\/Step2-Illustration-v2.png\" alt=\"Nommez le chatbot\" width=\"70\" class=\"img-fluid\">\r\n        <\/div>\r\n                <h5 class=\"h5-sm\">Nommez le chatbot<\/h5>\r\n                <p>Attribuez un nom au chatbot personnalis\u00e9<\/p>                \r\n            <\/div><\/div><div id=\"step-3\" class=\"col-sm-4 column-last\"><div class=\"pbox-3 text-center icon-xs\">\r\n                <div class=\"pbox-icon\"  style=\"background-color: rgba(150,150,150,0.2)\">\r\n            <img decoding=\"async\" src=\"https:\/\/pdfchatup.com\/wp-content\/uploads\/2023\/06\/Step3-Illustration.png\" alt=\"Commencer \u00e0 discuter\" width=\"70\" class=\"img-fluid\">\r\n        <\/div>\r\n                <h5 class=\"h5-sm\">Commencer \u00e0 discuter<\/h5>\r\n                <p>Posez au chatbot des questions li\u00e9es \u00e0 vos documents<\/p>                \r\n            <\/div><\/div><\/div><\/div>     \r\n        <\/div><\/div><\/div><\/div><\/section><div class=\"vc_row-full-width vc_clearfix\"><\/div><section id=\"info-12\" data-vc-full-width=\"false\" data-vc-full-width-init=\"false\" data-vc-parallax-image=\"https:\/\/pdfchatup.com\/wp-content\/themes\/nextapp\/images\/banner-1.jpg\" data-opacity=\"1\" data-size=\"cover\" data-width=\"100%\" data-position=\"cover\" data-repeat=\"cover\" data-attachment=\"inherit\" class=\"bg-white wide-100 info-12-row info-section\"><div class=\"vc_section_id\" id=\"why\"><\/div><div class=\"container\"><div class=\"vc_row wpb_row vc_row-fluid bg-tra bg-cover vc_row-o-content-middle vc_row-flex\"><div class=\"wpb_column vc_col-sm-12 bg-tra\">\r\n        <div >                      \r\n            <div class=\"row\"><div class=\"row d-flex align-items-center\"><div class=\"col-md-6\"><div class=\"txt-block pc-45\"><div id=\"list-tab-69d1f4b6922bd\" class=\"list-group\" role=\"tablist\"><a id=\"tab1-list-69d1f4b6922bd\" class=\"list-group-item list-group-item-action active\" data-toggle=\"list\" href=\"#tab-1-69d1f4b6922bd\" role=\"tab\" aria-controls=\"tab-1-69d1f4b6922bd\"><div class=\"ibox-5\">               \r\n                <h5 class=\"h5-sm\">Rapports financiers<\/h5>\r\n                <p>Perdu dans le labyrinthe du jargon financier ? Notre application est votre bou\u00e9e de sauvetage. Interagissez avec vos rapports financiers et d\u00e9m\u00ealez des donn\u00e9es complexes.<\/p>                \r\n            <\/div><\/a><a id=\"tab2-list-69d1f4b6922bd\" class=\"list-group-item list-group-item-action\" data-toggle=\"list\" href=\"#tab-2-69d1f4b6922bd\" role=\"tab\" aria-controls=\"tab-2-69d1f4b6922bd\"><div class=\"ibox-5\">               \r\n                <h5 class=\"h5-sm\">Articles scientifiques<\/h5>\r\n                <p>Utilisez notre application pour transformer chaque document de recherche en un dialogue \u00e9clairant. Diss\u00e9quez des th\u00e9ories complexes et dig\u00e9rez des r\u00e9sultats exp\u00e9rimentaux complets.<\/p>                \r\n            <\/div><\/a><a id=\"tab3-list-69d1f4b6922bd\" class=\"list-group-item list-group-item-action\" data-toggle=\"list\" href=\"#tab-3-69d1f4b6922bd\" role=\"tab\" aria-controls=\"tab-3-69d1f4b6922bd\"><div class=\"ibox-5\">               \r\n                <h5 class=\"h5-sm\">Accords juridiques<\/h5>\r\n                <p>Naviguez facilement dans un jargon juridique complexe\u00a0! Laissez notre IA d\u00e9mystifier les contrats denses, diss\u00e9quer les petits caract\u00e8res et traduire le jargon juridique en langage courant.<\/p>                \r\n            <\/div><\/a><\/div><\/div><\/div>\t<!-- END TEXT BLOCK --><div class=\"col-md-6\"><div class=\"info-img text-center pr-45\"><div id=\"nav-tabContent-69d1f4b6922bd\" class=\"tab-content\"><div id=\"tab-1-69d1f4b6922bd\" class=\"tab-pane show active\" role=\"tabpanel\" aria-labelledby=\"tab1-list-69d1f4b6922bd\"><img loading=\"lazy\" decoding=\"async\" class=\"vc_single_image-img img-fluid\" width=\"450\" height=\"450\"  src=\"https:\/\/pdfchatup.com\/wp-content\/uploads\/2023\/06\/Finance-illustrationV2.png\" alt=\"Image externe\" \/><\/div><div id=\"tab-2-69d1f4b6922bd\" class=\"tab-pane\" role=\"tabpanel\" aria-labelledby=\"tab2-list-69d1f4b6922bd\"><img loading=\"lazy\" decoding=\"async\" class=\"vc_single_image-img img-fluid\" width=\"450\" height=\"450\"  src=\"https:\/\/pdfchatup.com\/wp-content\/uploads\/2023\/06\/Science-illustration.png\" alt=\"Image externe\" \/><\/div><div id=\"tab-3-69d1f4b6922bd\" class=\"tab-pane\" role=\"tabpanel\" aria-labelledby=\"tab3-list-69d1f4b6922bd\"><img loading=\"lazy\" decoding=\"async\" class=\"vc_single_image-img img-fluid\" width=\"450\" height=\"450\"  src=\"https:\/\/pdfchatup.com\/wp-content\/uploads\/2023\/06\/Law-illustration.png\" alt=\"Image externe\" \/><\/div><\/div><\/div><\/div><!-- END IMAGE BLOCK --><\/div><\/div>     \r\n        <\/div><\/div><\/div><\/div><\/section><div class=\"vc_row-full-width vc_clearfix\"><\/div><section id=\"faqs-2\" data-vc-full-width=\"false\" data-vc-full-width-init=\"false\" data-vc-parallax-image=\"https:\/\/pdfchatup.com\/wp-content\/themes\/nextapp\/images\/banner-1.jpg\" data-opacity=\"1\" data-size=\"cover\" data-width=\"100%\" data-position=\"cover\" data-repeat=\"cover\" data-attachment=\"inherit\" class=\"bg-lightdark wide-60 white-color faqs-section\"><div class=\"vc_section_id\" id=\"faqs\"><\/div><div class=\"container\"><div class=\"vc_row wpb_row vc_row-fluid bg-tra bg-cover vc_row-o-content-middle vc_row-flex\"><div class=\"wpb_column vc_col-sm-1 bg-tra\"><\/div><div class=\"wpb_column vc_col-sm-10 bg-tra\">\r\n        <div class=\"section-title text-center\">\r\n            <h3 class=\"h3-lg\">Questions fr\u00e9quemment pos\u00e9es<\/h3>\r\n            <p class=\"p-md\">R\u00e9ponses aux questions courantes sur notre service<\/p>         \r\n        <\/div><\/div><div class=\"wpb_column vc_col-sm-1 bg-tra\"><\/div><\/div><div class=\"vc_row wpb_row vc_row-fluid bg-tra bg-cover vc_row-o-content-middle vc_row-flex\"><div class=\"wpb_column vc_col-sm-6 bg-tra\">\r\n        <div class=\"questions-holder question\"> \r\n                   \r\n                   \r\n            <h5 class=\"Default h5-xs none os-version\">Mes donn\u00e9es sont-elles en s\u00e9curit\u00e9 ?<\/h5>\r\n            <p class=\"Default none os-version\">Vos fichiers sont crypt\u00e9s pendant le transit et stock\u00e9s sur une infrastructure enti\u00e8rement g\u00e9r\u00e9e et s\u00e9curis\u00e9e. Notre fournisseur de stockage est certifi\u00e9 SOC2 Type 2 (une certification bas\u00e9e sur le cadre COSO et a \u00e9t\u00e9 audit\u00e9e par un cabinet externe Big4 CPA).<\/p>         \r\n        <\/div>\r\n        <div class=\"questions-holder question\"> \r\n                   \r\n                   \r\n            <h5 class=\"Default h5-xs none os-version\">J&#039;ai remarqu\u00e9 un bogue ou une erreur dans l&#039;application. O\u00f9 puis-je envoyer des commentaires\u00a0?<\/h5>\r\n            <p class=\"Default none os-version\">Veuillez remplir notre formulaire de contact ou envoyer un e-mail \u00e0 bug@fabudable.com, en incluant autant de d\u00e9tails que possible. Nous les appr\u00e9cions vraiment, alors merci d&#039;avance\u00a0! \ud83d\ude42<\/p>         \r\n        <\/div><\/div><div class=\"wpb_column vc_col-sm-6 bg-tra\">\r\n        <div class=\"questions-holder question\"> \r\n                   \r\n                   \r\n            <h5 class=\"Default h5-xs none os-version\">Quels types de documents PDF ChatUp prend-il en charge\u00a0?<\/h5>\r\n            <p class=\"Default none os-version\">\u00c0 l&#039;heure actuelle, les documents pris en charge comprennent\u00a0: \u00ab .docx \u00bb, \u00ab .pptx \u00bb, \u00ab .epub \u00bb, \u00ab .md \u00bb, \u00ab .txt \u00bb et \u00ab .odt \u00bb. Faites-nous savoir si vous souhaitez que nous ajoutions d&#039;autres types de documents.<\/p>         \r\n        <\/div>\r\n        <div class=\"questions-holder question\"> \r\n                   \r\n                   \r\n            <h5 class=\"Default h5-xs none os-version\">J&#039;aime PDF ChatUp, comment puis-je aider ?<\/h5>\r\n            <p class=\"Default none os-version\">C&#039;est fantastique! Vous pouvez aider en partageant simplement l&#039;application avec vos amis et votre famille, en signalant les bogues\/inexactitudes que vous rencontrez dans l&#039;application, en envoyant des suggestions d&#039;am\u00e9lioration ou en devenant un sp\u00e9cialiste du marketing affili\u00e9. (Veuillez nous contacter pour en discuter).<\/p>         \r\n        <\/div><\/div><\/div><div class=\"vc_row wpb_row vc_row-fluid bg-tra bg-cover vc_row-o-content-middle vc_row-flex\"><div class=\"wpb_column vc_col-sm-12 bg-tra\">\n\t<div class=\"wpb_text_column wpb_content_element  vc_custom_1687616216206\" >\n\t\t<div class=\"wpb_wrapper\">\n\t\t\t<div class=\"more-questions wow fadeInUp\" style=\"visibility: visible;\">\n<h5 class=\"h5-xs\" style=\"text-align: center;\">Vous avez encore une question ? <a href=\"https:\/\/pdfchatup.com\/fr\/contactez-nous\/\">Contactez-nous ici<\/a><\/h5>\n<\/div>\n\n\t\t<\/div>\n\t<\/div>\n<\/div><\/div><\/div><\/section><div class=\"vc_row-full-width vc_clearfix\"><\/div>\n<\/section>","protected":false},"excerpt":{"rendered":"PDFChatUp Discutez avec des documents PDF et plus encore* en d\u00e9placement gr\u00e2ce \u00e0 la puissance de l&#039;IA\u00a0! Interagissez avec vos documents comme jamais auparavant. Les documents pris en charge incluent\u00a0: La complexit\u00e9 des fichiers &#039;.docx&#039;, &#039;.pptx&#039;, &#039;.epub&#039;, &#039;.md&#039;, &#039;.txt&#039; et &#039;.odt&#039; a simplifi\u00e9 votre assistant de documents personnels. Utilisez l&#039;IA...","protected":false},"author":1,"featured_media":0,"parent":0,"menu_order":0,"comment_status":"closed","ping_status":"closed","template":"","meta":{"footnotes":""},"class_list":["post-65","page","type-page","status-publish","hentry","no-post-thumbnail"],"aioseo_notices":[],"_links":{"self":[{"href":"https:\/\/pdfchatup.com\/fr\/wp-json\/wp\/v2\/pages\/65","targetHints":{"allow":["GET"]}}],"collection":[{"href":"https:\/\/pdfchatup.com\/fr\/wp-json\/wp\/v2\/pages"}],"about":[{"href":"https:\/\/pdfchatup.com\/fr\/wp-json\/wp\/v2\/types\/page"}],"author":[{"embeddable":true,"href":"https:\/\/pdfchatup.com\/fr\/wp-json\/wp\/v2\/users\/1"}],"replies":[{"embeddable":true,"href":"https:\/\/pdfchatup.com\/fr\/wp-json\/wp\/v2\/comments?post=65"}],"version-history":[{"count":70,"href":"https:\/\/pdfchatup.com\/fr\/wp-json\/wp\/v2\/pages\/65\/revisions"}],"predecessor-version":[{"id":3160,"href":"https:\/\/pdfchatup.com\/fr\/wp-json\/wp\/v2\/pages\/65\/revisions\/3160"}],"wp:attachment":[{"href":"https:\/\/pdfchatup.com\/fr\/wp-json\/wp\/v2\/media?parent=65"}],"curies":[{"name":"wp","href":"https:\/\/api.w.org\/{rel}","templated":true}]}}