{"id":2837,"date":"2023-06-23T21:02:52","date_gmt":"2023-06-23T21:02:52","guid":{"rendered":"https:\/\/pdfchatup.com\/?page_id=2837"},"modified":"2024-10-12T13:23:31","modified_gmt":"2024-10-12T13:23:31","slug":"change-log","status":"publish","type":"page","link":"https:\/\/pdfchatup.com\/fr\/journal-des-modifications\/","title":{"rendered":"Journal des modifications"},"content":{"rendered":"<p class=\"has-text-align-center\">Comme son titre l&#039;indique, cette page suit les modifications (qu&#039;il s&#039;agisse de corrections de bogues ou d&#039;ajouts de fonctionnalit\u00e9s) apport\u00e9es \u00e0 l&#039;application.<\/p>\n\n\n\n<h2 class=\"wp-block-heading\" id=\"block-9ff1bd47-de4a-456f-bef4-3e19bb3041ec\">Version 1.9.2 | <code>Derni\u00e8re version<\/code><\/h2>\n\n\n\n<ul id=\"block-fbf9579d-95a4-4f23-8536-d3a8ecd9d0b6\" class=\"wp-block-list\">\n<li>Corrections de bugs importantes et am\u00e9liorations des performances<\/li>\n\n\n\n<li>Am\u00e9liorations mineures de l&#039;interface utilisateur\/exp\u00e9rience utilisateur<\/li>\n<\/ul>\n\n\n\n<h2 class=\"wp-block-heading\" id=\"block-9ff1bd47-de4a-456f-bef4-3e19bb3041ec\">Version 1.9.1<\/h2>\n\n\n\n<ul id=\"block-fbf9579d-95a4-4f23-8536-d3a8ecd9d0b6\" class=\"wp-block-list\">\n<li>Diverses corrections de bugs et am\u00e9liorations des performances<\/li>\n<\/ul>\n\n\n\n<h2 class=\"wp-block-heading\" id=\"block-9ff1bd47-de4a-456f-bef4-3e19bb3041ec\">Version 1.8.4<\/h2>\n\n\n\n<ul id=\"block-fbf9579d-95a4-4f23-8536-d3a8ecd9d0b6\" class=\"wp-block-list\">\n<li>Fonctionnalit\u00e9s\/am\u00e9liorations de l&#039;application\u00a0:\n<ul class=\"wp-block-list\">\n<li>Affichage r\u00e9activ\u00e9 du r\u00e9sum\u00e9 du document lors d&#039;une conversation avec des chatbots<\/li>\n<\/ul>\n<\/li>\n\n\n\n<li>Correctifs \/ Corrections de bugs\u00a0:\n<ul class=\"wp-block-list\">\n<li>Correction d&#039;un probl\u00e8me avec les \u00e9l\u00e9ments transcrits n&#039;apparaissant pas au red\u00e9marrage de l&#039;application<\/li>\n\n\n\n<li>Autres correctifs mineurs et am\u00e9liorations des performances<\/li>\n<\/ul>\n<\/li>\n<\/ul>\n\n\n\n<h2 class=\"wp-block-heading\" id=\"block-9ff1bd47-de4a-456f-bef4-3e19bb3041ec\">Version 1.8.3<\/h2>\n\n\n\n<ul id=\"block-fbf9579d-95a4-4f23-8536-d3a8ecd9d0b6\" class=\"wp-block-list\">\n<li>Fonctionnalit\u00e9s\/am\u00e9liorations de l&#039;application\u00a0:\n<ul class=\"wp-block-list\">\n<li>Ajout du mode bascule .srt aux transcriptions AI<\/li>\n<\/ul>\n<\/li>\n\n\n\n<li>Correctifs \/ Corrections de bugs\u00a0:\n<ul class=\"wp-block-list\">\n<li>Correction d&#039;un probl\u00e8me avec la bo\u00eete de commentaires\/suggestions non modifiable<\/li>\n\n\n\n<li>Autres correctifs mineurs et am\u00e9liorations des performances<\/li>\n<\/ul>\n<\/li>\n<\/ul>\n\n\n\n<h2 class=\"wp-block-heading\" id=\"block-9ff1bd47-de4a-456f-bef4-3e19bb3041ec\">Version 1.8.2<\/h2>\n\n\n\n<ul id=\"block-fbf9579d-95a4-4f23-8536-d3a8ecd9d0b6\" class=\"wp-block-list\">\n<li>Fonctionnalit\u00e9s\/am\u00e9liorations de l&#039;application\u00a0:\n<ul class=\"wp-block-list\">\n<li>Ajout de la transcription AI dans la bo\u00eete \u00e0 outils \u2013 Convertir l&#039;audio en texte \u2728 NOUVEAU \u2728<\/li>\n\n\n\n<li>Ajout de l&#039;onglet \u00ab Historique des transactions \u00bb permettant aux utilisateurs de voir comment leurs cr\u00e9dits ont \u00e9t\u00e9 d\u00e9pens\u00e9s<\/li>\n<\/ul>\n<\/li>\n\n\n\n<li>Correctifs \/ Corrections de bugs\u00a0:\n<ul class=\"wp-block-list\">\n<li>Correction d&#039;un probl\u00e8me avec le spinner de chargement perp\u00e9tuel pour les objets IA<\/li>\n\n\n\n<li>Autres correctifs et am\u00e9liorations des performances<\/li>\n<\/ul>\n<\/li>\n<\/ul>\n\n\n\n<h2 class=\"wp-block-heading\" id=\"block-73b52f4d-df0b-42b1-82e5-bdbd7257635a\">Version 1.8.0<\/h2>\n\n\n\n<ul id=\"block-131f8bf0-82b7-415a-9179-4d6a0fc59e46\" class=\"wp-block-list\">\n<li>\ud83d\udea8\ud83d\udee0\ufe0f Mise \u00e0 jour de l&#039;application requise \ud83d\udea8<\/li>\n\n\n\n<li>Fonctionnalit\u00e9s\/am\u00e9liorations de l&#039;application\u00a0:\n<ul class=\"wp-block-list\">\n<li>Compl\u00e8tement remani\u00e9 le syst\u00e8me premium. \u00c9loignez-vous des abonnements au paiement par cr\u00e9dit.<\/li>\n\n\n\n<li>Autres correctifs et am\u00e9liorations des performances<\/li>\n<\/ul>\n<\/li>\n<\/ul>\n\n\n\n<h2 class=\"wp-block-heading\" id=\"block-73b52f4d-df0b-42b1-82e5-bdbd7257635a\">Version 1.7.6<\/h2>\n\n\n\n<ul id=\"block-131f8bf0-82b7-415a-9179-4d6a0fc59e46\" class=\"wp-block-list\">\n<li>Fonctionnalit\u00e9s\/am\u00e9liorations de l&#039;application\u00a0:\n<ul class=\"wp-block-list\">\n<li>Ajout de AI Quiz Maker dans la bo\u00eete \u00e0 outils \u2013 G\u00e9n\u00e9rez automatiquement des QCM \u00e0 partir de votre texte<\/li>\n\n\n\n<li>UI et UX modifi\u00e9s dans les sections de la bo\u00eete \u00e0 outils<\/li>\n<\/ul>\n<\/li>\n<\/ul>\n\n\n\n<h2 class=\"wp-block-heading\" id=\"block-73b52f4d-df0b-42b1-82e5-bdbd7257635a\">Version 1.7.5<\/h2>\n\n\n\n<ul id=\"block-131f8bf0-82b7-415a-9179-4d6a0fc59e46\" class=\"wp-block-list\">\n<li>Fonctionnalit\u00e9s\/am\u00e9liorations de l&#039;application\u00a0:\n<ul class=\"wp-block-list\">\n<li>Lien inclus vers le groupe Telegram dans l&#039;application<\/li>\n\n\n\n<li>Ajout d&#039;une vid\u00e9o de d\u00e9monstration pour la fonctionnalit\u00e9 Character AI<\/li>\n\n\n\n<li>Am\u00e9lioration des textes de l&#039;interface utilisateur sur la page de paiement<\/li>\n<\/ul>\n<\/li>\n\n\n\n<li>Correctifs \/ Corrections de bugs\u00a0:\n<ul class=\"wp-block-list\">\n<li>Diverses corrections de bugs et am\u00e9liorations des performances<\/li>\n<\/ul>\n<\/li>\n<\/ul>\n\n\n\n<h2 class=\"wp-block-heading\" id=\"block-73b52f4d-df0b-42b1-82e5-bdbd7257635a\">Version 1.7.4<\/h2>\n\n\n\n<ul id=\"block-131f8bf0-82b7-415a-9179-4d6a0fc59e46\" class=\"wp-block-list\">\n<li>Fonctionnalit\u00e9s\/am\u00e9liorations de l&#039;application\u00a0:\n<ul class=\"wp-block-list\">\n<li>Fonctionnalit\u00e9 de r\u00e9sum\u00e9 impl\u00e9ment\u00e9e dans la section bo\u00eete \u00e0 outils<\/li>\n<\/ul>\n<\/li>\n\n\n\n<li>Correctifs \/ Corrections de bugs\u00a0:\n<ul class=\"wp-block-list\">\n<li>Diverses corrections de bugs et am\u00e9liorations des performances<\/li>\n<\/ul>\n<\/li>\n<\/ul>\n\n\n\n<h2 class=\"wp-block-heading\" id=\"block-73b52f4d-df0b-42b1-82e5-bdbd7257635a\">Version 1.7.2<\/h2>\n\n\n\n<ul id=\"block-131f8bf0-82b7-415a-9179-4d6a0fc59e46\" class=\"wp-block-list\">\n<li>Fonctionnalit\u00e9s\/am\u00e9liorations de l&#039;application\u00a0:\n<ul class=\"wp-block-list\">\n<li>Divers polissages et actualisations de l&#039;UI et de l&#039;UX<\/li>\n<\/ul>\n<\/li>\n\n\n\n<li>Correctifs \/ Corrections de bugs\u00a0:\n<ul class=\"wp-block-list\">\n<li>Corrections de bogues mineurs et am\u00e9liorations des performances<\/li>\n<\/ul>\n<\/li>\n<\/ul>\n\n\n\n<h2 class=\"wp-block-heading\" id=\"block-73b52f4d-df0b-42b1-82e5-bdbd7257635a\">Version 1.7.1<\/h2>\n\n\n\n<ul id=\"block-131f8bf0-82b7-415a-9179-4d6a0fc59e46\" class=\"wp-block-list\">\n<li>Hot Fix \ud83d\udea8\ud83d\udee0\ufe0f \u2013 Correction de 2 bugs majeurs li\u00e9s \u00e0 une nouvelle fonctionnalit\u00e9 <\/li>\n\n\n\n<li>Fonctionnalit\u00e9s\/am\u00e9liorations de l&#039;application\u00a0:\n<ul class=\"wp-block-list\">\n<li>Ajout d&#039;une nouvelle section &#039;Bo\u00eete \u00e0 outils&#039;<\/li>\n\n\n\n<li>Ajout du chat AI Character permettant aux utilisateurs de discuter avec des personnages de leur litt\u00e9rature<\/li>\n<\/ul>\n<\/li>\n<\/ul>\n\n\n\n<h2 class=\"wp-block-heading\" id=\"block-73b52f4d-df0b-42b1-82e5-bdbd7257635a\">Version 1.7.0<\/h2>\n\n\n\n<ul id=\"block-131f8bf0-82b7-415a-9179-4d6a0fc59e46\" class=\"wp-block-list\">\n<li>Fonctionnalit\u00e9s\/am\u00e9liorations de l&#039;application\u00a0:\n<ul class=\"wp-block-list\">\n<li>Ajout d&#039;une nouvelle section &#039;Bo\u00eete \u00e0 outils&#039;<\/li>\n\n\n\n<li>Ajout du chat AI Character permettant aux utilisateurs de discuter avec des personnages de leur litt\u00e9rature<\/li>\n<\/ul>\n<\/li>\n<\/ul>\n\n\n\n<h2 class=\"wp-block-heading\" id=\"block-73b52f4d-df0b-42b1-82e5-bdbd7257635a\">Version 1.6.8<\/h2>\n\n\n\n<ul id=\"block-131f8bf0-82b7-415a-9179-4d6a0fc59e46\" class=\"wp-block-list\">\n<li>Fonctionnalit\u00e9s\/am\u00e9liorations de l&#039;application\u00a0:\n<ul class=\"wp-block-list\">\n<li>Ajout d&#039;un menu contextuel aux chatbots. Les utilisateurs peuvent d\u00e9sormais facilement supprimer les chatbots et les documents de la page d&#039;accueil en appuyant longuement<\/li>\n<\/ul>\n<\/li>\n\n\n\n<li>Correctifs \/ Corrections de bugs\u00a0:\n<ul class=\"wp-block-list\">\n<li>Correction d&#039;un probl\u00e8me avec les pages de r\u00e9f\u00e9rence du document qui s&#039;affichaient vides lors d&#039;un red\u00e9marrage profond de l&#039;application<\/li>\n\n\n\n<li>Autres corrections de bugs mineurs et am\u00e9liorations<\/li>\n<\/ul>\n<\/li>\n<\/ul>\n\n\n\n<h2 class=\"wp-block-heading\" id=\"block-73b52f4d-df0b-42b1-82e5-bdbd7257635a\">Version 1.6.7<\/h2>\n\n\n\n<ul id=\"block-131f8bf0-82b7-415a-9179-4d6a0fc59e46\" class=\"wp-block-list\">\n<li>Correctifs \/ Corrections de bugs\u00a0:\n<ul class=\"wp-block-list\">\n<li>Corrections de bugs mineurs et am\u00e9liorations<\/li>\n<\/ul>\n<\/li>\n<\/ul>\n\n\n\n<h2 class=\"wp-block-heading\" id=\"version-102--latest-release\">Version 1.6.6<\/h2>\n\n\n\n<ul class=\"wp-block-list\">\n<li>Fonctionnalit\u00e9s\/am\u00e9liorations de l&#039;application\u00a0:   \n<ul class=\"wp-block-list\">\n<li>Diverses am\u00e9liorations du flux UX<\/li>\n<\/ul>\n<\/li>\n\n\n\n<li>Correctifs \/ Corrections de bugs\u00a0: \n<ul class=\"wp-block-list\">\n<li>Corrections de bugs mineurs et am\u00e9liorations<\/li>\n<\/ul>\n<\/li>\n<\/ul>\n\n\n\n<h2 class=\"wp-block-heading\" id=\"version-102--latest-release\">Version 1.6.5<\/h2>\n\n\n\n<ul class=\"wp-block-list\">\n<li>Fonctionnalit\u00e9s\/am\u00e9liorations de l&#039;application\u00a0:   \n<ul class=\"wp-block-list\">\n<li>Augmentation des limites de messages quotidiens pour les utilisateurs premium\/pro<\/li>\n\n\n\n<li>Rationalisation du processus de suppression de compte<\/li>\n<\/ul>\n<\/li>\n\n\n\n<li>Correctifs \/ Corrections de bugs\u00a0: \n<ul class=\"wp-block-list\">\n<li>Corrections de bugs mineurs et am\u00e9liorations<\/li>\n<\/ul>\n<\/li>\n<\/ul>\n\n\n\n<h2 class=\"wp-block-heading\" id=\"version-102--latest-release\">Version 1.6.4<\/h2>\n\n\n\n<ul class=\"wp-block-list\">\n<li>Fonctionnalit\u00e9s\/am\u00e9liorations de l&#039;application\u00a0:   \n<ul class=\"wp-block-list\">\n<li>Prise en charge r\u00e9-ajout\u00e9e pour des types de fichiers suppl\u00e9mentaires, notamment\u00a0: \u00ab docx \u00bb, \u00ab pptx \u00bb, \u00ab epub \u00bb, \u00ab md \u00bb, \u00ab txt \u00bb, \u00ab odt \u00bb et \u00ab rtf \u00bb<\/li>\n\n\n\n<li>Changement de nom impl\u00e9ment\u00e9 de l&#039;historique des discussions<\/li>\n<\/ul>\n<\/li>\n\n\n\n<li>Correctifs \/ Corrections de bugs\u00a0: \n<ul class=\"wp-block-list\">\n<li>Impl\u00e9mentation d&#039;une gestion appropri\u00e9e des chatbots d\u00e9faillants<\/li>\n<\/ul>\n<\/li>\n<\/ul>\n\n\n\n<h2 class=\"wp-block-heading\" id=\"version-102--latest-release\">Version 1.6.3<\/h2>\n\n\n\n<ul class=\"wp-block-list\">\n<li>Am\u00e9liorations de l&#039;application\/correctifs\/corrections de bugs\u00a0: \n\n\n\n\n\n\n\n\n\n\n\n\n\n\n\n\n\n\n\n\n\n\n\n\n\n\n\n\n\n\n\n\n\n\n\n\n<ul class=\"wp-block-list\">\n<li>La langue par d\u00e9faut de l&#039;application lors du lancement initial de l&#039;application est d\u00e9sormais d\u00e9finie en fonction de la langue de l&#039;appareil<\/li>\n<\/ul>\n\n\n\n<ul class=\"wp-block-list\">\n<li>Autres corrections et am\u00e9liorations mineures<\/li>\n<\/ul>\n<\/li>\n<\/ul>\n\n\n\n<h2 class=\"wp-block-heading\" id=\"version-102--latest-release\">Version 1.6.2<\/h2>\n\n\n\n<ul class=\"wp-block-list\">\n<li>Am\u00e9liorations de l&#039;application\/correctifs\/corrections de bugs\u00a0: \n<ul class=\"wp-block-list\">\n<li>Correction d&#039;un bug o\u00f9 les utilisateurs professionnels n&#039;\u00e9taient parfois pas reconnus <\/li>\n\n\n\n<li>Impl\u00e9mentation de commentaires utiles aux utilisateurs une fois le quota quotidien atteint<\/li>\n\n\n\n<li>Affinement de la page de m\u00e9triques utilisateur<\/li>\n\n\n\n<li>Ajout de la prise en charge de langues suppl\u00e9mentaires<\/li>\n<\/ul>\n<\/li>\n<\/ul>\n\n\n\n<h2 class=\"wp-block-heading\" id=\"version-102--latest-release\">Version 1.6.1<\/h2>\n\n\n\n<ul class=\"wp-block-list\">\n<li>Correctifs \/ Corrections de bugs\u00a0: \n<ul class=\"wp-block-list\">\n<li>Correction d&#039;un probl\u00e8me mineur d&#039;interface utilisateur sur la page de mise \u00e0 niveau<\/li>\n\n\n\n<li>Impl\u00e9mentation d&#039;une gestion appropri\u00e9e des chatbots \u00ab\u00a0obsol\u00e8tes\u00a0\u00bb<\/li>\n<\/ul>\n<\/li>\n<\/ul>\n\n\n\n<h2 class=\"wp-block-heading\" id=\"version-102--latest-release\">Version 1.6.0<\/h2>\n\n\n\n<ul class=\"wp-block-list\">\n<li>Fonctionnalit\u00e9s\/am\u00e9liorations de l&#039;application\u00a0:   \n<ul class=\"wp-block-list\">\n<li>Modification du mod\u00e8le premium, passant d&#039;un abonnement mensuel \u00e0 des paiements uniques.<\/li>\n<\/ul>\n<\/li>\n\n\n\n<li>Correctifs et corrections de bogues\u00a0: \n<ul class=\"wp-block-list\">\n<li>Autres corrections de bogues mineurs et am\u00e9liorations des performances<\/li>\n<\/ul>\n<\/li>\n<\/ul>\n\n\n\n<h2 class=\"wp-block-heading\" id=\"version-102--latest-release\">Version 1.5.0<\/h2>\n\n\n\n<ul class=\"wp-block-list\">\n<li>Fonctionnalit\u00e9s et am\u00e9liorations de l&#039;application\u00a0:  \n\n\n\n\n<ul class=\"wp-block-list\">\n<li>Ajout de notifications push \u00e0 l&#039;application. Les utilisateurs sont d\u00e9sormais avertis lorsque la formation du chatbot est termin\u00e9e<\/li>\n\n\n\n<li>Les \u00e9l\u00e9ments de l&#039;historique des discussions affichent d\u00e9sormais le nom du chatbot correspondant<\/li>\n<\/ul>\n<\/li>\n\n\n\n<li>Correctifs et corrections de bogues\u00a0:\n\n\n\n\n<ul class=\"wp-block-list\">\n<li>Autres corrections de bugs majeurs et am\u00e9liorations des performances<\/li>\n<\/ul>\n<\/li>\n<\/ul>\n\n\n\n<h2 class=\"wp-block-heading\" id=\"version-102--latest-release\">Version 1.4.2<\/h2>\n\n\n\n<ul class=\"wp-block-list\">\n<li>Fonctionnalit\u00e9s et am\u00e9liorations de l&#039;application\u00a0:  \n\n\n\n\n\n\n\n\n\n\n\n\n\n\n\n\n\n\n\n\n\n\n\n\n\n\n\n\n\n\n\n\n\n\n\n\n\n\n\n\n\n\n\n\n\n\n<ul class=\"wp-block-list\">\n<li>Ajout de la prise en charge de l&#039;OCR pour le traitement des documents non interrogeables<\/li>\n<\/ul>\n\n\n\n<ul class=\"wp-block-list\">\n<li>UX et animations soign\u00e9es dans les sections des applications<\/li>\n<\/ul>\n<\/li>\n\n\n\n<li>Correctifs et corrections de bogues\u00a0:\n\n\n\n\n\n\n\n\n\n\n\n\n\n\n\n\n\n\n\n\n\n\n\n\n\n\n\n\n\n\n\n\n\n\n\n\n\n\n\n\n\n\n\n\n\n\n<ul class=\"wp-block-list\">\n<li>Correction de la cr\u00e9ation de Chatbot \u00e9chouant lorsque des fichiers avec des noms tr\u00e8s longs sont s\u00e9lectionn\u00e9s<\/li>\n<\/ul>\n\n\n\n<ul class=\"wp-block-list\">\n<li>Autres corrections de bugs majeurs et am\u00e9liorations des performances<\/li>\n<\/ul>\n<\/li>\n<\/ul>\n\n\n\n<h2 class=\"wp-block-heading\" id=\"version-102--latest-release\">Variante 1.4.1<\/h2>\n\n\n\n<ul class=\"wp-block-list\">\n<li>Correctifs et correctifs\u00a0:\n<ul class=\"wp-block-list\">\n<li>Probl\u00e8me r\u00e9solu avec l&#039;\u00e9cran de conversation d\u00e9bordant du texte de bienvenue initial, lorsqu&#039;un utilisateur essaie de poser une question imm\u00e9diatement apr\u00e8s avoir consult\u00e9 un r\u00e9sum\u00e9<\/li>\n\n\n\n<li>Les r\u00e9sum\u00e9s des documents utilis\u00e9s pour former les chatbots sont d\u00e9sormais g\u00e9n\u00e9r\u00e9s dans la langue source<\/li>\n<\/ul>\n<\/li>\n<\/ul>\n\n\n\n<h2 class=\"wp-block-heading\" id=\"version-102--latest-release\">\u00c9dition 1.4.0<\/h2>\n\n\n\n<ul class=\"wp-block-list\">\n<li>Fonctionnalit\u00e9s et am\u00e9liorations de l&#039;exp\u00e9rience utilisateur\u00a0:  \n<ul class=\"wp-block-list\">\n<li>Processus de formation consid\u00e9rablement am\u00e9lior\u00e9 pour les chatbots personnalis\u00e9s<\/li>\n\n\n\n<li>Fonctionnalit\u00e9\/processus de r\u00e9sum\u00e9 fusionn\u00e9 avec le chatbot principal<\/li>\n<\/ul>\n<\/li>\n\n\n\n<li>Correctifs et corrections de bogues\u00a0:\n<ul class=\"wp-block-list\">\n<li>Corrections de bogues mineurs et am\u00e9liorations des performances<\/li>\n<\/ul>\n<\/li>\n<\/ul>\n\n\n\n<h2 class=\"wp-block-heading\" id=\"version-102--latest-release\">\u00c9dition 1.3.0<\/h2>\n\n\n\n<ul class=\"wp-block-list\">\n<li>Nouvelles fonctionnalit\u00e9s et am\u00e9liorations de l&#039;exp\u00e9rience utilisateur\u00a0: \n\n\n\n\n\n\n\n\n\n\n\n\n\n\n\n\n\n\n\n\n\n\n\n\n\n\n\n\n\n\n\n\n\n\n\n\n\n\n\n\n\n\n\n\n\n\n\n\n\n\n\n\n<ul class=\"wp-block-list\">\n<li>Impl\u00e9mentation de l&#039;\u00e9cran &quot;Afficher tout&quot; pour les chatbots, ainsi que la possibilit\u00e9 de les supprimer<\/li>\n<\/ul>\n\n\n\n<ul class=\"wp-block-list\">\n<li>R\u00e9duction du nombre d&#039;\u00e9tapes n\u00e9cessaires pour cr\u00e9er un Chatbot de 3 \u00e0 2<\/li>\n<\/ul>\n<\/li>\n\n\n\n<li>Correctifs et corrections de bogues\u00a0:\n<ul class=\"wp-block-list\">\n<li>Correction d&#039;une notification de toast incorrecte affich\u00e9e apr\u00e8s la cr\u00e9ation d&#039;un r\u00e9sum\u00e9<\/li>\n\n\n\n<li>Mise \u00e0 jour du sch\u00e9ma de la base de donn\u00e9es locale pour prendre en charge les futures versions \u00e0 venir et r\u00e9soudre un certain nombre de probl\u00e8mes locaux<\/li>\n\n\n\n<li>Autres corrections de bogues mineurs et am\u00e9liorations des performances<\/li>\n<\/ul>\n<\/li>\n<\/ul>\n\n\n\n<h2 class=\"wp-block-heading\" id=\"version-102--latest-release\">Variante 1.2.1<\/h2>\n\n\n\n<ul class=\"wp-block-list\">\n<li>Nouvelles fonctionnalit\u00e9s et am\u00e9liorations de l&#039;exp\u00e9rience utilisateur\u00a0:\n\n\n\n\n\n\n\n\n\n\n\n\n\n\n\n\n\n\n\n\n\n\n\n\n\n\n\n\n\n\n\n\n\n\n\n\n\n\n\n\n\n\n\n\n\n\n\n\n\n\n\n\n\n\n\n\n\n\n<ul class=\"wp-block-list\">\n<li>Option impl\u00e9ment\u00e9e pour s\u00e9lectionner la langue du r\u00e9sum\u00e9 lors de la g\u00e9n\u00e9ration de &quot;r\u00e9sum\u00e9s AI&quot;<\/li>\n<\/ul>\n\n\n\n<ul class=\"wp-block-list\">\n<li>Rendre le texte de la conversation ainsi que le texte r\u00e9capitulatif g\u00e9n\u00e9r\u00e9 s\u00e9lectionnables et copiables en dehors de l&#039;application<\/li>\n\n\n\n<li>Am\u00e9liorations globales majeures de la localisation des applications<\/li>\n<\/ul>\n<\/li>\n\n\n\n<li>Correctifs et corrections de bogues\u00a0:\n<ul class=\"wp-block-list\">\n<li>Correction d&#039;un probl\u00e8me avec l&#039;affichage initial du texte r\u00e9sum\u00e9 \u00e9tant &quot;TBD&quot;<\/li>\n\n\n\n<li>Num\u00e9ro de quota rectifi\u00e9 pour &quot;R\u00e9sum\u00e9 AI&quot; dans l&#039;\u00e9cran des m\u00e9triques d&#039;utilisation<\/li>\n\n\n\n<li>Autres corrections de bogues mineurs et am\u00e9liorations des performances<\/li>\n<\/ul>\n<\/li>\n<\/ul>\n\n\n\n<h2 class=\"wp-block-heading\" id=\"version-102--latest-release\">\u00c9dition 1.2.0<\/h2>\n\n\n\n<ul class=\"wp-block-list\">\n<li>Nouvelles fonctionnalit\u00e9s et am\u00e9liorations de l&#039;exp\u00e9rience utilisateur\u00a0:\n\n\n\n\n\n\n\n\n\n\n\n\n\n\n\n\n\n\n\n\n\n\n\n\n\n\n\n\n\n\n\n\n\n\n\n\n\n\n\n\n\n\n\n\n\n\n\n\n\n\n\n\n\n\n\n\n<ul class=\"wp-block-list\">\n<li>Impl\u00e9mentation de &quot;r\u00e9sum\u00e9s IA&quot;\u00a0; un nouveau flux UX pour permettre aux utilisateurs de r\u00e9sumer facilement leurs documents \u00e0 l&#039;aide de l&#039;IA<\/li>\n<\/ul>\n\n\n\n<ul class=\"wp-block-list\">\n<li>Modification de la physique du d\u00e9filement sur la page d&#039;accueil, pour une UX plus intuitive<\/li>\n<\/ul>\n<\/li>\n\n\n\n<li>Correctifs et corrections de bogues\u00a0:\n<ul class=\"wp-block-list\">\n<li>Correction de divers probl\u00e8mes avec le texte de localisation<\/li>\n\n\n\n<li>UX adapt\u00e9e pour avertir les utilisateurs lorsqu&#039;aucun r\u00e9seau n&#039;est d\u00e9tect\u00e9 lors de la cr\u00e9ation du chatbot<\/li>\n\n\n\n<li>Autres corrections de bogues mineurs et am\u00e9liorations des performances<\/li>\n<\/ul>\n<\/li>\n<\/ul>\n\n\n\n<h2 class=\"wp-block-heading\" id=\"version-102--latest-release\">\u00c9dition 1.1.0<\/h2>\n\n\n\n<ul class=\"wp-block-list\">\n<li>Fonctionnalit\u00e9s et am\u00e9liorations de l&#039;exp\u00e9rience utilisateur\u00a0:\n<ul class=\"wp-block-list\">\n<li>Ajout de la prise en charge de types de fichiers suppl\u00e9mentaires, notamment\u00a0; &#039;.docx&#039; (Word), &#039;.pptx&#039; (PowerPoint), &#039;.epub&#039;, &#039;.md&#039; (Markdown), &#039;.txt&#039; et &#039;.odt&#039;<\/li>\n\n\n\n<li>Mise en \u0153uvre de la page &quot;Metriques d&#039;utilisation&quot; pour permettre aux utilisateurs de visualiser diverses mesures associ\u00e9es \u00e0 leur compte<\/li>\n<\/ul>\n<\/li>\n\n\n\n<li>Correctifs et corrections de bogues\u00a0:\n<ul class=\"wp-block-list\">\n<li>Corrections de bogues mineurs et am\u00e9liorations des performances<\/li>\n<\/ul>\n<\/li>\n<\/ul>\n\n\n\n<h2 class=\"wp-block-heading\" id=\"version-102--latest-release\">Variante 1.0.3<\/h2>\n\n\n\n<ul class=\"wp-block-list\">\n<li>Am\u00e9liorations de l&#039;exp\u00e9rience utilisateur de l&#039;application\u00a0:\n<ul class=\"wp-block-list\">\n<li>Citation des sources repens\u00e9e pour \u00eatre compacte, minimale et utile. Les utilisateurs peuvent d\u00e9sormais cliquer sur les boutons de page pour ouvrir la page de r\u00e9f\u00e9rence utilis\u00e9e<\/li>\n\n\n\n<li>Impl\u00e9mentation de l&#039;historique du contexte de chat. Le chatbot prend d\u00e9sormais en compte les conversations pr\u00e9c\u00e9dentes<\/li>\n<\/ul>\n<\/li>\n\n\n\n<li>Correctifs et corrections de bogues\u00a0:\n<ul class=\"wp-block-list\">\n<li>Correction d&#039;un bug avec les achats int\u00e9gr\u00e9s qui n&#039;\u00e9taient pas initialement reconnus lors de la connexion de l&#039;utilisateur<\/li>\n\n\n\n<li>Am\u00e9lioration de l&#039;UX pour la validation du formulaire lors de la cr\u00e9ation d&#039;un chatbot<\/li>\n\n\n\n<li>Liens int\u00e9gr\u00e9s \u00e0 l&#039;application mis \u00e0 jour pour pointer vers les pages de destination correctes<\/li>\n<\/ul>\n<\/li>\n<\/ul>\n\n\n\n<h2 class=\"wp-block-heading\" id=\"version-102--latest-release\">Variante 1.0.2<\/h2>\n\n\n\n<ul class=\"wp-block-list\">\n<li>Correctifs et corrections de bogues\u00a0:\n<ul class=\"wp-block-list\">\n<li>Exp\u00e9rience utilisateur premium \u00e9toff\u00e9e ainsi que des indicateurs in-app de compte premium<\/li>\n\n\n\n<li>Correction d&#039;un probl\u00e8me avec les limitations non lev\u00e9es apr\u00e8s un abonnement premium<\/li>\n\n\n\n<li>Champ restreint pour le nom du chatbot aux caract\u00e8res alphanum\u00e9riques et chiffres<\/li>\n\n\n\n<li>Correction d&#039;un certain nombre de fautes de frappe<\/li>\n<\/ul>\n<\/li>\n<\/ul>\n\n\n\n<h2 class=\"wp-block-heading\" id=\"version-101\">Variante 1.0.1<\/h2>\n\n\n\n<ul class=\"wp-block-list\">\n<li>Correctifs et corrections de bogues\u00a0:\n<ul class=\"wp-block-list\">\n<li>Mise en \u0153uvre d&#039;une gestion appropri\u00e9e du comportement pour la formation des chatbots avec un grand nombre de fichiers\/num\u00e9ros de page<\/li>\n\n\n\n<li>Autres corrections de bogues mineurs et am\u00e9liorations des performances<\/li>\n<\/ul>\n<\/li>\n<\/ul>\n\n\n\n<h2 class=\"wp-block-heading\" id=\"version-100--initial-release\">Version 1.0.0 | <code>Premi\u00e8re version<\/code><\/h2>\n\n\n\n<ul class=\"wp-block-list\">\n<li>1\u00e8re version officielle de l&#039;application. Permet la cr\u00e9ation de chatbots personnalis\u00e9s qui facilitent la discussion avec vos fichiers pdf.<\/li>\n<\/ul>","protected":false},"excerpt":{"rendered":"<p>Comme son titre l&#039;indique, cette page suit les modifications (qu&#039;il s&#039;agisse de corrections de bugs ou d&#039;ajouts de fonctionnalit\u00e9s) apport\u00e9es \u00e0 l&#039;application. Version 1.9.2 | Derni\u00e8re version Version 1.9.1 Version 1.8.4 Version 1.8.3 Version 1.8.2 Version 1.8.0 Version 1.7.6 Version 1.7.5 Version 1.7.4 Version\u2026<\/p>","protected":false},"author":1,"featured_media":0,"parent":0,"menu_order":0,"comment_status":"closed","ping_status":"closed","template":"","meta":{"footnotes":""},"class_list":["post-2837","page","type-page","status-publish","hentry","no-post-thumbnail"],"aioseo_notices":[],"_links":{"self":[{"href":"https:\/\/pdfchatup.com\/fr\/wp-json\/wp\/v2\/pages\/2837","targetHints":{"allow":["GET"]}}],"collection":[{"href":"https:\/\/pdfchatup.com\/fr\/wp-json\/wp\/v2\/pages"}],"about":[{"href":"https:\/\/pdfchatup.com\/fr\/wp-json\/wp\/v2\/types\/page"}],"author":[{"embeddable":true,"href":"https:\/\/pdfchatup.com\/fr\/wp-json\/wp\/v2\/users\/1"}],"replies":[{"embeddable":true,"href":"https:\/\/pdfchatup.com\/fr\/wp-json\/wp\/v2\/comments?post=2837"}],"version-history":[{"count":165,"href":"https:\/\/pdfchatup.com\/fr\/wp-json\/wp\/v2\/pages\/2837\/revisions"}],"predecessor-version":[{"id":3173,"href":"https:\/\/pdfchatup.com\/fr\/wp-json\/wp\/v2\/pages\/2837\/revisions\/3173"}],"wp:attachment":[{"href":"https:\/\/pdfchatup.com\/fr\/wp-json\/wp\/v2\/media?parent=2837"}],"curies":[{"name":"wp","href":"https:\/\/api.w.org\/{rel}","templated":true}]}}