{"id":1859,"date":"2019-04-04T15:07:31","date_gmt":"2019-04-04T15:07:31","guid":{"rendered":"https:\/\/jthemes.net\/themes\/wp\/nextapp\/?page_id=1859"},"modified":"2023-12-13T23:34:58","modified_gmt":"2023-12-13T23:34:58","slug":"faqs","status":"publish","type":"page","link":"https:\/\/pdfchatup.com\/fr\/faq\/","title":{"rendered":"FAQ"},"content":{"rendered":"<section class=\"wpb-content-wrapper\"><section data-vc-full-width=\"false\" data-vc-full-width-init=\"false\" data-vc-parallax-image=\"https:\/\/pdfchatup.com\/wp-content\/themes\/nextapp\/images\/banner-1.jpg\" data-opacity=\"1\" data-size=\"cover\" data-width=\"100%\" data-position=\"cover\" data-repeat=\"cover\" data-attachment=\"inherit\" class=\"bg-lightgrey enable-bg-inner\"><div class=\"section-inner-wrap bg-inner division bg-tra\" id=\"inner-page-title\"><div class=\"container\"><div class=\"vc_row wpb_row vc_row-fluid bg-tra bg-cover vc_row-o-content-middle vc_row-flex\"><div class=\"wpb_column vc_col-sm-12 bg-tra\"><h1 style=\"text-align: center;font-family:Abril Fatface;font-weight:400;font-style:normal\" class=\"vc_custom_heading\" >FAQ<\/h1><\/div><\/div><\/div><\/div><\/section><div class=\"vc_row-full-width vc_clearfix\"><\/div><section id=\"faqs-3\" data-vc-full-width=\"false\" data-vc-full-width-init=\"false\" data-vc-parallax-image=\"https:\/\/pdfchatup.com\/wp-content\/themes\/nextapp\/images\/banner-1.jpg\" data-opacity=\"1\" data-size=\"cover\" data-width=\"100%\" data-position=\"cover\" data-repeat=\"cover\" data-attachment=\"inherit\" class=\"bg-white wide-100 questions-grid enable-bg-inner\"><div class=\"section-inner-wrap bg-inner division bg-tra\" ><div class=\"container\"><div class=\"vc_row wpb_row vc_row-fluid masonry-wrap1 grid-loaded bg-tra bg-inherit\"><div class=\"wpb_column vc_col-sm-12 vc_custom_1702509844343 bg-tra\">\r\n        <div class=\"questions-wrap\"> \r\n            <h5 class=\"theme-color h5-md none\">Questions g\u00e9n\u00e9rales<\/h5>           \r\n            <div class=\"perch-list\"><div class=\"mb-25\"><h5 class=\"Default h5-xs none\">Qu\u2019est-ce que PDF ChatUp ?<\/h5><p>PDF ChatUp est une application mobile qui vous permet de discuter avec vos documents en d\u00e9placement gr\u00e2ce \u00e0 la puissance de l&#039;IA. De plus, PDF ChatUp propose une vari\u00e9t\u00e9 d&#039;outils d&#039;IA pour augmenter votre productivit\u00e9.<\/p><\/div><div class=\"mb-25\"><h5 class=\"Default h5-xs none\">Comment \u00e7a marche?<\/h5><p>Commencez par cr\u00e9er un chatbot personnalis\u00e9, en sp\u00e9cifiant une liste de documents que vous souhaitez interroger. Une fois votre chatbot cr\u00e9\u00e9, posez toutes vos questions relatives au document. Le mod\u00e8le d&#039;IA sous-jacent r\u00e9cup\u00e9rera toutes les informations pertinentes du document et vous donnera une r\u00e9ponse \u00e9clair\u00e9e, en veillant \u00e0 citer la liste des sources utilis\u00e9es.<\/p><\/div><div class=\"mb-25\"><h5 class=\"Default h5-xs none\">Pourquoi ne proposez-vous pas une version gratuite ?<\/h5><p>Malheureusement, PDF ChatUp entra\u00eene des co\u00fbts de serveur n\u00e9cessaires \u00e0 l&#039;ex\u00e9cution de divers mod\u00e8les d&#039;IA. \u00c9tant donn\u00e9 que nous ne faisons pas de publicit\u00e9 ni ne vendons vos donn\u00e9es, les revenus g\u00e9n\u00e9r\u00e9s par la vente de cr\u00e9dits int\u00e9gr\u00e9s \u00e0 l&#039;application sont utilis\u00e9s pour payer ces serveurs. N\u00e9anmoins, il n\u2019existe pas de mod\u00e8le d\u2019abonnement et vous ne payez que ce que vous utilisez. (Voir la page premium de l&#039;application pour plus d&#039;informations). <br\/>\nContactez-nous si vous \u00eates un <strong>nouveau compte<\/strong> et j&#039;aimerais des cr\u00e9dits gratuits pour essayer l&#039;application. <\/p><\/div><div class=\"mb-25\"><h5 class=\"Default h5-xs none\">Quels types de documents PDF ChatUp prend-il en charge\u00a0?<\/h5><p>\u00c0 l&#039;heure actuelle, les documents pris en charge comprennent\u00a0: \u00ab .docx \u00bb, \u00ab .pptx \u00bb, \u00ab .epub \u00bb, \u00ab .md \u00bb, \u00ab .txt \u00bb et \u00ab .odt \u00bb. Faites-nous savoir si vous souhaitez que nous ajoutions d&#039;autres types de documents.<\/p><\/div><\/div>     \r\n        <\/div>\r\n        <div class=\"questions-wrap\"> \r\n            <h5 class=\"theme-color h5-md none\">Questions li\u00e9es aux donn\u00e9es<\/h5>           \r\n            <div class=\"perch-list\"><div class=\"mb-25\"><h5 class=\"Default h5-xs none\">Mes donn\u00e9es sont-elles en s\u00e9curit\u00e9 ?<\/h5><p>Vos fichiers sont crypt\u00e9s pendant le transit et stock\u00e9s sur une infrastructure enti\u00e8rement g\u00e9r\u00e9e et s\u00e9curis\u00e9e. Notre fournisseur de stockage est certifi\u00e9 SOC2 Type 2 (une certification bas\u00e9e sur le framework COSO).<\/p><\/div><div class=\"mb-25\"><h5 class=\"Default h5-xs none\">Combien de temps conservez-vous mes documents ?<\/h5><p>Les donn\u00e9es des chatbots cr\u00e9\u00e9s par les utilisateurs gratuits sont totalement supprim\u00e9es apr\u00e8s 21 jours d&#039;inactivit\u00e9 (3 semaines). <\/p><\/div><\/div>     \r\n        <\/div>\r\n        <div class=\"questions-wrap\"> \r\n            <h5 class=\"theme-color h5-md none\">Questions li\u00e9es au compte<\/h5>           \r\n            <div class=\"perch-list\"><div class=\"mb-25\"><h5 class=\"Default h5-xs none\">Pourquoi avez-vous besoin d&#039;un compte ?<\/h5><p>Pouvoir lier les achats \u00e0 cr\u00e9dit \u00e0 des comptes sp\u00e9cifiques. PDF ChatUp est multiplateforme (disponible sur Android et iOS), et le m\u00eame compte avec des avantages premium peut \u00eatre utilis\u00e9 sur diff\u00e9rents appareils.<\/p><\/div><\/div>     \r\n        <\/div><\/div><\/div><div class=\"vc_row wpb_row vc_row-fluid bg-tra bg-inherit vc_row-o-content-middle vc_row-flex\"><div class=\"wpb_column vc_col-sm-12 bg-tra\">\n\t<div class=\"wpb_text_column wpb_content_element\" >\n\t\t<div class=\"wpb_wrapper\">\n\t\t\t<div class=\"more-questions wow fadeInUp\" style=\"visibility: visible; animation-delay: 1.3s; animation-name: fadeInUp;\" data-wow-delay=\"1.3s\">\n<h5 class=\"h5-xs\" style=\"text-align: center;\">Vous avez encore une question ? <a href=\"https:\/\/pdfchatup.com\/fr\/contactez-nous\/\">Entrer en contact<\/a><\/h5>\n<\/div>\n\n\t\t<\/div>\n\t<\/div>\n<\/div><\/div><\/div><\/div><\/section><div class=\"vc_row-full-width vc_clearfix\"><\/div>\n<\/section>","protected":false},"excerpt":{"rendered":"FAQ Questions g\u00e9n\u00e9rales Qu&#039;est-ce que PDF ChatUp ?PDF ChatUp est une application mobile qui vous permet de discuter avec vos documents en d\u00e9placement en utilisant la puissance de l&#039;IA. De plus, PDF ChatUp propose une vari\u00e9t\u00e9 d&#039;outils d&#039;IA pour booster...","protected":false},"author":1,"featured_media":0,"parent":0,"menu_order":0,"comment_status":"closed","ping_status":"closed","template":"","meta":{"footnotes":""},"class_list":["post-1859","page","type-page","status-publish","hentry","no-post-thumbnail"],"aioseo_notices":[],"_links":{"self":[{"href":"https:\/\/pdfchatup.com\/fr\/wp-json\/wp\/v2\/pages\/1859","targetHints":{"allow":["GET"]}}],"collection":[{"href":"https:\/\/pdfchatup.com\/fr\/wp-json\/wp\/v2\/pages"}],"about":[{"href":"https:\/\/pdfchatup.com\/fr\/wp-json\/wp\/v2\/types\/page"}],"author":[{"embeddable":true,"href":"https:\/\/pdfchatup.com\/fr\/wp-json\/wp\/v2\/users\/1"}],"replies":[{"embeddable":true,"href":"https:\/\/pdfchatup.com\/fr\/wp-json\/wp\/v2\/comments?post=1859"}],"version-history":[{"count":6,"href":"https:\/\/pdfchatup.com\/fr\/wp-json\/wp\/v2\/pages\/1859\/revisions"}],"predecessor-version":[{"id":3156,"href":"https:\/\/pdfchatup.com\/fr\/wp-json\/wp\/v2\/pages\/1859\/revisions\/3156"}],"wp:attachment":[{"href":"https:\/\/pdfchatup.com\/fr\/wp-json\/wp\/v2\/media?parent=1859"}],"curies":[{"name":"wp","href":"https:\/\/api.w.org\/{rel}","templated":true}]}}