{"id":1828,"date":"2019-04-04T13:42:12","date_gmt":"2019-04-04T13:42:12","guid":{"rendered":"https:\/\/jthemes.net\/themes\/wp\/nextapp\/?page_id=1828"},"modified":"2023-06-24T14:35:07","modified_gmt":"2023-06-24T14:35:07","slug":"terms","status":"publish","type":"page","link":"https:\/\/pdfchatup.com\/fr\/conditions\/","title":{"rendered":"termes et conditions"},"content":{"rendered":"<section class=\"wpb-content-wrapper\"><section id=\"terms\" data-vc-full-width=\"false\" data-vc-full-width-init=\"false\" data-vc-parallax-image=\"https:\/\/pdfchatup.com\/wp-content\/themes\/nextapp\/images\/banner-1.jpg\" data-opacity=\"1\" data-size=\"cover\" data-width=\"100%\" data-position=\"cover\" data-repeat=\"cover\" data-attachment=\"inherit\" class=\"bg-white terms-section division pt-40 pb-40\"><div class=\"container\"><div class=\"vc_row wpb_row vc_row-fluid bg-tra bg-cover vc_row-o-content-middle vc_row-flex\"><div class=\"wpb_column vc_col-sm-12 bg-tra\">\n\t<div class=\"wpb_text_column wpb_content_element\" >\n\t\t<div class=\"wpb_wrapper\">\n\t\t\t<h1 id=\"terms-of-service\" style=\"text-align: center;\">Conditions d&#039;utilisation<\/h1>\n<p>&nbsp;<\/p>\n<p>Ces conditions d&#039;utilisation r\u00e9gissent votre utilisation de PDF ChatUp, notre site Web situ\u00e9 \u00e0 l&#039;adresse <a href=\"https:\/\/pdfchatup.com\/fr\/\">https:\/\/pdfchatup.com<\/a>, et tous les services connexes fournis par Fabudable Technologies Ltd.<\/p>\n<p>Lorsque vous cr\u00e9ez un compte PDF ChatUp ou utilisez PDF ChatUp, vous acceptez de respecter les pr\u00e9sentes conditions d&#039;utilisation et de vous conformer \u00e0 toutes les lois et r\u00e9glementations applicables. Si vous n&#039;\u00eates pas d&#039;accord avec ces conditions d&#039;utilisation, il vous est interdit d&#039;utiliser l&#039;application, d&#039;acc\u00e9der \u00e0 notre site Web ou d&#039;utiliser tout autre service fourni par Fabudable Technologies Ltd.<\/p>\n<p>Si vous acc\u00e9dez ou t\u00e9l\u00e9chargez PDF ChatUp \u00e0 partir (1) de l&#039;App Store d&#039;Apple, vous acceptez toutes les r\u00e8gles d&#039;utilisation \u00e9nonc\u00e9es dans les conditions d&#039;utilisation de l&#039;App Store\u00a0; et\/ou (2) le Google Play Store, vous acceptez les conditions g\u00e9n\u00e9rales d&#039;Android, Google Inc., y compris les conditions d&#039;utilisation de Google Apps.<\/p>\n<p>Nous, Fabudable Technologies Ltd, nous r\u00e9servons le droit de r\u00e9viser et de modifier l&#039;une de ces conditions d&#039;utilisation \u00e0 notre seule discr\u00e9tion. Ce faisant, nous mettrons \u00e0 jour cette page et vous en informerons via l&#039;application et\/ou l&#039;adresse e-mail que vous avez fournie lors de la cr\u00e9ation de votre compte. Toute modification de ces conditions d&#039;utilisation entrera en vigueur imm\u00e9diatement \u00e0 compter de la date de publication.<\/p>\n<p>Ces conditions d&#039;utilisation ont \u00e9t\u00e9 mises \u00e0 jour pour la derni\u00e8re fois le 10 juin 2023.<\/p>\n<h3 id=\"limitations-of-use\">Limites d&#039;utilisation<\/h3>\n<p>En utilisant PDF ChatUp et notre site Web, vous garantissez au nom de vous-m\u00eame, de toute entit\u00e9 que vous repr\u00e9sentez et qui a conclu ces conditions d&#039;utilisation, et de vos utilisateurs que vous ne\u00a0:<\/p>\n<ol>\n<li>modifier, copier, pr\u00e9parer des \u0153uvres d\u00e9riv\u00e9es de, d\u00e9compiler ou d\u00e9sosser PDF ChatUp ou tout mat\u00e9riel et logiciel contenu dans PDF ChatUp ou sur notre site Web\u00a0;<\/li>\n<li>supprimer tout droit d&#039;auteur ou autres mentions de propri\u00e9t\u00e9 de PDF ChatUp ou de tout mat\u00e9riel et logiciel contenu dans PDF ChatUp ou sur notre site Web\u00a0;<\/li>\n<li>transf\u00e9rer PDF ChatUp ou l&#039;un de ses \u00e9l\u00e9ments associ\u00e9s \u00e0 une autre personne ou &quot;miroir&quot; les \u00e9l\u00e9ments sur tout autre serveur\u00a0;<\/li>\n<li>utiliser sciemment ou par n\u00e9gligence PDF ChatUp ou l&#039;un de ses services associ\u00e9s d&#039;une mani\u00e8re qui abuse ou perturbe nos r\u00e9seaux ou tout autre service fourni par Fabudable Technologies Ltd\u00a0;<\/li>\n<li>utiliser PDF ChatUp ou ses services associ\u00e9s pour transmettre ou publier tout mat\u00e9riel harcelant, ind\u00e9cent, obsc\u00e8ne, frauduleux ou ill\u00e9gal\u00a0;<\/li>\n<li>utiliser PDF ChatUp ou ses services associ\u00e9s en violation de toute loi ou r\u00e9glementation applicable\u00a0;<\/li>\n<li>utiliser PDF ChatUp pour envoyer des publicit\u00e9s non autoris\u00e9es ou du spam\u00a0;<\/li>\n<li>r\u00e9colter, collecter ou rassembler des donn\u00e9es utilisateur sans le consentement de l&#039;utilisateur\u00a0; ou<\/li>\n<li>utiliser PDF ChatUp ou ses services associ\u00e9s d&#039;une mani\u00e8re susceptible de porter atteinte \u00e0 la vie priv\u00e9e, aux droits de propri\u00e9t\u00e9 intellectuelle ou \u00e0 d&#039;autres droits de tiers.<\/li>\n<\/ol>\n<h3 id=\"intellectual-property\">Propri\u00e9t\u00e9 intellectuelle<\/h3>\n<p>La propri\u00e9t\u00e9 intellectuelle des documents de PDF ChatUp et de notre site Web appartient ou est conc\u00e9d\u00e9e sous licence \u00e0 Fabudable Technologies Ltd. Vous pouvez t\u00e9l\u00e9charger PDF ChatUp pour afficher, utiliser et afficher l&#039;application sur votre appareil mobile pour votre usage personnel uniquement.<\/p>\n<p>Ceci constitue l&#039;octroi d&#039;une licence et non un transfert de titre. Cette licence sera automatiquement r\u00e9sili\u00e9e si vous violez l&#039;une de ces restrictions ou ces conditions d&#039;utilisation et peut \u00eatre r\u00e9sili\u00e9e par Fabudable Technologies Ltd \u00e0 tout moment.<\/p>\n<h3 id=\"automatic-updates\">Mises \u00e0 jour automatiques<\/h3>\n<p>Vous nous autorisez \u00e0 t\u00e9l\u00e9charger et \u00e0 installer les mises \u00e0 jour de PDF ChatUp sur votre appareil conform\u00e9ment \u00e0 vos pr\u00e9f\u00e9rences en mati\u00e8re de confidentialit\u00e9. Cette autorisation peut \u00eatre r\u00e9voqu\u00e9e \u00e0 tout moment en supprimant PDF ChatUp de votre appareil.<\/p>\n<h3 id=\"liability\">Responsabilit\u00e9<\/h3>\n<p>PDF ChatUp et les \u00e9l\u00e9ments contenus dans PDF ChatUp et sur notre site Web sont fournis &quot;tels quels&quot;. Dans la mesure permise par la loi, Fabudable Technologies Ltd ne donne aucune garantie, expresse ou implicite, et d\u00e9cline et annule par la pr\u00e9sente toutes les autres garanties, y compris, sans s&#039;y limiter, les garanties ou conditions implicites de qualit\u00e9 marchande, d&#039;ad\u00e9quation \u00e0 un usage particulier ou de non-violation des droits de propri\u00e9t\u00e9 intellectuelle. propri\u00e9t\u00e9 ou autre violation des droits.<\/p>\n<p>En aucun cas, Fabudable Technologies Ltd ou ses fournisseurs ne pourront \u00eatre tenus responsables de toute perte cons\u00e9cutive subie ou encourue par vous ou un tiers r\u00e9sultant de l&#039;utilisation ou de l&#039;impossibilit\u00e9 d&#039;utiliser PDF ChatUp, notre site Web ou tout autre service fourni par Fabudable Technologies Ltd ou le contenus dans PDF ChatUp, m\u00eame si Fabudable Technologies Ltd ou un repr\u00e9sentant autoris\u00e9 a \u00e9t\u00e9 inform\u00e9, oralement ou par \u00e9crit, de la possibilit\u00e9 de tels dommages.<\/p>\n<p>Dans le cadre de cet accord, le &quot;dommage immat\u00e9riel&quot; comprend tout dommage immat\u00e9riel, pr\u00e9judice indirect, manque \u00e0 gagner r\u00e9el ou anticip\u00e9, perte de b\u00e9n\u00e9fice, perte de chiffre d&#039;affaires, perte d&#039;activit\u00e9, perte de client\u00e8le, perte d&#039;opportunit\u00e9, perte d&#039;\u00e9conomies, perte de r\u00e9putation, perte d&#039;utilisation et\/ou perte ou corruption de donn\u00e9es, que ce soit en vertu d&#039;une loi, d&#039;un contrat, d&#039;\u00e9quit\u00e9, d&#039;un d\u00e9lit (y compris la n\u00e9gligence), d&#039;une indemnit\u00e9 ou autre.<\/p>\n<p>\u00c9tant donn\u00e9 que certaines juridictions n&#039;autorisent pas les limitations de garanties implicites ou les limitations de responsabilit\u00e9 pour les dommages cons\u00e9cutifs ou accessoires, ces limitations peuvent ne pas s&#039;appliquer \u00e0 vous.<\/p>\n<h3 id=\"accuracy-of-materials\">Pr\u00e9cision des mat\u00e9riaux<\/h3>\n<p>Les documents apparaissant dans PDF ChatUp ou sur notre site Web ne sont pas exhaustifs et sont uniquement \u00e0 des fins d&#039;information g\u00e9n\u00e9rale. Dans la mesure permise par la loi, Fabudable Technologies Ltd ne garantit ni ne fait aucune d\u00e9claration concernant l&#039;exactitude, les r\u00e9sultats probables ou la fiabilit\u00e9 de l&#039;utilisation du mat\u00e9riel dans PDF ChatUp ou sur notre site Web, ou autrement li\u00e9 \u00e0 ce mat\u00e9riel ou sur toute ressource. li\u00e9 \u00e0 PDF ChatUp et \u00e0 notre site Web.<\/p>\n<h3 id=\"links\">Liens<\/h3>\n<p>Fabudable Technologies Ltd n&#039;a pas examin\u00e9 tous les sites li\u00e9s \u00e0 PDF ChatUp ou sur son site Web correspondant et n&#039;est pas responsable du contenu de ces sites li\u00e9s. L&#039;inclusion de tout lien n&#039;implique pas l&#039;approbation, l&#039;approbation ou le contr\u00f4le par Fabudable Technologies Ltd du site. L&#039;utilisation de ces sites Web li\u00e9s est \u00e0 vos risques et p\u00e9rils et nous vous conseillons vivement de faire vos propres recherches en ce qui concerne la pertinence de ces sites.<\/p>\n<h3 id=\"notice-regarding-apple\">Avis concernant Apple<\/h3>\n<p>Dans la mesure o\u00f9 vous utilisez ou acc\u00e9dez \u00e0 PDF ChatUp sur un appareil iOS, vous reconnaissez et acceptez les termes de cette clause. Vous reconnaissez que ces conditions d&#039;utilisation sont entre vous et Fabudable Technologies Ltd uniquement, et non avec Apple Inc. (Apple), et Apple n&#039;est pas responsable de PDF ChatUp et de tout mat\u00e9riel disponible dans PDF ChatUp.<\/p>\n<p>Apple n&#039;a aucune obligation de vous fournir des services de maintenance et d&#039;assistance concernant PDF ChatUp.<\/p>\n<p>Si PDF ChatUp n&#039;est pas conforme \u00e0 toute garantie applicable, vous pouvez en informer Apple et Apple vous remboursera le prix d&#039;achat de l&#039;application mobile. Dans la mesure maximale autoris\u00e9e par la loi applicable, Apple n&#039;aura aucune autre obligation de garantie quelle qu&#039;elle soit concernant PDF ChatUp et toute autre r\u00e9clamation, perte, responsabilit\u00e9, dommage, co\u00fbt ou d\u00e9pense attribuable \u00e0 tout non-respect de toute garantie sera de notre responsabilit\u00e9.<\/p>\n<p>Apple n&#039;est pas responsable du traitement de toute r\u00e9clamation de votre part ou de celle d&#039;un tiers concernant PDF ChatUp ou votre utilisation de PDF ChatUp, y compris, mais sans s&#039;y limiter, (1) les r\u00e9clamations en responsabilit\u00e9 du fait des produits\u00a0; (2) toute r\u00e9clamation selon laquelle notre application mobile ne se conforme pas \u00e0 toute exigence l\u00e9gale ou r\u00e9glementaire applicable\u00a0; et (3) les r\u00e9clamations d\u00e9coulant de la protection des consommateurs ou d&#039;une l\u00e9gislation similaire.<\/p>\n<p>Apple n&#039;est pas responsable de l&#039;enqu\u00eate, de la d\u00e9fense, du r\u00e8glement et de la d\u00e9charge de toute r\u00e9clamation de tiers selon laquelle notre application mobile enfreint les droits de propri\u00e9t\u00e9 intellectuelle de ce tiers.<\/p>\n<p>Vous acceptez de vous conformer \u00e0 toutes les conditions tierces applicables lors de l&#039;utilisation de PDF ChatUp, y compris les r\u00e8gles d&#039;utilisation \u00e9nonc\u00e9es dans l&#039;accord de service de l&#039;App Store d&#039;Apple.<\/p>\n<p>Apple et les filiales d&#039;Apple sont des tiers b\u00e9n\u00e9ficiaires des pr\u00e9sentes Conditions d&#039;utilisation et, d\u00e8s votre acceptation de ces Conditions d&#039;utilisation, Apple aura le droit (et sera r\u00e9put\u00e9 avoir accept\u00e9 le droit) d&#039;appliquer ces Conditions d&#039;utilisation \u00e0 votre encontre en tant que un tiers b\u00e9n\u00e9ficiaire des pr\u00e9sentes Conditions d&#039;utilisation.<\/p>\n<p>Vous d\u00e9clarez et garantissez par la pr\u00e9sente que (1) vous n&#039;\u00eates pas situ\u00e9 dans un pays soumis \u00e0 un embargo du gouvernement am\u00e9ricain, ou qui a \u00e9t\u00e9 d\u00e9sign\u00e9 par le gouvernement am\u00e9ricain comme un pays \u00ab soutenant le terrorisme \u00bb ; et (2) vous ne figurez sur aucune liste gouvernementale am\u00e9ricaine de parties interdites ou restreintes.<\/p>\n<h3 id=\"right-to-terminate\">Droit de r\u00e9siliation<\/h3>\n<p>Nous pouvons suspendre ou r\u00e9silier votre compte PDF ChatUp et votre droit d&#039;utiliser PDF ChatUp et les pr\u00e9sentes conditions d&#039;utilisation imm\u00e9diatement apr\u00e8s vous avoir notifi\u00e9 par \u00e9crit toute violation des pr\u00e9sentes conditions d&#039;utilisation.<\/p>\n<h3 id=\"severance\">Rupture<\/h3>\n<p>Toute clause des pr\u00e9sentes Conditions d&#039;utilisation qui est totalement ou partiellement nulle ou inapplicable est supprim\u00e9e dans la mesure o\u00f9 elle est nulle ou inapplicable. La validit\u00e9 du reste des pr\u00e9sentes conditions d&#039;utilisation n&#039;est pas affect\u00e9e.<\/p>\n<h3 id=\"governing-law\">Droit applicable<\/h3>\n<p>Ces conditions d&#039;utilisation sont r\u00e9gies et interpr\u00e9t\u00e9es conform\u00e9ment aux lois de Londres, Royaume-Uni. Vous vous soumettez irr\u00e9vocablement \u00e0 la juridiction exclusive des tribunaux de cet \u00c9tat ou de cet endroit.<\/p>\n\n\t\t<\/div>\n\t<\/div>\n<\/div><\/div><\/div><\/section><div class=\"vc_row-full-width vc_clearfix\"><\/div>\n<\/section>","protected":false},"excerpt":{"rendered":"Conditions d&#039;utilisation Ces conditions d&#039;utilisation r\u00e9gissent votre utilisation de PDF ChatUp, notre site Web situ\u00e9 \u00e0 l&#039;adresse https:\/\/pdfchatup.com et tous les services connexes fournis par Fabudable Technologies Ltd. Lorsque vous cr\u00e9ez un compte PDF ChatUp ou utilisez PDF ChatUp, vous. ..","protected":false},"author":1,"featured_media":0,"parent":0,"menu_order":0,"comment_status":"closed","ping_status":"closed","template":"","meta":{"footnotes":""},"class_list":["post-1828","page","type-page","status-publish","hentry","no-post-thumbnail"],"aioseo_notices":[],"_links":{"self":[{"href":"https:\/\/pdfchatup.com\/fr\/wp-json\/wp\/v2\/pages\/1828","targetHints":{"allow":["GET"]}}],"collection":[{"href":"https:\/\/pdfchatup.com\/fr\/wp-json\/wp\/v2\/pages"}],"about":[{"href":"https:\/\/pdfchatup.com\/fr\/wp-json\/wp\/v2\/types\/page"}],"author":[{"embeddable":true,"href":"https:\/\/pdfchatup.com\/fr\/wp-json\/wp\/v2\/users\/1"}],"replies":[{"embeddable":true,"href":"https:\/\/pdfchatup.com\/fr\/wp-json\/wp\/v2\/comments?post=1828"}],"version-history":[{"count":8,"href":"https:\/\/pdfchatup.com\/fr\/wp-json\/wp\/v2\/pages\/1828\/revisions"}],"predecessor-version":[{"id":2817,"href":"https:\/\/pdfchatup.com\/fr\/wp-json\/wp\/v2\/pages\/1828\/revisions\/2817"}],"wp:attachment":[{"href":"https:\/\/pdfchatup.com\/fr\/wp-json\/wp\/v2\/media?parent=1828"}],"curies":[{"name":"wp","href":"https:\/\/api.w.org\/{rel}","templated":true}]}}