{"id":65,"date":"2019-03-17T08:19:31","date_gmt":"2019-03-17T08:19:31","guid":{"rendered":"https:\/\/jthemes.net\/themes\/wp\/nextapp\/?page_id=65"},"modified":"2023-12-29T08:01:31","modified_gmt":"2023-12-29T08:01:31","slug":"layout-05","status":"publish","type":"page","link":"https:\/\/pdfchatup.com\/es\/","title":{"rendered":"Inicio"},"content":{"rendered":"<section class=\"wpb-content-wrapper\"><section id=\"hero-5\" data-vc-full-width=\"false\" data-vc-full-width-init=\"false\" data-vc-parallax-image=\"https:\/\/pdfchatup.com\/wp-content\/themes\/nextapp\/images\/banner-1.jpg\" data-opacity=\"1\" data-size=\"cover\" data-width=\"100%\" data-position=\"cover\" data-repeat=\"cover\" data-attachment=\"inherit\" class=\"bg-custom hero-section vc_section-has-fill vc_custom_1687596943437\"><div class=\"container\"><div class=\"vc_row wpb_row vc_row-fluid bg-tra bg-inherit vc_row-o-content-middle vc_row-flex\"><div class=\"wpb_column vc_col-sm-6 bg-tra\">\r\n        <div class=\"hero-txt white-color text-center\"> \r\n            <div class=\"hero-app-logo\"><div class=\"d-flex align-items-center\"><span>PDFChatUp<\/span><img loading=\"lazy\" decoding=\"async\" class=\"img-fluid\" width=\"90\" height=\"90\"  src=\"https:\/\/pdfchatup.com\/wp-content\/uploads\/2023\/06\/Logo-RoundedCorners.png\" alt=\"Enlace de imagen externa\" \/><\/div><\/div>\r\n                     \r\n            \r\n            <h5 class=\"Default h5-lg none\">\u00a1Chatea con documentos PDF y mucho m\u00e1s* usando el poder de la IA! Interact\u00faa con tus documentos como nunca antes.<\/h5> \r\n            \r\n                        \r\n            \r\n                        \r\n                        \r\n            <div class=\"stores-badge\">\r\n                <a target=\"_blank\"  href=\"https:\/\/apps.apple.com\/app\/pdf-chatup\/id6450009868\"  title=\"Tienda de aplicaciones\"  class=\"img-btn default-hover store btn-type-light\"><span><img decoding=\"async\" src=\"https:\/\/pdfchatup.com\/wp-content\/themes\/nextapp\/images\/appstore.png\" alt=\"Tienda de aplicaciones\" class=\"store-btn\" width=\"160\"><\/span><\/a><a target=\"_blank\"  href=\"https:\/\/play.google.com\/store\/apps\/details?id=com.fabudable.pdfchatup\"  title=\"Google Play\"  class=\"img-btn default-hover store btn-type-light\"><span><img decoding=\"async\" src=\"https:\/\/pdfchatup.com\/wp-content\/themes\/nextapp\/images\/googleplay.png\" alt=\"Google Play\" class=\"store-btn\" width=\"160\"><\/span><\/a>\r\n                <span class=\"os-version\">Los documentos admitidos incluyen; &#039;.docx&#039;, &#039;.pptx&#039;, &#039;.epub&#039;, &#039;.md&#039;, &#039;.txt&#039; y &#039;.odt&#039;<\/span>\r\n            <\/div>      \r\n        <\/div><\/div><div class=\"wpb_column vc_col-sm-1 bg-tra\"><\/div><div class=\"wpb_column vc_col-sm-5 bg-tra\">\r\n        <div class=\"pl-80  hero-5-img\"> \r\n        <img loading=\"lazy\" decoding=\"async\" class=\"vc_single_image-img img-fluid\" width=\"323\" height=\"500\"  src=\"https:\/\/pdfchatup.com\/wp-content\/uploads\/2023\/06\/Hero-v1.png\" alt=\"imagen externa\" \/>\r\n        <\/div><\/div><\/div><\/div><\/section><div class=\"vc_row-full-width vc_clearfix\"><\/div><section id=\"info-2\" data-vc-full-width=\"false\" data-vc-full-width-init=\"false\" data-vc-parallax-image=\"https:\/\/pdfchatup.com\/wp-content\/themes\/nextapp\/images\/banner-1.jpg\" data-opacity=\"1\" data-size=\"cover\" data-width=\"100%\" data-position=\"cover\" data-repeat=\"cover\" data-attachment=\"inherit\" class=\"bg-white wide-60 info-2-row info-section\"><div class=\"vc_section_id\" id=\"about\"><\/div><div class=\"container\"><div class=\"vc_row wpb_row vc_row-fluid bg-tra bg-inherit vc_row-o-content-middle vc_row-flex\"><div class=\"wpb_column vc_col-sm-6 bg-tra\">\r\n        <div class=\"mb-40 pl-45  img-block  wow perch-fadeInUp fadeInUp\" data-wow-delay=\"300ms\" data-wow-duration=\"1200ms\"> \r\n        <img loading=\"lazy\" decoding=\"async\" class=\"vc_single_image-img img-fluid\" width=\"435\" height=\"700\"  src=\"https:\/\/pdfchatup.com\/wp-content\/uploads\/2023\/06\/PDFChatUpAppHomeV2.png\" alt=\"imagen externa\" \/>\r\n        <\/div><\/div><div class=\"wpb_column vc_col-sm-6 bg-tra\">\r\n        <div class=\"mb-40 pl-45 pr-45  txt-block\"> \r\n        \t\r\n            <span class=\"section-id id-color  wow perch-fadeInUp fadeInUp\" data-wow-delay=\"300ms\" data-wow-duration=\"1200ms\">Complejidad Simplificada<\/span>         \r\n            <h3 class=\"Default h3-lg none  wow perch-fadeInUp fadeInUp\" data-wow-delay=\"400ms\" data-wow-duration=\"1200ms\">Su asistente personal<\/h3>\r\n             \r\n            \r\n            <ul class=\"txt-list mb-35 single-column-list\"><li class=\"wow perch-fadeInUp fadeInUp\" data-wow-delay=\"600ms\" data-wow-duration=\"1200ms\">Use IA para transformar cada documento en un di\u00e1logo inteligente y con capacidad de respuesta<\/li><li class=\"wow perch-fadeInUp fadeInUp\" data-wow-delay=\"700ms\" data-wow-duration=\"1200ms\">Obtenga res\u00famenes concisos de documentos extensos que revelen la informaci\u00f3n esencial<\/li><li class=\"wow perch-fadeInUp fadeInUp\" data-wow-delay=\"800ms\" data-wow-duration=\"1200ms\">La informaci\u00f3n que necesita, respaldada por la confiabilidad de sus documentos originales con referencias y citas relevantes<\/li><li class=\"wow perch-fadeInUp fadeInUp\" data-wow-delay=\"900ms\" data-wow-duration=\"1200ms\">Analice similitudes, resalte diferencias y encuentre ideas \u00fanicas<\/li><\/ul>            \r\n            \r\n                        \r\n                        \r\n            <div class=\"stores-badge  wow perch-fadeInUp fadeInUp\" data-wow-delay=\"1000ms\" data-wow-duration=\"1200ms\">\r\n                <a target=\"_self\"  href=\"#\"  title=\"Obtenga m\u00e1s informaci\u00f3n al respecto\"  class=\"btn btn-tra-white tra-hover default-hover store btn-type-light\"><span>Obtenga m\u00e1s informaci\u00f3n al respecto<\/span><\/a>\r\n                \r\n            <\/div>      \r\n        <\/div><\/div><\/div><\/div><\/section><div class=\"vc_row-full-width vc_clearfix\"><\/div><section id=\"process-3\" data-vc-full-width=\"false\" data-vc-full-width-init=\"false\" data-vc-parallax-image=\"https:\/\/pdfchatup.com\/wp-content\/themes\/nextapp\/images\/banner-1.jpg\" data-opacity=\"1\" data-size=\"cover\" data-width=\"100%\" data-position=\"cover\" data-repeat=\"cover\" data-attachment=\"fixed\" class=\"bg-dark wide-60 white-color process-section bg-fixed\"><div class=\"vc_section_id\" id=\"how\"><\/div><div class=\"container\"><div class=\"vc_row wpb_row vc_row-fluid bg-tra bg-cover vc_row-o-content-middle vc_row-flex\"><div class=\"wpb_column vc_col-sm-1 bg-tra\"><\/div><div class=\"wpb_column vc_col-sm-10 bg-tra\">\r\n        <div class=\"section-title text-center\">\r\n            <h3 class=\"h3-lg\">C\u00f3mo funciona<\/h3>\r\n            <p class=\"p-md\">Cree\/entrene un chatbot personalizado para responder preguntas sobre sus documentos PDF, en un par de pasos simples<\/p>         \r\n        <\/div><\/div><div class=\"wpb_column vc_col-sm-1 bg-tra\"><\/div><\/div><div class=\"vc_row wpb_row vc_row-fluid bg-tra bg-cover vc_row-o-content-middle vc_row-flex\"><div class=\"wpb_column vc_col-sm-12 bg-tra\">\r\n        <div >                      \r\n            <div id=\"process-3-type\"><div class=\"row\"><div id=\"step-1\" class=\"col-sm-4\"><div class=\"pbox-3 text-center icon-xs\">\r\n                <div class=\"pbox-icon\"  style=\"background-color: rgba(150,150,150,0.2)\">\r\n            <img decoding=\"async\" src=\"https:\/\/pdfchatup.com\/wp-content\/uploads\/2023\/06\/Step1-Illustration.png\" alt=\"Seleccionar archivos PDF\" width=\"70\" class=\"img-fluid\">\r\n        <\/div>\r\n                <h5 class=\"h5-sm\">Seleccionar archivos PDF<\/h5>\r\n                <p>Elija la lista de documentos que desea consultar<\/p>                \r\n            <\/div><\/div><div id=\"step-2\" class=\"col-sm-4\"><div class=\"pbox-3 text-center icon-xs\">\r\n                <div class=\"pbox-icon\"  style=\"background-color: rgba(150,150,150,0.2)\">\r\n            <img decoding=\"async\" src=\"https:\/\/pdfchatup.com\/wp-content\/uploads\/2023\/06\/Step2-Illustration-v2.png\" alt=\"Nombra el chatbot\" width=\"70\" class=\"img-fluid\">\r\n        <\/div>\r\n                <h5 class=\"h5-sm\">Nombra el chatbot<\/h5>\r\n                <p>Asigne un nombre al Chatbot personalizado<\/p>                \r\n            <\/div><\/div><div id=\"step-3\" class=\"col-sm-4 column-last\"><div class=\"pbox-3 text-center icon-xs\">\r\n                <div class=\"pbox-icon\"  style=\"background-color: rgba(150,150,150,0.2)\">\r\n            <img decoding=\"async\" src=\"https:\/\/pdfchatup.com\/wp-content\/uploads\/2023\/06\/Step3-Illustration.png\" alt=\"Empezar a chatear\" width=\"70\" class=\"img-fluid\">\r\n        <\/div>\r\n                <h5 class=\"h5-sm\">Empezar a chatear<\/h5>\r\n                <p>Hazle preguntas al chatbot relacionadas con tus documentos<\/p>                \r\n            <\/div><\/div><\/div><\/div>     \r\n        <\/div><\/div><\/div><\/div><\/section><div class=\"vc_row-full-width vc_clearfix\"><\/div><section id=\"info-12\" data-vc-full-width=\"false\" data-vc-full-width-init=\"false\" data-vc-parallax-image=\"https:\/\/pdfchatup.com\/wp-content\/themes\/nextapp\/images\/banner-1.jpg\" data-opacity=\"1\" data-size=\"cover\" data-width=\"100%\" data-position=\"cover\" data-repeat=\"cover\" data-attachment=\"inherit\" class=\"bg-white wide-100 info-12-row info-section\"><div class=\"vc_section_id\" id=\"why\"><\/div><div class=\"container\"><div class=\"vc_row wpb_row vc_row-fluid bg-tra bg-cover vc_row-o-content-middle vc_row-flex\"><div class=\"wpb_column vc_col-sm-12 bg-tra\">\r\n        <div >                      \r\n            <div class=\"row\"><div class=\"row d-flex align-items-center\"><div class=\"col-md-6\"><div class=\"txt-block pc-45\"><div id=\"list-tab-69d96f21792e1\" class=\"list-group\" role=\"tablist\"><a id=\"tab1-list-69d96f21792e1\" class=\"list-group-item list-group-item-action active\" data-toggle=\"list\" href=\"#tab-1-69d96f21792e1\" role=\"tab\" aria-controls=\"tab-1-69d96f21792e1\"><div class=\"ibox-5\">               \r\n                <h5 class=\"h5-sm\">Reportes financieros<\/h5>\r\n                <p>\u00bfPerdido en el laberinto de la jerga financiera? Nuestra aplicaci\u00f3n es su salvavidas. Interact\u00fae con sus informes financieros y desentra\u00f1e datos complejos.<\/p>                \r\n            <\/div><\/a><a id=\"tab2-list-69d96f21792e1\" class=\"list-group-item list-group-item-action\" data-toggle=\"list\" href=\"#tab-2-69d96f21792e1\" role=\"tab\" aria-controls=\"tab-2-69d96f21792e1\"><div class=\"ibox-5\">               \r\n                <h5 class=\"h5-sm\">Articulos cientificos<\/h5>\r\n                <p>Utilice nuestra aplicaci\u00f3n para transformar cada trabajo de investigaci\u00f3n en un di\u00e1logo esclarecedor. Diseccionar teor\u00edas complejas y digerir resultados experimentales completos.<\/p>                \r\n            <\/div><\/a><a id=\"tab3-list-69d96f21792e1\" class=\"list-group-item list-group-item-action\" data-toggle=\"list\" href=\"#tab-3-69d96f21792e1\" role=\"tab\" aria-controls=\"tab-3-69d96f21792e1\"><div class=\"ibox-5\">               \r\n                <h5 class=\"h5-sm\">Acuerdos legales<\/h5>\r\n                <p>\u00a1Navegue por la compleja jerga legal con facilidad! Deje que nuestra IA desmitifique los contratos densos, analice la letra peque\u00f1a y traduzca la jerga legal al lenguaje cotidiano.<\/p>                \r\n            <\/div><\/a><\/div><\/div><\/div>\t<!-- END TEXT BLOCK --><div class=\"col-md-6\"><div class=\"info-img text-center pr-45\"><div id=\"nav-tabContent-69d96f21792e1\" class=\"tab-content\"><div id=\"tab-1-69d96f21792e1\" class=\"tab-pane show active\" role=\"tabpanel\" aria-labelledby=\"tab1-list-69d96f21792e1\"><img loading=\"lazy\" decoding=\"async\" class=\"vc_single_image-img img-fluid\" width=\"450\" height=\"450\"  src=\"https:\/\/pdfchatup.com\/wp-content\/uploads\/2023\/06\/Finance-illustrationV2.png\" alt=\"imagen externa\" \/><\/div><div id=\"tab-2-69d96f21792e1\" class=\"tab-pane\" role=\"tabpanel\" aria-labelledby=\"tab2-list-69d96f21792e1\"><img loading=\"lazy\" decoding=\"async\" class=\"vc_single_image-img img-fluid\" width=\"450\" height=\"450\"  src=\"https:\/\/pdfchatup.com\/wp-content\/uploads\/2023\/06\/Science-illustration.png\" alt=\"imagen externa\" \/><\/div><div id=\"tab-3-69d96f21792e1\" class=\"tab-pane\" role=\"tabpanel\" aria-labelledby=\"tab3-list-69d96f21792e1\"><img loading=\"lazy\" decoding=\"async\" class=\"vc_single_image-img img-fluid\" width=\"450\" height=\"450\"  src=\"https:\/\/pdfchatup.com\/wp-content\/uploads\/2023\/06\/Law-illustration.png\" alt=\"imagen externa\" \/><\/div><\/div><\/div><\/div><!-- END IMAGE BLOCK --><\/div><\/div>     \r\n        <\/div><\/div><\/div><\/div><\/section><div class=\"vc_row-full-width vc_clearfix\"><\/div><section id=\"faqs-2\" data-vc-full-width=\"false\" data-vc-full-width-init=\"false\" data-vc-parallax-image=\"https:\/\/pdfchatup.com\/wp-content\/themes\/nextapp\/images\/banner-1.jpg\" data-opacity=\"1\" data-size=\"cover\" data-width=\"100%\" data-position=\"cover\" data-repeat=\"cover\" data-attachment=\"inherit\" class=\"bg-lightdark wide-60 white-color faqs-section\"><div class=\"vc_section_id\" id=\"faqs\"><\/div><div class=\"container\"><div class=\"vc_row wpb_row vc_row-fluid bg-tra bg-cover vc_row-o-content-middle vc_row-flex\"><div class=\"wpb_column vc_col-sm-1 bg-tra\"><\/div><div class=\"wpb_column vc_col-sm-10 bg-tra\">\r\n        <div class=\"section-title text-center\">\r\n            <h3 class=\"h3-lg\">Preguntas frecuentes<\/h3>\r\n            <p class=\"p-md\">Respuestas a preguntas comunes sobre nuestro servicio<\/p>         \r\n        <\/div><\/div><div class=\"wpb_column vc_col-sm-1 bg-tra\"><\/div><\/div><div class=\"vc_row wpb_row vc_row-fluid bg-tra bg-cover vc_row-o-content-middle vc_row-flex\"><div class=\"wpb_column vc_col-sm-6 bg-tra\">\r\n        <div class=\"questions-holder question\"> \r\n                   \r\n                   \r\n            <h5 class=\"Default h5-xs none os-version\">\u00bfMis datos est\u00e1n seguros\/protegidos?<\/h5>\r\n            <p class=\"Default none os-version\">Sus archivos se cifran durante el tr\u00e1nsito y se almacenan en una infraestructura segura y completamente administrada. Nuestro proveedor de almacenamiento tiene la certificaci\u00f3n SOC2 Tipo 2 (una certificaci\u00f3n basada en el marco COSO y ha sido auditada por una firma externa Big4 CPA).<\/p>         \r\n        <\/div>\r\n        <div class=\"questions-holder question\"> \r\n                   \r\n                   \r\n            <h5 class=\"Default h5-xs none os-version\">He notado un error o error en la aplicaci\u00f3n. \u00bfD\u00f3nde env\u00edo comentarios?<\/h5>\r\n            <p class=\"Default none os-version\">Complete nuestro formulario de contacto o env\u00ede un correo electr\u00f3nico a bug@fabudable.com, incluyendo todos los detalles que pueda. \u00a1Realmente apreciamos esto, as\u00ed que gracias de antemano! \ud83d\ude42<\/p>         \r\n        <\/div><\/div><div class=\"wpb_column vc_col-sm-6 bg-tra\">\r\n        <div class=\"questions-holder question\"> \r\n                   \r\n                   \r\n            <h5 class=\"Default h5-xs none os-version\">\u00bfQu\u00e9 tipos de documentos admite PDF ChatUp?<\/h5>\r\n            <p class=\"Default none os-version\">En la actualidad, los documentos admitidos incluyen; &#039;.docx&#039;, &#039;.pptx&#039;, &#039;.epub&#039;, &#039;.md&#039;, &#039;.txt&#039; y &#039;.odt&#039;. H\u00e1ganos saber si desea que agreguemos m\u00e1s tipos de documentos.<\/p>         \r\n        <\/div>\r\n        <div class=\"questions-holder question\"> \r\n                   \r\n                   \r\n            <h5 class=\"Default h5-xs none os-version\">Me gusta PDF ChatUp, \u00bfc\u00f3mo puedo ayudar?<\/h5>\r\n            <p class=\"Default none os-version\">\u00a1Eso es fant\u00e1stico! Puede ayudar simplemente compartiendo la aplicaci\u00f3n con amigos y familiares, informando errores\/inexactitudes que encuentre dentro de la aplicaci\u00f3n, enviando sugerencias de mejoras o convirti\u00e9ndose en un vendedor afiliado. (Por favor, p\u00f3ngase en contacto para discutir).<\/p>         \r\n        <\/div><\/div><\/div><div class=\"vc_row wpb_row vc_row-fluid bg-tra bg-cover vc_row-o-content-middle vc_row-flex\"><div class=\"wpb_column vc_col-sm-12 bg-tra\">\n\t<div class=\"wpb_text_column wpb_content_element  vc_custom_1687616216206\" >\n\t\t<div class=\"wpb_wrapper\">\n\t\t\t<div class=\"more-questions wow fadeInUp\" style=\"visibility: visible;\">\n<h5 class=\"h5-xs\" style=\"text-align: center;\">\u00bfTodav\u00eda tienes una pregunta? <a href=\"https:\/\/pdfchatup.com\/es\/contactenos\/\">P\u00f3ngase en contacto aqu\u00ed<\/a><\/h5>\n<\/div>\n\n\t\t<\/div>\n\t<\/div>\n<\/div><\/div><\/div><\/section><div class=\"vc_row-full-width vc_clearfix\"><\/div>\n<\/section>","protected":false},"excerpt":{"rendered":"PDFChatUp \u00a1Chatea con documentos PDF y m\u00e1s* mientras viajas usando el poder de la IA! Interact\u00faa con tus documentos como nunca antes. Los documentos admitidos incluyen; Complejidad &#039;.docx&#039;, &#039;.pptx&#039;, &#039;.epub&#039;, &#039;.md&#039;, &#039;.txt&#039; y &#039;.odt&#039; Simplific\u00f3 su asistente de documentos personales Utilice IA...","protected":false},"author":1,"featured_media":0,"parent":0,"menu_order":0,"comment_status":"closed","ping_status":"closed","template":"","meta":{"footnotes":""},"class_list":["post-65","page","type-page","status-publish","hentry","no-post-thumbnail"],"aioseo_notices":[],"_links":{"self":[{"href":"https:\/\/pdfchatup.com\/es\/wp-json\/wp\/v2\/pages\/65","targetHints":{"allow":["GET"]}}],"collection":[{"href":"https:\/\/pdfchatup.com\/es\/wp-json\/wp\/v2\/pages"}],"about":[{"href":"https:\/\/pdfchatup.com\/es\/wp-json\/wp\/v2\/types\/page"}],"author":[{"embeddable":true,"href":"https:\/\/pdfchatup.com\/es\/wp-json\/wp\/v2\/users\/1"}],"replies":[{"embeddable":true,"href":"https:\/\/pdfchatup.com\/es\/wp-json\/wp\/v2\/comments?post=65"}],"version-history":[{"count":70,"href":"https:\/\/pdfchatup.com\/es\/wp-json\/wp\/v2\/pages\/65\/revisions"}],"predecessor-version":[{"id":3160,"href":"https:\/\/pdfchatup.com\/es\/wp-json\/wp\/v2\/pages\/65\/revisions\/3160"}],"wp:attachment":[{"href":"https:\/\/pdfchatup.com\/es\/wp-json\/wp\/v2\/media?parent=65"}],"curies":[{"name":"wp","href":"https:\/\/api.w.org\/{rel}","templated":true}]}}