{"id":2879,"date":"2019-04-04T14:41:52","date_gmt":"2019-04-04T14:41:52","guid":{"rendered":"https:\/\/pdfchatup.com\/?page_id=2879"},"modified":"2024-02-19T11:21:29","modified_gmt":"2024-02-19T11:21:29","slug":"contact-us","status":"publish","type":"page","link":"https:\/\/pdfchatup.com\/es\/contactenos\/","title":{"rendered":"Cont\u00e1ctenos"},"content":{"rendered":"<section class=\"wpb-content-wrapper\"><section id=\"contacts-2\" data-vc-full-width=\"false\" data-vc-full-width-init=\"false\" data-vc-parallax-image=\"https:\/\/pdfchatup.com\/wp-content\/themes\/nextapp\/images\/banner-1.jpg\" data-opacity=\"1\" data-size=\"cover\" data-width=\"100%\" data-position=\"cover\" data-repeat=\"cover\" data-attachment=\"inherit\" class=\"bg-white wide-100 contacts-section division\"><div class=\"container\"><div class=\"vc_row wpb_row vc_row-fluid bg-tra bg-cover vc_row-o-content-middle vc_row-flex\"><div class=\"wpb_column vc_col-sm-1 bg-tra\"><\/div><div class=\"wpb_column vc_col-sm-10 bg-tra\">\n\t<div class=\"wpb_text_column wpb_content_element\" >\n\t\t<div class=\"wpb_wrapper\">\n\t\t\t\r\n        <div class=\"section-title text-center\">\r\n            <h3 class=\"h3-lg\">Contacte con nosotros<\/h3>\r\n            <p class=\"p-md\">Env\u00edanos un correo electr\u00f3nico a contact@pdfchatup.com<\/p>         \r\n        <\/div>\n\n\t\t<\/div>\n\t<\/div>\n<\/div><div class=\"wpb_column vc_col-sm-1 bg-tra\"><\/div><\/div><div class=\"vc_row wpb_row vc_row-fluid bg-tra bg-cover vc_row-o-content-middle vc_row-flex\"><div class=\"wpb_column vc_col-sm-1 bg-tra\"><\/div><div class=\"wpb_column vc_col-sm-1 bg-tra\"><\/div><\/div><\/div><\/section><div class=\"vc_row-full-width vc_clearfix\"><\/div>\n<\/section>","protected":false},"excerpt":{"rendered":"P\u00f3ngase en contacto Env\u00edenos un correo electr\u00f3nico a contact@pdfchatup.com","protected":false},"author":1,"featured_media":0,"parent":0,"menu_order":0,"comment_status":"closed","ping_status":"closed","template":"","meta":{"footnotes":""},"class_list":["post-2879","page","type-page","status-publish","hentry","no-post-thumbnail"],"aioseo_notices":[],"_links":{"self":[{"href":"https:\/\/pdfchatup.com\/es\/wp-json\/wp\/v2\/pages\/2879","targetHints":{"allow":["GET"]}}],"collection":[{"href":"https:\/\/pdfchatup.com\/es\/wp-json\/wp\/v2\/pages"}],"about":[{"href":"https:\/\/pdfchatup.com\/es\/wp-json\/wp\/v2\/types\/page"}],"author":[{"embeddable":true,"href":"https:\/\/pdfchatup.com\/es\/wp-json\/wp\/v2\/users\/1"}],"replies":[{"embeddable":true,"href":"https:\/\/pdfchatup.com\/es\/wp-json\/wp\/v2\/comments?post=2879"}],"version-history":[{"count":5,"href":"https:\/\/pdfchatup.com\/es\/wp-json\/wp\/v2\/pages\/2879\/revisions"}],"predecessor-version":[{"id":3164,"href":"https:\/\/pdfchatup.com\/es\/wp-json\/wp\/v2\/pages\/2879\/revisions\/3164"}],"wp:attachment":[{"href":"https:\/\/pdfchatup.com\/es\/wp-json\/wp\/v2\/media?parent=2879"}],"curies":[{"name":"wp","href":"https:\/\/api.w.org\/{rel}","templated":true}]}}