{"id":2837,"date":"2023-06-23T21:02:52","date_gmt":"2023-06-23T21:02:52","guid":{"rendered":"https:\/\/pdfchatup.com\/?page_id=2837"},"modified":"2024-10-12T13:23:31","modified_gmt":"2024-10-12T13:23:31","slug":"change-log","status":"publish","type":"page","link":"https:\/\/pdfchatup.com\/es\/registro-de-cambios\/","title":{"rendered":"Registro de cambios"},"content":{"rendered":"<p class=\"has-text-align-center\">Como lo indica el t\u00edtulo, esta p\u00e1gina rastrea los cambios (ya sean correcciones de errores o adiciones de funciones) realizados en la aplicaci\u00f3n.<\/p>\n\n\n\n<h2 class=\"wp-block-heading\" id=\"block-9ff1bd47-de4a-456f-bef4-3e19bb3041ec\">Versi\u00f3n 1.9.2 | <code>\u00daltimo lanzamiento<\/code><\/h2>\n\n\n\n<ul id=\"block-fbf9579d-95a4-4f23-8536-d3a8ecd9d0b6\" class=\"wp-block-list\">\n<li>Correcciones de errores importantes y mejoras de rendimiento.<\/li>\n\n\n\n<li>Peque\u00f1as mejoras de UI\/UX<\/li>\n<\/ul>\n\n\n\n<h2 class=\"wp-block-heading\" id=\"block-9ff1bd47-de4a-456f-bef4-3e19bb3041ec\">Versi\u00f3n 1.9.1<\/h2>\n\n\n\n<ul id=\"block-fbf9579d-95a4-4f23-8536-d3a8ecd9d0b6\" class=\"wp-block-list\">\n<li>Varias correcciones de errores y mejoras de rendimiento<\/li>\n<\/ul>\n\n\n\n<h2 class=\"wp-block-heading\" id=\"block-9ff1bd47-de4a-456f-bef4-3e19bb3041ec\">Versi\u00f3n 1.8.4<\/h2>\n\n\n\n<ul id=\"block-fbf9579d-95a4-4f23-8536-d3a8ecd9d0b6\" class=\"wp-block-list\">\n<li>Funciones\/mejoras de la aplicaci\u00f3n:\n<ul class=\"wp-block-list\">\n<li>Se volvi\u00f3 a habilitar la visualizaci\u00f3n del resumen del documento al conversar con chatbots.<\/li>\n<\/ul>\n<\/li>\n\n\n\n<li>Parches\/correcci\u00f3n de errores:\n<ul class=\"wp-block-list\">\n<li>Se solucion\u00f3 el problema con los elementos transcritos que no aparec\u00edan al reiniciar la aplicaci\u00f3n.<\/li>\n\n\n\n<li>Otras correcciones menores y mejoras de rendimiento<\/li>\n<\/ul>\n<\/li>\n<\/ul>\n\n\n\n<h2 class=\"wp-block-heading\" id=\"block-9ff1bd47-de4a-456f-bef4-3e19bb3041ec\">Versi\u00f3n 1.8.3<\/h2>\n\n\n\n<ul id=\"block-fbf9579d-95a4-4f23-8536-d3a8ecd9d0b6\" class=\"wp-block-list\">\n<li>Funciones\/mejoras de la aplicaci\u00f3n:\n<ul class=\"wp-block-list\">\n<li>Se agreg\u00f3 el modo de alternancia .srt a las transcripciones de IA.<\/li>\n<\/ul>\n<\/li>\n\n\n\n<li>Parches\/correcci\u00f3n de errores:\n<ul class=\"wp-block-list\">\n<li>Se solucion\u00f3 el problema por el cual el cuadro de comentarios\/sugerencias no se pod\u00eda editar<\/li>\n\n\n\n<li>Otras correcciones menores y mejoras de rendimiento<\/li>\n<\/ul>\n<\/li>\n<\/ul>\n\n\n\n<h2 class=\"wp-block-heading\" id=\"block-9ff1bd47-de4a-456f-bef4-3e19bb3041ec\">Versi\u00f3n 1.8.2<\/h2>\n\n\n\n<ul id=\"block-fbf9579d-95a4-4f23-8536-d3a8ecd9d0b6\" class=\"wp-block-list\">\n<li>Funciones\/mejoras de la aplicaci\u00f3n:\n<ul class=\"wp-block-list\">\n<li>Se agreg\u00f3 transcripci\u00f3n AI en la caja de herramientas: convertir audio en texto \u2728 NUEVO \u2728<\/li>\n\n\n\n<li>Se agreg\u00f3 la pesta\u00f1a &#039;Historial de transacciones&#039; que permite a los usuarios ver c\u00f3mo se gastaron sus cr\u00e9ditos.<\/li>\n<\/ul>\n<\/li>\n\n\n\n<li>Parches\/correcci\u00f3n de errores:\n<ul class=\"wp-block-list\">\n<li>Se solucion\u00f3 el problema con el control giratorio de carga perpetua para elementos de IA.<\/li>\n\n\n\n<li>Otras correcciones y mejoras de rendimiento<\/li>\n<\/ul>\n<\/li>\n<\/ul>\n\n\n\n<h2 class=\"wp-block-heading\" id=\"block-73b52f4d-df0b-42b1-82e5-bdbd7257635a\">Versi\u00f3n 1.8.0<\/h2>\n\n\n\n<ul id=\"block-131f8bf0-82b7-415a-9179-4d6a0fc59e46\" class=\"wp-block-list\">\n<li>\ud83d\udea8\ud83d\udee0\ufe0f Se requiere actualizaci\u00f3n de la aplicaci\u00f3n \ud83d\udea8<\/li>\n\n\n\n<li>Funciones\/mejoras de la aplicaci\u00f3n:\n<ul class=\"wp-block-list\">\n<li>Completamente renovado el sistema premium. Al\u00e9jese de las suscripciones y opte por pagos basados en cr\u00e9ditos.<\/li>\n\n\n\n<li>Otras correcciones y mejoras de rendimiento<\/li>\n<\/ul>\n<\/li>\n<\/ul>\n\n\n\n<h2 class=\"wp-block-heading\" id=\"block-73b52f4d-df0b-42b1-82e5-bdbd7257635a\">Versi\u00f3n 1.7.6<\/h2>\n\n\n\n<ul id=\"block-131f8bf0-82b7-415a-9179-4d6a0fc59e46\" class=\"wp-block-list\">\n<li>Funciones\/mejoras de la aplicaci\u00f3n:\n<ul class=\"wp-block-list\">\n<li>Se agreg\u00f3 AI Quiz Maker en la caja de herramientas: genere preguntas frecuentes autom\u00e1ticamente a partir de su texto<\/li>\n\n\n\n<li>UI y UX ajustados en las secciones de la caja de herramientas<\/li>\n<\/ul>\n<\/li>\n<\/ul>\n\n\n\n<h2 class=\"wp-block-heading\" id=\"block-73b52f4d-df0b-42b1-82e5-bdbd7257635a\">Versi\u00f3n 1.7.5<\/h2>\n\n\n\n<ul id=\"block-131f8bf0-82b7-415a-9179-4d6a0fc59e46\" class=\"wp-block-list\">\n<li>Funciones\/mejoras de la aplicaci\u00f3n:\n<ul class=\"wp-block-list\">\n<li>Enlace incluido al grupo de Telegram dentro de la aplicaci\u00f3n.<\/li>\n\n\n\n<li>Se agreg\u00f3 un video de demostraci\u00f3n para la funci\u00f3n Character AI.<\/li>\n\n\n\n<li>Se mejoraron los textos de la interfaz de usuario en la p\u00e1gina de pago.<\/li>\n<\/ul>\n<\/li>\n\n\n\n<li>Parches\/correcci\u00f3n de errores:\n<ul class=\"wp-block-list\">\n<li>Varias correcciones de errores y mejoras de rendimiento<\/li>\n<\/ul>\n<\/li>\n<\/ul>\n\n\n\n<h2 class=\"wp-block-heading\" id=\"block-73b52f4d-df0b-42b1-82e5-bdbd7257635a\">Versi\u00f3n 1.7.4<\/h2>\n\n\n\n<ul id=\"block-131f8bf0-82b7-415a-9179-4d6a0fc59e46\" class=\"wp-block-list\">\n<li>Funciones\/mejoras de la aplicaci\u00f3n:\n<ul class=\"wp-block-list\">\n<li>Funci\u00f3n de resumen implementada en la secci\u00f3n de caja de herramientas<\/li>\n<\/ul>\n<\/li>\n\n\n\n<li>Parches\/correcci\u00f3n de errores:\n<ul class=\"wp-block-list\">\n<li>Varias correcciones de errores y mejoras de rendimiento<\/li>\n<\/ul>\n<\/li>\n<\/ul>\n\n\n\n<h2 class=\"wp-block-heading\" id=\"block-73b52f4d-df0b-42b1-82e5-bdbd7257635a\">Versi\u00f3n 1.7.2<\/h2>\n\n\n\n<ul id=\"block-131f8bf0-82b7-415a-9179-4d6a0fc59e46\" class=\"wp-block-list\">\n<li>Funciones\/mejoras de la aplicaci\u00f3n:\n<ul class=\"wp-block-list\">\n<li>Varios pulidos y actualizaciones de UI y UX<\/li>\n<\/ul>\n<\/li>\n\n\n\n<li>Parches\/correcci\u00f3n de errores:\n<ul class=\"wp-block-list\">\n<li>Correcci\u00f3n de errores menores y mejoras de rendimiento<\/li>\n<\/ul>\n<\/li>\n<\/ul>\n\n\n\n<h2 class=\"wp-block-heading\" id=\"block-73b52f4d-df0b-42b1-82e5-bdbd7257635a\">Versi\u00f3n 1.7.1<\/h2>\n\n\n\n<ul id=\"block-131f8bf0-82b7-415a-9179-4d6a0fc59e46\" class=\"wp-block-list\">\n<li>Hot Fix \ud83d\udea8\ud83d\udee0\ufe0f: se corrigieron 2 errores importantes relacionados con la nueva funci\u00f3n <\/li>\n\n\n\n<li>Funciones\/mejoras de la aplicaci\u00f3n:\n<ul class=\"wp-block-list\">\n<li>Adici\u00f3n de una nueva secci\u00f3n &#039;Caja de herramientas&#039;<\/li>\n\n\n\n<li>Adici\u00f3n del chat de personajes AI que permite a los usuarios chatear con personajes de su literatura.<\/li>\n<\/ul>\n<\/li>\n<\/ul>\n\n\n\n<h2 class=\"wp-block-heading\" id=\"block-73b52f4d-df0b-42b1-82e5-bdbd7257635a\">Versi\u00f3n 1.7.0<\/h2>\n\n\n\n<ul id=\"block-131f8bf0-82b7-415a-9179-4d6a0fc59e46\" class=\"wp-block-list\">\n<li>Funciones\/mejoras de la aplicaci\u00f3n:\n<ul class=\"wp-block-list\">\n<li>Adici\u00f3n de una nueva secci\u00f3n &#039;Caja de herramientas&#039;<\/li>\n\n\n\n<li>Adici\u00f3n del chat de personajes AI que permite a los usuarios chatear con personajes de su literatura.<\/li>\n<\/ul>\n<\/li>\n<\/ul>\n\n\n\n<h2 class=\"wp-block-heading\" id=\"block-73b52f4d-df0b-42b1-82e5-bdbd7257635a\">Versi\u00f3n 1.6.8<\/h2>\n\n\n\n<ul id=\"block-131f8bf0-82b7-415a-9179-4d6a0fc59e46\" class=\"wp-block-list\">\n<li>Funciones\/mejoras de la aplicaci\u00f3n:\n<ul class=\"wp-block-list\">\n<li>Se agreg\u00f3 un men\u00fa contextual a los chatbots. Los usuarios ahora pueden eliminar f\u00e1cilmente chatbots y documentos de la p\u00e1gina de inicio con una pulsaci\u00f3n larga.<\/li>\n<\/ul>\n<\/li>\n\n\n\n<li>Parches\/correcci\u00f3n de errores:\n<ul class=\"wp-block-list\">\n<li>Se solucion\u00f3 el problema con las p\u00e1ginas de referencia de documentos que se mostraban en blanco al reiniciar profundamente la aplicaci\u00f3n.<\/li>\n\n\n\n<li>Otras mejoras y correcciones de errores menores<\/li>\n<\/ul>\n<\/li>\n<\/ul>\n\n\n\n<h2 class=\"wp-block-heading\" id=\"block-73b52f4d-df0b-42b1-82e5-bdbd7257635a\">Versi\u00f3n 1.6.7<\/h2>\n\n\n\n<ul id=\"block-131f8bf0-82b7-415a-9179-4d6a0fc59e46\" class=\"wp-block-list\">\n<li>Parches\/correcci\u00f3n de errores:\n<ul class=\"wp-block-list\">\n<li>Mejoras y correcciones de errores menores.<\/li>\n<\/ul>\n<\/li>\n<\/ul>\n\n\n\n<h2 class=\"wp-block-heading\" id=\"version-102--latest-release\">Versi\u00f3n 1.6.6<\/h2>\n\n\n\n<ul class=\"wp-block-list\">\n<li>Funciones\/mejoras de la aplicaci\u00f3n:   \n<ul class=\"wp-block-list\">\n<li>Varias mejoras al flujo de UX<\/li>\n<\/ul>\n<\/li>\n\n\n\n<li>Parches\/correcci\u00f3n de errores: \n<ul class=\"wp-block-list\">\n<li>Mejoras y correcciones de errores menores.<\/li>\n<\/ul>\n<\/li>\n<\/ul>\n\n\n\n<h2 class=\"wp-block-heading\" id=\"version-102--latest-release\">Versi\u00f3n 1.6.5<\/h2>\n\n\n\n<ul class=\"wp-block-list\">\n<li>Funciones\/mejoras de la aplicaci\u00f3n:   \n<ul class=\"wp-block-list\">\n<li>L\u00edmites de mensajes diarios aumentados para usuarios premium\/pro<\/li>\n\n\n\n<li>Simplific\u00f3 el proceso de eliminaci\u00f3n de cuentas<\/li>\n<\/ul>\n<\/li>\n\n\n\n<li>Parches\/correcci\u00f3n de errores: \n<ul class=\"wp-block-list\">\n<li>Mejoras y correcciones de errores menores.<\/li>\n<\/ul>\n<\/li>\n<\/ul>\n\n\n\n<h2 class=\"wp-block-heading\" id=\"version-102--latest-release\">Versi\u00f3n 1.6.4<\/h2>\n\n\n\n<ul class=\"wp-block-list\">\n<li>Funciones\/mejoras de la aplicaci\u00f3n:   \n<ul class=\"wp-block-list\">\n<li>Se volvi\u00f3 a agregar soporte para tipos de archivos adicionales, incluidos; \u201cdocx\u201d, \u201cpptx\u201d, \u201cepub\u201d, \u201cmd\u201d, \u201ctxt\u201d, \u201codt\u201d y \u201crtf\u201d<\/li>\n\n\n\n<li>Cambio de nombre implementado del historial de chat.<\/li>\n<\/ul>\n<\/li>\n\n\n\n<li>Parches\/correcci\u00f3n de errores: \n<ul class=\"wp-block-list\">\n<li>Se implement\u00f3 un manejo adecuado de los chatbots fallidos.<\/li>\n<\/ul>\n<\/li>\n<\/ul>\n\n\n\n<h2 class=\"wp-block-heading\" id=\"version-102--latest-release\">Versi\u00f3n 1.6.3<\/h2>\n\n\n\n<ul class=\"wp-block-list\">\n<li>Mejoras de la aplicaci\u00f3n\/Parches\/Correcci\u00f3n de errores: \n\n\n\n\n\n\n\n\n\n\n\n\n\n\n\n\n\n\n\n\n\n\n\n\n\n\n\n\n\n\n\n\n\n\n\n\n<ul class=\"wp-block-list\">\n<li>El idioma predeterminado de la aplicaci\u00f3n en el inicio inicial de la aplicaci\u00f3n ahora se establece seg\u00fan el idioma del dispositivo<\/li>\n<\/ul>\n\n\n\n<ul class=\"wp-block-list\">\n<li>Otras correcciones y mejoras menores<\/li>\n<\/ul>\n<\/li>\n<\/ul>\n\n\n\n<h2 class=\"wp-block-heading\" id=\"version-102--latest-release\">Versi\u00f3n 1.6.2<\/h2>\n\n\n\n<ul class=\"wp-block-list\">\n<li>Mejoras de la aplicaci\u00f3n\/Parches\/Correcci\u00f3n de errores: \n<ul class=\"wp-block-list\">\n<li>Se corrigi\u00f3 el error que provocaba que los usuarios profesionales no fueran reconocidos en ocasiones. <\/li>\n\n\n\n<li>Se implementaron comentarios \u00fatiles para los usuarios al alcanzar la cuota diaria.<\/li>\n\n\n\n<li>Se refin\u00f3 la p\u00e1gina de m\u00e9tricas de usuario.<\/li>\n\n\n\n<li>Se agreg\u00f3 soporte para idiomas adicionales.<\/li>\n<\/ul>\n<\/li>\n<\/ul>\n\n\n\n<h2 class=\"wp-block-heading\" id=\"version-102--latest-release\">Versi\u00f3n 1.6.1<\/h2>\n\n\n\n<ul class=\"wp-block-list\">\n<li>Parches\/correcci\u00f3n de errores: \n<ul class=\"wp-block-list\">\n<li>Se solucion\u00f3 un problema menor de la interfaz de usuario en la p\u00e1gina de actualizaci\u00f3n.<\/li>\n\n\n\n<li>Se implement\u00f3 un manejo adecuado de los chatbots &quot;obsoletos&quot;.<\/li>\n<\/ul>\n<\/li>\n<\/ul>\n\n\n\n<h2 class=\"wp-block-heading\" id=\"version-102--latest-release\">Versi\u00f3n 1.6.0<\/h2>\n\n\n\n<ul class=\"wp-block-list\">\n<li>Funciones\/mejoras de la aplicaci\u00f3n:   \n<ul class=\"wp-block-list\">\n<li>Se cambi\u00f3 el modelo premium de suscripci\u00f3n mensual a pagos \u00fanicos.<\/li>\n<\/ul>\n<\/li>\n\n\n\n<li>Parches y correcciones de errores: \n<ul class=\"wp-block-list\">\n<li>Otras correcciones de errores menores y mejoras de rendimiento<\/li>\n<\/ul>\n<\/li>\n<\/ul>\n\n\n\n<h2 class=\"wp-block-heading\" id=\"version-102--latest-release\">Versi\u00f3n 1.5.0<\/h2>\n\n\n\n<ul class=\"wp-block-list\">\n<li>Caracter\u00edsticas y mejoras de la aplicaci\u00f3n:  \n\n\n\n\n<ul class=\"wp-block-list\">\n<li>Se agregaron notificaciones push a la aplicaci\u00f3n. Los usuarios ahora reciben una notificaci\u00f3n cuando se completa la capacitaci\u00f3n del chatbot.<\/li>\n\n\n\n<li>Los elementos del historial de chat ahora muestran el nombre del chatbot correspondiente<\/li>\n<\/ul>\n<\/li>\n\n\n\n<li>Parches y correcciones de errores:\n\n\n\n\n<ul class=\"wp-block-list\">\n<li>Otras correcciones de errores importantes y mejoras de rendimiento<\/li>\n<\/ul>\n<\/li>\n<\/ul>\n\n\n\n<h2 class=\"wp-block-heading\" id=\"version-102--latest-release\">Versi\u00f3n 1.4.2<\/h2>\n\n\n\n<ul class=\"wp-block-list\">\n<li>Caracter\u00edsticas y mejoras de la aplicaci\u00f3n:  \n\n\n\n\n\n\n\n\n\n\n\n\n\n\n\n\n\n\n\n\n\n\n\n\n\n\n\n\n\n\n\n\n\n\n\n\n\n\n\n\n\n\n\n\n\n\n<ul class=\"wp-block-list\">\n<li>Se agreg\u00f3 compatibilidad con OCR para procesar documentos que no se pueden buscar<\/li>\n<\/ul>\n\n\n\n<ul class=\"wp-block-list\">\n<li>UX pulido y animaciones en secciones de las aplicaciones<\/li>\n<\/ul>\n<\/li>\n\n\n\n<li>Parches y correcciones de errores:\n\n\n\n\n\n\n\n\n\n\n\n\n\n\n\n\n\n\n\n\n\n\n\n\n\n\n\n\n\n\n\n\n\n\n\n\n\n\n\n\n\n\n\n\n\n\n<ul class=\"wp-block-list\">\n<li>Se corrigi\u00f3 la falla en la creaci\u00f3n de Chatbot cuando se seleccionan archivos con nombres muy largos<\/li>\n<\/ul>\n\n\n\n<ul class=\"wp-block-list\">\n<li>Otras correcciones de errores importantes y mejoras de rendimiento<\/li>\n<\/ul>\n<\/li>\n<\/ul>\n\n\n\n<h2 class=\"wp-block-heading\" id=\"version-102--latest-release\">Versi\u00f3n 1.4.1<\/h2>\n\n\n\n<ul class=\"wp-block-list\">\n<li>Parches y revisiones:\n<ul class=\"wp-block-list\">\n<li>Problema resuelto con la pantalla de conversaci\u00f3n desbordada con el texto de bienvenida inicial, cuando un usuario intenta hacer una pregunta inmediatamente despu\u00e9s de ver un resumen<\/li>\n\n\n\n<li>Los res\u00famenes de los documentos utilizados para entrenar a los chatbots ahora se generan en el idioma de origen<\/li>\n<\/ul>\n<\/li>\n<\/ul>\n\n\n\n<h2 class=\"wp-block-heading\" id=\"version-102--latest-release\">Versi\u00f3n 1.4.0<\/h2>\n\n\n\n<ul class=\"wp-block-list\">\n<li>Caracter\u00edsticas y mejoras de UX de la aplicaci\u00f3n:  \n<ul class=\"wp-block-list\">\n<li>Proceso de capacitaci\u00f3n significativamente mejorado para chatbots personalizados<\/li>\n\n\n\n<li>Funci\u00f3n\/proceso de resumen fusionado con el chatbot principal<\/li>\n<\/ul>\n<\/li>\n\n\n\n<li>Parches y correcciones de errores:\n<ul class=\"wp-block-list\">\n<li>Correcci\u00f3n de errores menores y mejoras de rendimiento<\/li>\n<\/ul>\n<\/li>\n<\/ul>\n\n\n\n<h2 class=\"wp-block-heading\" id=\"version-102--latest-release\">Versi\u00f3n 1.3.0<\/h2>\n\n\n\n<ul class=\"wp-block-list\">\n<li>Nuevas funciones y mejoras en la experiencia de usuario de la aplicaci\u00f3n: \n\n\n\n\n\n\n\n\n\n\n\n\n\n\n\n\n\n\n\n\n\n\n\n\n\n\n\n\n\n\n\n\n\n\n\n\n\n\n\n\n\n\n\n\n\n\n\n\n\n\n\n\n<ul class=\"wp-block-list\">\n<li>Se implement\u00f3 la pantalla &quot;Ver todo&quot; para los chatbots, as\u00ed como la capacidad de eliminarlos.<\/li>\n<\/ul>\n\n\n\n<ul class=\"wp-block-list\">\n<li>Se redujo la cantidad de pasos necesarios para crear un Chatbot de 3 a 2<\/li>\n<\/ul>\n<\/li>\n\n\n\n<li>Parches y correcciones de errores:\n<ul class=\"wp-block-list\">\n<li>Se corrigi\u00f3 la notificaci\u00f3n de brindis incorrecta que se mostraba despu\u00e9s de la creaci\u00f3n del resumen<\/li>\n\n\n\n<li>Se actualiz\u00f3 el esquema de la base de datos local para admitir las pr\u00f3ximas versiones futuras y solucionar una serie de problemas locales.<\/li>\n\n\n\n<li>Otras correcciones de errores menores y mejoras de rendimiento<\/li>\n<\/ul>\n<\/li>\n<\/ul>\n\n\n\n<h2 class=\"wp-block-heading\" id=\"version-102--latest-release\">Versi\u00f3n 1.2.1<\/h2>\n\n\n\n<ul class=\"wp-block-list\">\n<li>Nuevas funciones y mejoras en la experiencia de usuario de la aplicaci\u00f3n:\n\n\n\n\n\n\n\n\n\n\n\n\n\n\n\n\n\n\n\n\n\n\n\n\n\n\n\n\n\n\n\n\n\n\n\n\n\n\n\n\n\n\n\n\n\n\n\n\n\n\n\n\n\n\n\n\n\n\n<ul class=\"wp-block-list\">\n<li>Opci\u00f3n implementada para seleccionar el idioma del resumen al generar &quot;Res\u00famenes de IA&quot;<\/li>\n<\/ul>\n\n\n\n<ul class=\"wp-block-list\">\n<li>Hizo que el texto de la conversaci\u00f3n, as\u00ed como el texto de resumen generado, se pudieran seleccionar y copiar fuera de la aplicaci\u00f3n.<\/li>\n\n\n\n<li>Importantes mejoras generales en la localizaci\u00f3n de aplicaciones<\/li>\n<\/ul>\n<\/li>\n\n\n\n<li>Parches y correcciones de errores:\n<ul class=\"wp-block-list\">\n<li>Se solucion\u00f3 el problema con la visualizaci\u00f3n inicial del texto resumido como &quot;TBD&quot;<\/li>\n\n\n\n<li>N\u00famero de cuota rectificado para &quot;Resumen de IA&quot; en la pantalla de m\u00e9tricas de uso<\/li>\n\n\n\n<li>Otras correcciones de errores menores y mejoras de rendimiento<\/li>\n<\/ul>\n<\/li>\n<\/ul>\n\n\n\n<h2 class=\"wp-block-heading\" id=\"version-102--latest-release\">Versi\u00f3n 1.2.0<\/h2>\n\n\n\n<ul class=\"wp-block-list\">\n<li>Nuevas funciones y mejoras en la experiencia de usuario de la aplicaci\u00f3n:\n\n\n\n\n\n\n\n\n\n\n\n\n\n\n\n\n\n\n\n\n\n\n\n\n\n\n\n\n\n\n\n\n\n\n\n\n\n\n\n\n\n\n\n\n\n\n\n\n\n\n\n\n\n\n\n\n<ul class=\"wp-block-list\">\n<li>Se implementaron &quot;Res\u00famenes de IA&quot;; un nuevo flujo de UX para permitir a los usuarios resumir f\u00e1cilmente sus documentos usando IA<\/li>\n<\/ul>\n\n\n\n<ul class=\"wp-block-list\">\n<li>Cambi\u00f3 la f\u00edsica de desplazamiento en la p\u00e1gina de inicio, para una UX m\u00e1s intuitiva<\/li>\n<\/ul>\n<\/li>\n\n\n\n<li>Parches y correcciones de errores:\n<ul class=\"wp-block-list\">\n<li>Se corrigieron varios problemas con el texto de localizaci\u00f3n.<\/li>\n\n\n\n<li>UX adaptado para notificar a los usuarios cuando no se detecta ninguna red durante la creaci\u00f3n del chatbot<\/li>\n\n\n\n<li>Otras correcciones de errores menores y mejoras de rendimiento<\/li>\n<\/ul>\n<\/li>\n<\/ul>\n\n\n\n<h2 class=\"wp-block-heading\" id=\"version-102--latest-release\">Versi\u00f3n 1.1.0<\/h2>\n\n\n\n<ul class=\"wp-block-list\">\n<li>Caracter\u00edsticas y mejoras de UX de la aplicaci\u00f3n:\n<ul class=\"wp-block-list\">\n<li>Se agreg\u00f3 soporte para tipos de archivos adicionales, incluidos; &#039;.docx&#039; (Word), &#039;.pptx&#039; (PowerPoint), &#039;.epub&#039;, &#039;.md&#039; (Markdown), &#039;.txt&#039; y &#039;.odt&#039;<\/li>\n\n\n\n<li>Se implement\u00f3 la p\u00e1gina &quot;M\u00e9tricas de uso&quot; para permitir a los usuarios ver varias m\u00e9tricas asociadas con su cuenta<\/li>\n<\/ul>\n<\/li>\n\n\n\n<li>Parches y correcciones de errores:\n<ul class=\"wp-block-list\">\n<li>Correcci\u00f3n de errores menores y mejoras de rendimiento<\/li>\n<\/ul>\n<\/li>\n<\/ul>\n\n\n\n<h2 class=\"wp-block-heading\" id=\"version-102--latest-release\">Versi\u00f3n 1.0.3<\/h2>\n\n\n\n<ul class=\"wp-block-list\">\n<li>Mejoras en la experiencia de usuario de la aplicaci\u00f3n:\n<ul class=\"wp-block-list\">\n<li>Cita de fuentes redise\u00f1ada para que sea compacta, m\u00ednima y \u00fatil. Los usuarios ahora pueden hacer clic en los botones de la p\u00e1gina para abrir la p\u00e1gina de referencia utilizada<\/li>\n\n\n\n<li>Historial de contexto de chat implementado. El chatbot ahora tiene en cuenta conversaciones anteriores<\/li>\n<\/ul>\n<\/li>\n\n\n\n<li>Parches y correcciones de errores:\n<ul class=\"wp-block-list\">\n<li>Se corrigi\u00f3 el error con las compras en la aplicaci\u00f3n que no se reconoc\u00edan inicialmente al iniciar sesi\u00f3n el usuario<\/li>\n\n\n\n<li>UX mejorado para la validaci\u00f3n de formularios durante la creaci\u00f3n de un chatbot<\/li>\n\n\n\n<li>Enlaces en la aplicaci\u00f3n actualizados para apuntar a las p\u00e1ginas de destino correctas<\/li>\n<\/ul>\n<\/li>\n<\/ul>\n\n\n\n<h2 class=\"wp-block-heading\" id=\"version-102--latest-release\">Versi\u00f3n 1.0.2<\/h2>\n\n\n\n<ul class=\"wp-block-list\">\n<li>Parches y correcciones de errores:\n<ul class=\"wp-block-list\">\n<li>Experiencia de usuario premium desarrollada, as\u00ed como indicadores en la aplicaci\u00f3n de cuenta premium<\/li>\n\n\n\n<li>Se solucion\u00f3 el problema con las limitaciones que no se levantaban despu\u00e9s de la suscripci\u00f3n premium<\/li>\n\n\n\n<li>Campo restringido para el nombre del chatbot a caracteres alfanum\u00e9ricos y d\u00edgitos<\/li>\n\n\n\n<li>Se corrigieron varios errores tipogr\u00e1ficos.<\/li>\n<\/ul>\n<\/li>\n<\/ul>\n\n\n\n<h2 class=\"wp-block-heading\" id=\"version-101\">Versi\u00f3n 1.0.1<\/h2>\n\n\n\n<ul class=\"wp-block-list\">\n<li>Parches y correcciones de errores:\n<ul class=\"wp-block-list\">\n<li>Se implement\u00f3 el manejo adecuado del comportamiento para entrenar chatbots con una gran cantidad de archivos\/n\u00fameros de p\u00e1gina<\/li>\n\n\n\n<li>Otras correcciones de errores menores y mejoras de rendimiento<\/li>\n<\/ul>\n<\/li>\n<\/ul>\n\n\n\n<h2 class=\"wp-block-heading\" id=\"version-100--initial-release\">Versi\u00f3n 1.0.0 | <code>Versi\u00f3n inicial<\/code><\/h2>\n\n\n\n<ul class=\"wp-block-list\">\n<li>1er lanzamiento oficial de la aplicaci\u00f3n. Permite la creaci\u00f3n de chatbots personalizados que hacen que chatear con sus archivos PDF sea muy f\u00e1cil.<\/li>\n<\/ul>","protected":false},"excerpt":{"rendered":"<p>Como lo indica el t\u00edtulo, esta p\u00e1gina hace un seguimiento de los cambios (ya sean correcciones de errores o adiciones de funciones) realizados en la aplicaci\u00f3n. Versi\u00f3n 1.9.2 | \u00daltimo lanzamiento Versi\u00f3n 1.9.1 Versi\u00f3n 1.8.4 Versi\u00f3n 1.8.3 Versi\u00f3n 1.8.2 Versi\u00f3n 1.8.0 Versi\u00f3n 1.7.6 Versi\u00f3n 1.7.5 Versi\u00f3n 1.7.4 Versi\u00f3n\u2026<\/p>","protected":false},"author":1,"featured_media":0,"parent":0,"menu_order":0,"comment_status":"closed","ping_status":"closed","template":"","meta":{"footnotes":""},"class_list":["post-2837","page","type-page","status-publish","hentry","no-post-thumbnail"],"aioseo_notices":[],"_links":{"self":[{"href":"https:\/\/pdfchatup.com\/es\/wp-json\/wp\/v2\/pages\/2837","targetHints":{"allow":["GET"]}}],"collection":[{"href":"https:\/\/pdfchatup.com\/es\/wp-json\/wp\/v2\/pages"}],"about":[{"href":"https:\/\/pdfchatup.com\/es\/wp-json\/wp\/v2\/types\/page"}],"author":[{"embeddable":true,"href":"https:\/\/pdfchatup.com\/es\/wp-json\/wp\/v2\/users\/1"}],"replies":[{"embeddable":true,"href":"https:\/\/pdfchatup.com\/es\/wp-json\/wp\/v2\/comments?post=2837"}],"version-history":[{"count":165,"href":"https:\/\/pdfchatup.com\/es\/wp-json\/wp\/v2\/pages\/2837\/revisions"}],"predecessor-version":[{"id":3173,"href":"https:\/\/pdfchatup.com\/es\/wp-json\/wp\/v2\/pages\/2837\/revisions\/3173"}],"wp:attachment":[{"href":"https:\/\/pdfchatup.com\/es\/wp-json\/wp\/v2\/media?parent=2837"}],"curies":[{"name":"wp","href":"https:\/\/api.w.org\/{rel}","templated":true}]}}