{"id":1859,"date":"2019-04-04T15:07:31","date_gmt":"2019-04-04T15:07:31","guid":{"rendered":"https:\/\/jthemes.net\/themes\/wp\/nextapp\/?page_id=1859"},"modified":"2023-12-13T23:34:58","modified_gmt":"2023-12-13T23:34:58","slug":"faqs","status":"publish","type":"page","link":"https:\/\/pdfchatup.com\/es\/preguntas-frecuentes\/","title":{"rendered":"preguntas frecuentes"},"content":{"rendered":"<section class=\"wpb-content-wrapper\"><section data-vc-full-width=\"false\" data-vc-full-width-init=\"false\" data-vc-parallax-image=\"https:\/\/pdfchatup.com\/wp-content\/themes\/nextapp\/images\/banner-1.jpg\" data-opacity=\"1\" data-size=\"cover\" data-width=\"100%\" data-position=\"cover\" data-repeat=\"cover\" data-attachment=\"inherit\" class=\"bg-lightgrey enable-bg-inner\"><div class=\"section-inner-wrap bg-inner division bg-tra\" id=\"inner-page-title\"><div class=\"container\"><div class=\"vc_row wpb_row vc_row-fluid bg-tra bg-cover vc_row-o-content-middle vc_row-flex\"><div class=\"wpb_column vc_col-sm-12 bg-tra\"><h1 style=\"text-align: center;font-family:Abril Fatface;font-weight:400;font-style:normal\" class=\"vc_custom_heading\" >preguntas frecuentes<\/h1><\/div><\/div><\/div><\/div><\/section><div class=\"vc_row-full-width vc_clearfix\"><\/div><section id=\"faqs-3\" data-vc-full-width=\"false\" data-vc-full-width-init=\"false\" data-vc-parallax-image=\"https:\/\/pdfchatup.com\/wp-content\/themes\/nextapp\/images\/banner-1.jpg\" data-opacity=\"1\" data-size=\"cover\" data-width=\"100%\" data-position=\"cover\" data-repeat=\"cover\" data-attachment=\"inherit\" class=\"bg-white wide-100 questions-grid enable-bg-inner\"><div class=\"section-inner-wrap bg-inner division bg-tra\" ><div class=\"container\"><div class=\"vc_row wpb_row vc_row-fluid masonry-wrap1 grid-loaded bg-tra bg-inherit\"><div class=\"wpb_column vc_col-sm-12 vc_custom_1702509844343 bg-tra\">\r\n        <div class=\"questions-wrap\"> \r\n            <h5 class=\"theme-color h5-md none\">Preguntas generales<\/h5>           \r\n            <div class=\"perch-list\"><div class=\"mb-25\"><h5 class=\"Default h5-xs none\">\u00bfQu\u00e9 es PDF ChatUp?<\/h5><p>PDF ChatUp es una aplicaci\u00f3n m\u00f3vil que le permite chatear con sus documentos mientras viaja utilizando el poder de la IA. Adem\u00e1s, PDF ChatUp ofrece una variedad de herramientas de inteligencia artificial para aumentar su productividad.<\/p><\/div><div class=\"mb-25\"><h5 class=\"Default h5-xs none\">\u00bfComo funciona?<\/h5><p>Comience creando un chatbot personalizado, especificando una lista de documentos que desea consultar. Una vez creado su chatbot, haga cualquier pregunta relacionada con el documento. El modelo de IA subyacente recuperar\u00e1 cualquier informaci\u00f3n relevante del documento y le brindar\u00e1 una respuesta bien informada, asegur\u00e1ndose de citar la lista de fuentes utilizadas.<\/p><\/div><div class=\"mb-25\"><h5 class=\"Default h5-xs none\">\u00bfPor qu\u00e9 no ofreces una versi\u00f3n gratuita?<\/h5><p>Desafortunadamente, PDF ChatUp genera costos de servidor necesarios para ejecutar varios modelos de IA. Dado que no publicitamos ni vendemos sus datos, los ingresos obtenidos de la venta de cr\u00e9ditos en la aplicaci\u00f3n se utilizan para pagar estos servidores. Sin embargo, no existe un modelo de suscripci\u00f3n y solo pagas por lo que usas. (Consulta la p\u00e1gina premium de la aplicaci\u00f3n para obtener m\u00e1s informaci\u00f3n). <br\/>\nCont\u00e1ctanos si eres un <strong>nueva cuenta<\/strong> y me gustar\u00eda obtener cr\u00e9ditos gratuitos para probar la aplicaci\u00f3n. <\/p><\/div><div class=\"mb-25\"><h5 class=\"Default h5-xs none\">\u00bfQu\u00e9 tipos de documentos admite PDF ChatUp?<\/h5><p>En la actualidad, los documentos admitidos incluyen; &#039;.docx&#039;, &#039;.pptx&#039;, &#039;.epub&#039;, &#039;.md&#039;, &#039;.txt&#039; y &#039;.odt&#039;. H\u00e1ganos saber si desea que agreguemos m\u00e1s tipos de documentos.<\/p><\/div><\/div>     \r\n        <\/div>\r\n        <div class=\"questions-wrap\"> \r\n            <h5 class=\"theme-color h5-md none\">Preguntas relacionadas con los datos<\/h5>           \r\n            <div class=\"perch-list\"><div class=\"mb-25\"><h5 class=\"Default h5-xs none\">\u00bfMis datos est\u00e1n seguros\/protegidos?<\/h5><p>Sus archivos se cifran durante el tr\u00e1nsito y se almacenan en una infraestructura segura y totalmente administrada. Nuestro proveedor de almacenamiento tiene la certificaci\u00f3n SOC2 Tipo 2 (una certificaci\u00f3n basada en el marco COSO).<\/p><\/div><div class=\"mb-25\"><h5 class=\"Default h5-xs none\">\u00bfPor cu\u00e1nto tiempo guardan mis documentos?<\/h5><p>Los datos de los chatbots creados por usuarios gratuitos se eliminan por completo despu\u00e9s de 21 d\u00edas de inactividad (3 semanas). <\/p><\/div><\/div>     \r\n        <\/div>\r\n        <div class=\"questions-wrap\"> \r\n            <h5 class=\"theme-color h5-md none\">Preguntas relacionadas con la cuenta<\/h5>           \r\n            <div class=\"perch-list\"><div class=\"mb-25\"><h5 class=\"Default h5-xs none\">\u00bfPor qu\u00e9 necesitas una cuenta?<\/h5><p>Poder vincular compras a cr\u00e9dito a cuentas espec\u00edficas. PDF ChatUp es multiplataforma (disponible en Android e iOS) y la misma cuenta con beneficios premium se puede utilizar en varios dispositivos.<\/p><\/div><\/div>     \r\n        <\/div><\/div><\/div><div class=\"vc_row wpb_row vc_row-fluid bg-tra bg-inherit vc_row-o-content-middle vc_row-flex\"><div class=\"wpb_column vc_col-sm-12 bg-tra\">\n\t<div class=\"wpb_text_column wpb_content_element\" >\n\t\t<div class=\"wpb_wrapper\">\n\t\t\t<div class=\"more-questions wow fadeInUp\" style=\"visibility: visible; animation-delay: 1.3s; animation-name: fadeInUp;\" data-wow-delay=\"1.3s\">\n<h5 class=\"h5-xs\" style=\"text-align: center;\">\u00bfTodav\u00eda tienes una pregunta? <a href=\"https:\/\/pdfchatup.com\/es\/contactenos\/\">Ponerse en contacto<\/a><\/h5>\n<\/div>\n\n\t\t<\/div>\n\t<\/div>\n<\/div><\/div><\/div><\/div><\/section><div class=\"vc_row-full-width vc_clearfix\"><\/div>\n<\/section>","protected":false},"excerpt":{"rendered":"Preguntas frecuentes Preguntas generales \u00bfQu\u00e9 es PDF ChatUp?PDF ChatUp es una aplicaci\u00f3n m\u00f3vil que le permite chatear con sus documentos mientras viaja utilizando el poder de la IA. Adem\u00e1s, PDF ChatUp ofrece una variedad de herramientas de inteligencia artificial para impulsar...","protected":false},"author":1,"featured_media":0,"parent":0,"menu_order":0,"comment_status":"closed","ping_status":"closed","template":"","meta":{"footnotes":""},"class_list":["post-1859","page","type-page","status-publish","hentry","no-post-thumbnail"],"aioseo_notices":[],"_links":{"self":[{"href":"https:\/\/pdfchatup.com\/es\/wp-json\/wp\/v2\/pages\/1859","targetHints":{"allow":["GET"]}}],"collection":[{"href":"https:\/\/pdfchatup.com\/es\/wp-json\/wp\/v2\/pages"}],"about":[{"href":"https:\/\/pdfchatup.com\/es\/wp-json\/wp\/v2\/types\/page"}],"author":[{"embeddable":true,"href":"https:\/\/pdfchatup.com\/es\/wp-json\/wp\/v2\/users\/1"}],"replies":[{"embeddable":true,"href":"https:\/\/pdfchatup.com\/es\/wp-json\/wp\/v2\/comments?post=1859"}],"version-history":[{"count":6,"href":"https:\/\/pdfchatup.com\/es\/wp-json\/wp\/v2\/pages\/1859\/revisions"}],"predecessor-version":[{"id":3156,"href":"https:\/\/pdfchatup.com\/es\/wp-json\/wp\/v2\/pages\/1859\/revisions\/3156"}],"wp:attachment":[{"href":"https:\/\/pdfchatup.com\/es\/wp-json\/wp\/v2\/media?parent=1859"}],"curies":[{"name":"wp","href":"https:\/\/api.w.org\/{rel}","templated":true}]}}