{"id":1828,"date":"2019-04-04T13:42:12","date_gmt":"2019-04-04T13:42:12","guid":{"rendered":"https:\/\/jthemes.net\/themes\/wp\/nextapp\/?page_id=1828"},"modified":"2023-06-24T14:35:07","modified_gmt":"2023-06-24T14:35:07","slug":"terms","status":"publish","type":"page","link":"https:\/\/pdfchatup.com\/es\/terminos\/","title":{"rendered":"T\u00e9rminos y condiciones"},"content":{"rendered":"<section class=\"wpb-content-wrapper\"><section id=\"terms\" data-vc-full-width=\"false\" data-vc-full-width-init=\"false\" data-vc-parallax-image=\"https:\/\/pdfchatup.com\/wp-content\/themes\/nextapp\/images\/banner-1.jpg\" data-opacity=\"1\" data-size=\"cover\" data-width=\"100%\" data-position=\"cover\" data-repeat=\"cover\" data-attachment=\"inherit\" class=\"bg-white terms-section division pt-40 pb-40\"><div class=\"container\"><div class=\"vc_row wpb_row vc_row-fluid bg-tra bg-cover vc_row-o-content-middle vc_row-flex\"><div class=\"wpb_column vc_col-sm-12 bg-tra\">\n\t<div class=\"wpb_text_column wpb_content_element\" >\n\t\t<div class=\"wpb_wrapper\">\n\t\t\t<h1 id=\"terms-of-service\" style=\"text-align: center;\">T\u00e9rminos de servicio<\/h1>\n<p>&nbsp;<\/p>\n<p>Estos T\u00e9rminos de servicio rigen su uso de PDF ChatUp, nuestro sitio web ubicado en <a href=\"https:\/\/pdfchatup.com\/es\/\">https:\/\/pdfchatup.com<\/a>y cualquier servicio relacionado proporcionado por Fabudable Technologies Ltd.<\/p>\n<p>Cuando crea una cuenta de PDF ChatUp o utiliza PDF ChatUp, acepta cumplir con estos T\u00e9rminos de servicio y cumplir con todas las leyes y regulaciones aplicables. Si no est\u00e1 de acuerdo con estos T\u00e9rminos de servicio, tiene prohibido seguir utilizando la aplicaci\u00f3n, acceder a nuestro sitio web o utilizar cualquier otro servicio proporcionado por Fabudable Technologies Ltd.<\/p>\n<p>Si accede o descarga PDF ChatUp desde (1) la App Store de Apple, acepta las Reglas de uso establecidas en los T\u00e9rminos de servicio de la App Store; y\/o (2) Google Play Store, usted acepta los T\u00e9rminos y condiciones de Android, Google Inc., incluidos los T\u00e9rminos de servicio de Google Apps.<\/p>\n<p>Nosotros, Fabudable Technologies Ltd, nos reservamos el derecho de revisar y modificar cualquiera de estos T\u00e9rminos de servicio a nuestro exclusivo criterio. Al hacerlo, actualizaremos esta p\u00e1gina y le notificaremos a trav\u00e9s de la aplicaci\u00f3n y\/o la direcci\u00f3n de correo electr\u00f3nico que proporcion\u00f3 cuando cre\u00f3 su cuenta. Cualquier cambio a estos T\u00e9rminos de servicio entrar\u00e1 en vigencia inmediatamente a partir de la fecha de publicaci\u00f3n.<\/p>\n<p>Estos T\u00e9rminos de servicio se actualizaron por \u00faltima vez el 10 de junio de 2023.<\/p>\n<h3 id=\"limitations-of-use\">Limitaciones de uso<\/h3>\n<p>Al utilizar PDF ChatUp y nuestro sitio web, usted garantiza en su nombre, en el de cualquier entidad a la que represente que haya suscrito estos T\u00e9rminos de servicio y en el de sus usuarios, que no:<\/p>\n<ol>\n<li>modificar, copiar, preparar trabajos derivados, descompilar o realizar ingenier\u00eda inversa de PDF ChatUp o cualquier material y software contenido en PDF ChatUp o en nuestro sitio web;<\/li>\n<li>eliminar cualquier copyright u otras anotaciones de propiedad de PDF ChatUp o cualquier material y software contenido en PDF ChatUp o en nuestro sitio web;<\/li>\n<li>transferir PDF ChatUp o cualquiera de sus materiales asociados a otra persona o &quot;duplicar&quot; los materiales en cualquier otro servidor;<\/li>\n<li>a sabiendas o por negligencia usar PDF ChatUp o cualquiera de sus servicios asociados de una manera que abuse o interrumpa nuestras redes o cualquier otro servicio que Fabudable Technologies Ltd proporcione;<\/li>\n<li>usar PDF ChatUp o sus servicios asociados para transmitir o publicar cualquier material acosador, indecente, obsceno, fraudulento o ilegal;<\/li>\n<li>usar PDF ChatUp o sus servicios asociados en violaci\u00f3n de las leyes o regulaciones aplicables;<\/li>\n<li>usar PDF ChatUp para enviar publicidad no autorizada o spam;<\/li>\n<li>recopilar, recopilar o recopilar datos del usuario sin el consentimiento del usuario; o<\/li>\n<li>use PDF ChatUp o sus servicios asociados de tal manera que pueda infringir la privacidad, los derechos de propiedad intelectual u otros derechos de terceros.<\/li>\n<\/ol>\n<h3 id=\"intellectual-property\">Propiedad intelectual<\/h3>\n<p>La propiedad intelectual de los materiales en PDF ChatUp y en nuestro sitio web son propiedad de Fabudable Technologies Ltd o tienen licencia para ello. Puede descargar PDF ChatUp para ver, usar y mostrar la aplicaci\u00f3n en su dispositivo m\u00f3vil solo para su uso personal.<\/p>\n<p>Esto constituye la concesi\u00f3n de una licencia, no una transferencia de t\u00edtulo. Esta licencia terminar\u00e1 autom\u00e1ticamente si viola cualquiera de estas restricciones o estos T\u00e9rminos de servicio y Fabudable Technologies Ltd puede rescindirla en cualquier momento.<\/p>\n<h3 id=\"automatic-updates\">Actualizaciones autom\u00e1ticas<\/h3>\n<p>Nos da permiso para descargar e instalar actualizaciones de PDF ChatUp en su dispositivo de acuerdo con sus preferencias de privacidad. Este permiso se puede revocar en cualquier momento eliminando PDF ChatUp de su dispositivo.<\/p>\n<h3 id=\"liability\">Responsabilidad<\/h3>\n<p>PDF ChatUp y los materiales en PDF ChatUp y en nuestro sitio web se proporcionan &quot;tal cual&quot;. En la medida permitida por la ley, Fabudable Technologies Ltd no ofrece garant\u00edas, expresas o impl\u00edcitas, y por la presente renuncia y niega todas las dem\u00e1s garant\u00edas, incluidas, entre otras, garant\u00edas impl\u00edcitas o condiciones de comerciabilidad, idoneidad para un prop\u00f3sito particular o no infracci\u00f3n de derechos de propiedad intelectual. propiedad u otra violaci\u00f3n de los derechos.<\/p>\n<p>En ning\u00fan caso, Fabudable Technologies Ltd o sus proveedores ser\u00e1n responsables de ninguna p\u00e9rdida consecuente sufrida o incurrida por usted o un tercero que surja del uso o la incapacidad de usar PDF ChatUp, nuestro sitio web o cualquier otro servicio proporcionado por Fabudable Technologies Ltd o el materiales en PDF ChatUp, incluso si Fabudable Technologies Ltd o un representante autorizado ha sido notificado, oralmente o por escrito, de la posibilidad de dicho da\u00f1o.<\/p>\n<p>En el contexto de este acuerdo, \u201cp\u00e9rdida consecuencial\u201d incluye cualquier p\u00e9rdida consecuencial, p\u00e9rdida indirecta, p\u00e9rdida real o anticipada de ganancias, p\u00e9rdida de beneficios, p\u00e9rdida de ingresos, p\u00e9rdida de negocios, p\u00e9rdida de buena voluntad, p\u00e9rdida de oportunidad, p\u00e9rdida de ahorros, p\u00e9rdida de reputaci\u00f3n, p\u00e9rdida de uso y\/o p\u00e9rdida o corrupci\u00f3n de datos, ya sea bajo estatuto, contrato, equidad, agravio (incluyendo negligencia), indemnizaci\u00f3n o de otra manera.<\/p>\n<p>Debido a que algunas jurisdicciones no permiten limitaciones en las garant\u00edas impl\u00edcitas o limitaciones de responsabilidad por da\u00f1os consecuentes o incidentales, es posible que estas limitaciones no se apliquen a usted.<\/p>\n<h3 id=\"accuracy-of-materials\">Precisi\u00f3n de los materiales<\/h3>\n<p>Los materiales que aparecen en PDF ChatUp o en nuestro sitio web no son completos y solo tienen fines de informaci\u00f3n general. En la medida en que lo permita la ley, Fabudable Technologies Ltd no garantiza ni hace ninguna representaci\u00f3n con respecto a la precisi\u00f3n, los resultados probables o la confiabilidad del uso de los materiales en PDF ChatUp o en nuestro sitio web, o en relaci\u00f3n con dichos materiales o recursos. vinculado a PDF ChatUp y nuestro sitio web.<\/p>\n<h3 id=\"links\">Enlaces<\/h3>\n<p>Fabudable Technologies Ltd no ha revisado todos los sitios vinculados a PDF ChatUp o en su sitio web correspondiente y no es responsable de los contenidos de dichos sitios vinculados. La inclusi\u00f3n de cualquier v\u00ednculo no implica el respaldo, la aprobaci\u00f3n o el control por parte de Fabudable Technologies Ltd del sitio. El uso de cualquier sitio web vinculado es bajo su propio riesgo y le recomendamos encarecidamente que realice sus propias investigaciones con respecto a la idoneidad de esos sitios.<\/p>\n<h3 id=\"notice-regarding-apple\">Aviso sobre Apple<\/h3>\n<p>En la medida en que est\u00e9 utilizando o accediendo a PDF ChatUp en un dispositivo iOS, usted reconoce y acepta los t\u00e9rminos de esta cl\u00e1usula. Usted reconoce que estos T\u00e9rminos de servicio son solo entre usted y Fabudable Technologies Ltd, no con Apple Inc. (Apple), y Apple no es responsable de PDF ChatUp ni de ning\u00fan material disponible en PDF ChatUp.<\/p>\n<p>Apple no tiene la obligaci\u00f3n de brindarle ning\u00fan servicio de mantenimiento y soporte con respecto a PDF ChatUp.<\/p>\n<p>Si PDF ChatUp no cumple con cualquier garant\u00eda aplicable, puede notificar a Apple y Apple le reembolsar\u00e1 el precio de compra de la aplicaci\u00f3n m\u00f3vil. En la m\u00e1xima medida permitida por la ley aplicable, Apple no tendr\u00e1 ninguna otra obligaci\u00f3n de garant\u00eda con respecto a PDF ChatUp y cualquier otro reclamo, p\u00e9rdida, responsabilidad, da\u00f1o, costo o gasto atribuible a cualquier incumplimiento de cualquier garant\u00eda ser\u00e1 nuestra responsabilidad.<\/p>\n<p>Apple no es responsable de abordar ning\u00fan reclamo suyo o de un tercero relacionado con PDF ChatUp o su uso de PDF ChatUp, incluidos, entre otros, (1) reclamos de responsabilidad del producto; (2) cualquier reclamo de que nuestra aplicaci\u00f3n m\u00f3vil no cumple con los requisitos legales o reglamentarios aplicables; y (3) reclamos que surjan bajo la protecci\u00f3n del consumidor o legislaci\u00f3n similar.<\/p>\n<p>Apple no es responsable de la investigaci\u00f3n, la defensa, el acuerdo y la descarga de ning\u00fan reclamo de terceros de que nuestra aplicaci\u00f3n m\u00f3vil infringe los derechos de propiedad intelectual de ese tercero.<\/p>\n<p>Usted acepta cumplir con los t\u00e9rminos de terceros aplicables al usar PDF ChatUp, incluidas las Reglas de uso establecidas en el Acuerdo de servicio de la tienda de aplicaciones de Apple.<\/p>\n<p>Apple y las subsidiarias de Apple son terceros beneficiarios de estos T\u00e9rminos de servicio y, al aceptar estos T\u00e9rminos de servicio, Apple tendr\u00e1 el derecho (y se considerar\u00e1 que ha aceptado el derecho) de hacer cumplir estos T\u00e9rminos de servicio en su contra como un tercero beneficiario de estos T\u00e9rminos de servicio.<\/p>\n<p>Por la presente, declara y garantiza que (1) no se encuentra en un pa\u00eds que est\u00e9 sujeto a un embargo del gobierno de los EE. UU., o que haya sido designado por el gobierno de los EE. UU. como un pa\u00eds que \u201capoya el terrorismo\u201d; y (2) no figura en ninguna lista del Gobierno de EE. UU. de partes prohibidas o restringidas.<\/p>\n<h3 id=\"right-to-terminate\">Derecho a rescindir<\/h3>\n<p>Podemos suspender o cancelar su cuenta de PDF ChatUp y el derecho a usar PDF ChatUp y estos T\u00e9rminos de servicio inmediatamente despu\u00e9s de notificarle por escrito cualquier incumplimiento de estos T\u00e9rminos de servicio.<\/p>\n<h3 id=\"severance\">Ruptura<\/h3>\n<p>Cualquier t\u00e9rmino de estos T\u00e9rminos de servicio que sea total o parcialmente nulo o inaplicable se elimina en la medida en que sea nulo o inaplicable. La validez del resto de estos T\u00e9rminos de servicio no se ve afectada.<\/p>\n<h3 id=\"governing-law\">Ley que rige<\/h3>\n<p>Estos T\u00e9rminos de servicio se rigen e interpretan de acuerdo con las leyes de Londres, Reino Unido. Usted se somete irrevocablemente a la jurisdicci\u00f3n exclusiva de los tribunales de ese Estado o ubicaci\u00f3n.<\/p>\n\n\t\t<\/div>\n\t<\/div>\n<\/div><\/div><\/div><\/section><div class=\"vc_row-full-width vc_clearfix\"><\/div>\n<\/section>","protected":false},"excerpt":{"rendered":"T\u00e9rminos de servicio Estos T\u00e9rminos de servicio rigen el uso de PDF ChatUp, nuestro sitio web ubicado en https:\/\/pdfchatup.com y cualquier servicio relacionado proporcionado por Fabudable Technologies Ltd. Cuando crea una cuenta de PDF ChatUp o utiliza PDF ChatUp, usted. ..","protected":false},"author":1,"featured_media":0,"parent":0,"menu_order":0,"comment_status":"closed","ping_status":"closed","template":"","meta":{"footnotes":""},"class_list":["post-1828","page","type-page","status-publish","hentry","no-post-thumbnail"],"aioseo_notices":[],"_links":{"self":[{"href":"https:\/\/pdfchatup.com\/es\/wp-json\/wp\/v2\/pages\/1828","targetHints":{"allow":["GET"]}}],"collection":[{"href":"https:\/\/pdfchatup.com\/es\/wp-json\/wp\/v2\/pages"}],"about":[{"href":"https:\/\/pdfchatup.com\/es\/wp-json\/wp\/v2\/types\/page"}],"author":[{"embeddable":true,"href":"https:\/\/pdfchatup.com\/es\/wp-json\/wp\/v2\/users\/1"}],"replies":[{"embeddable":true,"href":"https:\/\/pdfchatup.com\/es\/wp-json\/wp\/v2\/comments?post=1828"}],"version-history":[{"count":8,"href":"https:\/\/pdfchatup.com\/es\/wp-json\/wp\/v2\/pages\/1828\/revisions"}],"predecessor-version":[{"id":2817,"href":"https:\/\/pdfchatup.com\/es\/wp-json\/wp\/v2\/pages\/1828\/revisions\/2817"}],"wp:attachment":[{"href":"https:\/\/pdfchatup.com\/es\/wp-json\/wp\/v2\/media?parent=1828"}],"curies":[{"name":"wp","href":"https:\/\/api.w.org\/{rel}","templated":true}]}}