{"id":65,"date":"2019-03-17T08:19:31","date_gmt":"2019-03-17T08:19:31","guid":{"rendered":"https:\/\/jthemes.net\/themes\/wp\/nextapp\/?page_id=65"},"modified":"2023-12-29T08:01:31","modified_gmt":"2023-12-29T08:01:31","slug":"layout-05","status":"publish","type":"page","link":"https:\/\/pdfchatup.com\/de\/","title":{"rendered":"Heim"},"content":{"rendered":"<section class=\"wpb-content-wrapper\"><section id=\"hero-5\" data-vc-full-width=\"false\" data-vc-full-width-init=\"false\" data-vc-parallax-image=\"https:\/\/pdfchatup.com\/wp-content\/themes\/nextapp\/images\/banner-1.jpg\" data-opacity=\"1\" data-size=\"cover\" data-width=\"100%\" data-position=\"cover\" data-repeat=\"cover\" data-attachment=\"inherit\" class=\"bg-custom hero-section vc_section-has-fill vc_custom_1687596943437\"><div class=\"container\"><div class=\"vc_row wpb_row vc_row-fluid bg-tra bg-inherit vc_row-o-content-middle vc_row-flex\"><div class=\"wpb_column vc_col-sm-6 bg-tra\">\r\n        <div class=\"hero-txt white-color text-center\"> \r\n            <div class=\"hero-app-logo\"><div class=\"d-flex align-items-center\"><span>PDFChatUp<\/span><img loading=\"lazy\" decoding=\"async\" class=\"img-fluid\" width=\"90\" height=\"90\"  src=\"https:\/\/pdfchatup.com\/wp-content\/uploads\/2023\/06\/Logo-RoundedCorners.png\" alt=\"Externer Bildlink\" \/><\/div><\/div>\r\n                     \r\n            \r\n            <h5 class=\"Default h5-lg none\">Chatten Sie unterwegs mit PDF-Dokumenten und mehr* mit der Kraft der KI! Interagieren Sie mit Ihren Dokumenten wie nie zuvor.<\/h5> \r\n            \r\n                        \r\n            \r\n                        \r\n                        \r\n            <div class=\"stores-badge\">\r\n                <a target=\"_blank\"  href=\"https:\/\/apps.apple.com\/app\/pdf-chatup\/id6450009868\"  title=\"Appstore\"  class=\"img-btn default-hover store btn-type-light\"><span><img decoding=\"async\" src=\"https:\/\/pdfchatup.com\/wp-content\/themes\/nextapp\/images\/appstore.png\" alt=\"Appstore\" class=\"store-btn\" width=\"160\"><\/span><\/a><a target=\"_blank\"  href=\"https:\/\/play.google.com\/store\/apps\/details?id=com.fabudable.pdfchatup\"  title=\"Google Play\"  class=\"img-btn default-hover store btn-type-light\"><span><img decoding=\"async\" src=\"https:\/\/pdfchatup.com\/wp-content\/themes\/nextapp\/images\/googleplay.png\" alt=\"Google Play\" class=\"store-btn\" width=\"160\"><\/span><\/a>\r\n                <span class=\"os-version\">Zu den unterst\u00fctzten Dokumenten geh\u00f6ren: \u201e.docx\u201c, \u201e.pptx\u201c, \u201e.epub\u201c, \u201e.md\u201c, \u201e.txt\u201c und \u201e.odt\u201c<\/span>\r\n            <\/div>      \r\n        <\/div><\/div><div class=\"wpb_column vc_col-sm-1 bg-tra\"><\/div><div class=\"wpb_column vc_col-sm-5 bg-tra\">\r\n        <div class=\"pl-80  hero-5-img\"> \r\n        <img loading=\"lazy\" decoding=\"async\" class=\"vc_single_image-img img-fluid\" width=\"323\" height=\"500\"  src=\"https:\/\/pdfchatup.com\/wp-content\/uploads\/2023\/06\/Hero-v1.png\" alt=\"Au\u00dfenbild\" \/>\r\n        <\/div><\/div><\/div><\/div><\/section><div class=\"vc_row-full-width vc_clearfix\"><\/div><section id=\"info-2\" data-vc-full-width=\"false\" data-vc-full-width-init=\"false\" data-vc-parallax-image=\"https:\/\/pdfchatup.com\/wp-content\/themes\/nextapp\/images\/banner-1.jpg\" data-opacity=\"1\" data-size=\"cover\" data-width=\"100%\" data-position=\"cover\" data-repeat=\"cover\" data-attachment=\"inherit\" class=\"bg-white wide-60 info-2-row info-section\"><div class=\"vc_section_id\" id=\"about\"><\/div><div class=\"container\"><div class=\"vc_row wpb_row vc_row-fluid bg-tra bg-inherit vc_row-o-content-middle vc_row-flex\"><div class=\"wpb_column vc_col-sm-6 bg-tra\">\r\n        <div class=\"mb-40 pl-45  img-block  wow perch-fadeInUp fadeInUp\" data-wow-delay=\"300ms\" data-wow-duration=\"1200ms\"> \r\n        <img loading=\"lazy\" decoding=\"async\" class=\"vc_single_image-img img-fluid\" width=\"435\" height=\"700\"  src=\"https:\/\/pdfchatup.com\/wp-content\/uploads\/2023\/06\/PDFChatUpAppHomeV2.png\" alt=\"Au\u00dfenbild\" \/>\r\n        <\/div><\/div><div class=\"wpb_column vc_col-sm-6 bg-tra\">\r\n        <div class=\"mb-40 pl-45 pr-45  txt-block\"> \r\n        \t\r\n            <span class=\"section-id id-color  wow perch-fadeInUp fadeInUp\" data-wow-delay=\"300ms\" data-wow-duration=\"1200ms\">Komplexit\u00e4t vereinfacht<\/span>         \r\n            <h3 class=\"Default h3-lg none  wow perch-fadeInUp fadeInUp\" data-wow-delay=\"400ms\" data-wow-duration=\"1200ms\">Ihr pers\u00f6nlicher Dokumentenassistent<\/h3>\r\n             \r\n            \r\n            <ul class=\"txt-list mb-35 single-column-list\"><li class=\"wow perch-fadeInUp fadeInUp\" data-wow-delay=\"600ms\" data-wow-duration=\"1200ms\">Nutzen Sie KI, um jedes Dokument in einen reaktionsschnellen, intelligenten Dialog umzuwandeln<\/li><li class=\"wow perch-fadeInUp fadeInUp\" data-wow-delay=\"700ms\" data-wow-duration=\"1200ms\">Erhalten Sie pr\u00e4gnante Zusammenfassungen umfangreicher Dokumente, die die wesentlichen Erkenntnisse offenbaren<\/li><li class=\"wow perch-fadeInUp fadeInUp\" data-wow-delay=\"800ms\" data-wow-duration=\"1200ms\">Informationen, die Sie ben\u00f6tigen, unterst\u00fctzt durch die Zuverl\u00e4ssigkeit Ihrer Originaldokumente mit relevanten Referenzen und Zitaten<\/li><li class=\"wow perch-fadeInUp fadeInUp\" data-wow-delay=\"900ms\" data-wow-duration=\"1200ms\">Analysieren Sie Gemeinsamkeiten, heben Sie Unterschiede hervor und finden Sie einzigartige Erkenntnisse<\/li><\/ul>            \r\n            \r\n                        \r\n                        \r\n            <div class=\"stores-badge  wow perch-fadeInUp fadeInUp\" data-wow-delay=\"1000ms\" data-wow-duration=\"1200ms\">\r\n                <a target=\"_self\"  href=\"#\"  title=\"Erfahren Sie mehr dar\u00fcber\"  class=\"btn btn-tra-white tra-hover default-hover store btn-type-light\"><span>Erfahren Sie mehr dar\u00fcber<\/span><\/a>\r\n                \r\n            <\/div>      \r\n        <\/div><\/div><\/div><\/div><\/section><div class=\"vc_row-full-width vc_clearfix\"><\/div><section id=\"process-3\" data-vc-full-width=\"false\" data-vc-full-width-init=\"false\" data-vc-parallax-image=\"https:\/\/pdfchatup.com\/wp-content\/themes\/nextapp\/images\/banner-1.jpg\" data-opacity=\"1\" data-size=\"cover\" data-width=\"100%\" data-position=\"cover\" data-repeat=\"cover\" data-attachment=\"fixed\" class=\"bg-dark wide-60 white-color process-section bg-fixed\"><div class=\"vc_section_id\" id=\"how\"><\/div><div class=\"container\"><div class=\"vc_row wpb_row vc_row-fluid bg-tra bg-cover vc_row-o-content-middle vc_row-flex\"><div class=\"wpb_column vc_col-sm-1 bg-tra\"><\/div><div class=\"wpb_column vc_col-sm-10 bg-tra\">\r\n        <div class=\"section-title text-center\">\r\n            <h3 class=\"h3-lg\">Wie es funktioniert<\/h3>\r\n            <p class=\"p-md\">Erstellen\/trainieren Sie in wenigen einfachen Schritten einen benutzerdefinierten Chatbot, um Fragen zu Ihren PDF-Dokumenten zu beantworten<\/p>         \r\n        <\/div><\/div><div class=\"wpb_column vc_col-sm-1 bg-tra\"><\/div><\/div><div class=\"vc_row wpb_row vc_row-fluid bg-tra bg-cover vc_row-o-content-middle vc_row-flex\"><div class=\"wpb_column vc_col-sm-12 bg-tra\">\r\n        <div >                      \r\n            <div id=\"process-3-type\"><div class=\"row\"><div id=\"step-1\" class=\"col-sm-4\"><div class=\"pbox-3 text-center icon-xs\">\r\n                <div class=\"pbox-icon\"  style=\"background-color: rgba(150,150,150,0.2)\">\r\n            <img decoding=\"async\" src=\"https:\/\/pdfchatup.com\/wp-content\/uploads\/2023\/06\/Step1-Illustration.png\" alt=\"W\u00e4hlen Sie PDF-Dateien aus\" width=\"70\" class=\"img-fluid\">\r\n        <\/div>\r\n                <h5 class=\"h5-sm\">W\u00e4hlen Sie PDF-Dateien aus<\/h5>\r\n                <p>W\u00e4hlen Sie die Liste der Dokumente aus, die Sie abfragen m\u00f6chten<\/p>                \r\n            <\/div><\/div><div id=\"step-2\" class=\"col-sm-4\"><div class=\"pbox-3 text-center icon-xs\">\r\n                <div class=\"pbox-icon\"  style=\"background-color: rgba(150,150,150,0.2)\">\r\n            <img decoding=\"async\" src=\"https:\/\/pdfchatup.com\/wp-content\/uploads\/2023\/06\/Step2-Illustration-v2.png\" alt=\"Benennen Sie den Chatbot\" width=\"70\" class=\"img-fluid\">\r\n        <\/div>\r\n                <h5 class=\"h5-sm\">Benennen Sie den Chatbot<\/h5>\r\n                <p>Weisen Sie dem benutzerdefinierten Chatbot einen Namen zu<\/p>                \r\n            <\/div><\/div><div id=\"step-3\" class=\"col-sm-4 column-last\"><div class=\"pbox-3 text-center icon-xs\">\r\n                <div class=\"pbox-icon\"  style=\"background-color: rgba(150,150,150,0.2)\">\r\n            <img decoding=\"async\" src=\"https:\/\/pdfchatup.com\/wp-content\/uploads\/2023\/06\/Step3-Illustration.png\" alt=\"Beginnen Sie mit dem Chatten\" width=\"70\" class=\"img-fluid\">\r\n        <\/div>\r\n                <h5 class=\"h5-sm\">Beginnen Sie mit dem Chatten<\/h5>\r\n                <p>Stellen Sie dem Chatbot Fragen zu Ihren Dokumenten<\/p>                \r\n            <\/div><\/div><\/div><\/div>     \r\n        <\/div><\/div><\/div><\/div><\/section><div class=\"vc_row-full-width vc_clearfix\"><\/div><section id=\"info-12\" data-vc-full-width=\"false\" data-vc-full-width-init=\"false\" data-vc-parallax-image=\"https:\/\/pdfchatup.com\/wp-content\/themes\/nextapp\/images\/banner-1.jpg\" data-opacity=\"1\" data-size=\"cover\" data-width=\"100%\" data-position=\"cover\" data-repeat=\"cover\" data-attachment=\"inherit\" class=\"bg-white wide-100 info-12-row info-section\"><div class=\"vc_section_id\" id=\"why\"><\/div><div class=\"container\"><div class=\"vc_row wpb_row vc_row-fluid bg-tra bg-cover vc_row-o-content-middle vc_row-flex\"><div class=\"wpb_column vc_col-sm-12 bg-tra\">\r\n        <div >                      \r\n            <div class=\"row\"><div class=\"row d-flex align-items-center\"><div class=\"col-md-6\"><div class=\"txt-block pc-45\"><div id=\"list-tab-69e133dbbb199\" class=\"list-group\" role=\"tablist\"><a id=\"tab1-list-69e133dbbb199\" class=\"list-group-item list-group-item-action active\" data-toggle=\"list\" href=\"#tab-1-69e133dbbb199\" role=\"tab\" aria-controls=\"tab-1-69e133dbbb199\"><div class=\"ibox-5\">               \r\n                <h5 class=\"h5-sm\">Finanzbericht<\/h5>\r\n                <p>Verloren im Labyrinth des Finanzjargons? Unsere App ist Ihre Lebensader. Interagieren Sie mit Ihren Finanzberichten und entschl\u00fcsseln Sie komplexe Daten.<\/p>                \r\n            <\/div><\/a><a id=\"tab2-list-69e133dbbb199\" class=\"list-group-item list-group-item-action\" data-toggle=\"list\" href=\"#tab-2-69e133dbbb199\" role=\"tab\" aria-controls=\"tab-2-69e133dbbb199\"><div class=\"ibox-5\">               \r\n                <h5 class=\"h5-sm\">Wissenschaftliche Arbeiten<\/h5>\r\n                <p>Nutzen Sie unsere App, um jede Forschungsarbeit in einen aufschlussreichen Dialog zu verwandeln. Analysieren Sie komplexe Theorien und verarbeiten Sie umfassende experimentelle Ergebnisse.<\/p>                \r\n            <\/div><\/a><a id=\"tab3-list-69e133dbbb199\" class=\"list-group-item list-group-item-action\" data-toggle=\"list\" href=\"#tab-3-69e133dbbb199\" role=\"tab\" aria-controls=\"tab-3-69e133dbbb199\"><div class=\"ibox-5\">               \r\n                <h5 class=\"h5-sm\">Rechtliche Vereinbarungen<\/h5>\r\n                <p>Navigieren Sie m\u00fchelos durch komplexe Juristensprache! Lassen Sie unsere KI dichte Vertr\u00e4ge entmystifizieren, das Kleingedruckte analysieren und Juristensprache in die Alltagssprache \u00fcbersetzen.<\/p>                \r\n            <\/div><\/a><\/div><\/div><\/div>\t<!-- END TEXT BLOCK --><div class=\"col-md-6\"><div class=\"info-img text-center pr-45\"><div id=\"nav-tabContent-69e133dbbb199\" class=\"tab-content\"><div id=\"tab-1-69e133dbbb199\" class=\"tab-pane show active\" role=\"tabpanel\" aria-labelledby=\"tab1-list-69e133dbbb199\"><img loading=\"lazy\" decoding=\"async\" class=\"vc_single_image-img img-fluid\" width=\"450\" height=\"450\"  src=\"https:\/\/pdfchatup.com\/wp-content\/uploads\/2023\/06\/Finance-illustrationV2.png\" alt=\"Au\u00dfenbild\" \/><\/div><div id=\"tab-2-69e133dbbb199\" class=\"tab-pane\" role=\"tabpanel\" aria-labelledby=\"tab2-list-69e133dbbb199\"><img loading=\"lazy\" decoding=\"async\" class=\"vc_single_image-img img-fluid\" width=\"450\" height=\"450\"  src=\"https:\/\/pdfchatup.com\/wp-content\/uploads\/2023\/06\/Science-illustration.png\" alt=\"Au\u00dfenbild\" \/><\/div><div id=\"tab-3-69e133dbbb199\" class=\"tab-pane\" role=\"tabpanel\" aria-labelledby=\"tab3-list-69e133dbbb199\"><img loading=\"lazy\" decoding=\"async\" class=\"vc_single_image-img img-fluid\" width=\"450\" height=\"450\"  src=\"https:\/\/pdfchatup.com\/wp-content\/uploads\/2023\/06\/Law-illustration.png\" alt=\"Au\u00dfenbild\" \/><\/div><\/div><\/div><\/div><!-- END IMAGE BLOCK --><\/div><\/div>     \r\n        <\/div><\/div><\/div><\/div><\/section><div class=\"vc_row-full-width vc_clearfix\"><\/div><section id=\"faqs-2\" data-vc-full-width=\"false\" data-vc-full-width-init=\"false\" data-vc-parallax-image=\"https:\/\/pdfchatup.com\/wp-content\/themes\/nextapp\/images\/banner-1.jpg\" data-opacity=\"1\" data-size=\"cover\" data-width=\"100%\" data-position=\"cover\" data-repeat=\"cover\" data-attachment=\"inherit\" class=\"bg-lightdark wide-60 white-color faqs-section\"><div class=\"vc_section_id\" id=\"faqs\"><\/div><div class=\"container\"><div class=\"vc_row wpb_row vc_row-fluid bg-tra bg-cover vc_row-o-content-middle vc_row-flex\"><div class=\"wpb_column vc_col-sm-1 bg-tra\"><\/div><div class=\"wpb_column vc_col-sm-10 bg-tra\">\r\n        <div class=\"section-title text-center\">\r\n            <h3 class=\"h3-lg\">H\u00e4ufig gestellte Fragen<\/h3>\r\n            <p class=\"p-md\">Antworten auf h\u00e4ufige Fragen zu unserem Service<\/p>         \r\n        <\/div><\/div><div class=\"wpb_column vc_col-sm-1 bg-tra\"><\/div><\/div><div class=\"vc_row wpb_row vc_row-fluid bg-tra bg-cover vc_row-o-content-middle vc_row-flex\"><div class=\"wpb_column vc_col-sm-6 bg-tra\">\r\n        <div class=\"questions-holder question\"> \r\n                   \r\n                   \r\n            <h5 class=\"Default h5-xs none os-version\">Sind meine Daten sicher?<\/h5>\r\n            <p class=\"Default none os-version\">Ihre Dateien werden w\u00e4hrend der \u00dcbertragung verschl\u00fcsselt und in einer vollst\u00e4ndig verwalteten und sicheren Infrastruktur gespeichert. Unser Speicheranbieter ist nach SOC2 Typ 2 zertifiziert (eine Zertifizierung, die auf dem COSO-Framework basiert und von einem externen Big4-CPA-Unternehmen gepr\u00fcft wurde).<\/p>         \r\n        <\/div>\r\n        <div class=\"questions-holder question\"> \r\n                   \r\n                   \r\n            <h5 class=\"Default h5-xs none os-version\">Mir ist ein Bug oder Fehler in der App aufgefallen. Wohin sende ich Feedback?<\/h5>\r\n            <p class=\"Default none os-version\">Bitte f\u00fcllen Sie unser Kontaktformular aus oder senden Sie eine E-Mail an bug@fabudable.com und geben Sie dabei so viele Details wie m\u00f6glich an. Wir freuen uns sehr dar\u00fcber, also vielen Dank im Voraus! \ud83d\ude42<\/p>         \r\n        <\/div><\/div><div class=\"wpb_column vc_col-sm-6 bg-tra\">\r\n        <div class=\"questions-holder question\"> \r\n                   \r\n                   \r\n            <h5 class=\"Default h5-xs none os-version\">Welche Dokumenttypen unterst\u00fctzt PDF ChatUp?<\/h5>\r\n            <p class=\"Default none os-version\">Zu den derzeit unterst\u00fctzten Dokumenten geh\u00f6ren: \u201e.docx\u201c, \u201e.pptx\u201c, \u201e.epub\u201c, \u201e.md\u201c, \u201e.txt\u201c und \u201e.odt\u201c. Teilen Sie uns mit, wenn Sie m\u00f6chten, dass wir weitere Dokumenttypen hinzuf\u00fcgen.<\/p>         \r\n        <\/div>\r\n        <div class=\"questions-holder question\"> \r\n                   \r\n                   \r\n            <h5 class=\"Default h5-xs none os-version\">Ich mag PDF ChatUp. Wie kann ich helfen?<\/h5>\r\n            <p class=\"Default none os-version\">Das ist fantastisch! Sie k\u00f6nnen helfen, indem Sie die App einfach mit Freunden und Familie teilen, Fehler\/Ungenauigkeiten in der App melden, Verbesserungsvorschl\u00e4ge senden oder Affiliate-Vermarkter werden. (Bitte kontaktieren Sie uns, um dies zu besprechen).<\/p>         \r\n        <\/div><\/div><\/div><div class=\"vc_row wpb_row vc_row-fluid bg-tra bg-cover vc_row-o-content-middle vc_row-flex\"><div class=\"wpb_column vc_col-sm-12 bg-tra\">\n\t<div class=\"wpb_text_column wpb_content_element  vc_custom_1687616216206\" >\n\t\t<div class=\"wpb_wrapper\">\n\t\t\t<div class=\"more-questions wow fadeInUp\" style=\"visibility: visible;\">\n<h5 class=\"h5-xs\" style=\"text-align: center;\">Haben Sie noch eine Frage? <a href=\"https:\/\/pdfchatup.com\/de\/kontaktiere-uns\/\">Nehmen Sie hier Kontakt auf<\/a><\/h5>\n<\/div>\n\n\t\t<\/div>\n\t<\/div>\n<\/div><\/div><\/div><\/section><div class=\"vc_row-full-width vc_clearfix\"><\/div>\n<\/section>","protected":false},"excerpt":{"rendered":"PDFChatUp Chatten Sie mit PDF-Dokumenten und mehr* unterwegs mit der Kraft der KI! Interagieren Sie mit Ihren Dokumenten wie nie zuvor. Zu den unterst\u00fctzten Dokumenten geh\u00f6ren: Die Komplexit\u00e4t von \u201e.docx\u201c, \u201e.pptx\u201c, \u201e.epub\u201c, \u201e.md\u201c, \u201e.txt\u201c und \u201e.odt\u201c vereinfacht Ihren pers\u00f6nlichen Dokumentenassistenten. Verwenden Sie KI ...","protected":false},"author":1,"featured_media":0,"parent":0,"menu_order":0,"comment_status":"closed","ping_status":"closed","template":"","meta":{"footnotes":""},"class_list":["post-65","page","type-page","status-publish","hentry","no-post-thumbnail"],"aioseo_notices":[],"_links":{"self":[{"href":"https:\/\/pdfchatup.com\/de\/wp-json\/wp\/v2\/pages\/65","targetHints":{"allow":["GET"]}}],"collection":[{"href":"https:\/\/pdfchatup.com\/de\/wp-json\/wp\/v2\/pages"}],"about":[{"href":"https:\/\/pdfchatup.com\/de\/wp-json\/wp\/v2\/types\/page"}],"author":[{"embeddable":true,"href":"https:\/\/pdfchatup.com\/de\/wp-json\/wp\/v2\/users\/1"}],"replies":[{"embeddable":true,"href":"https:\/\/pdfchatup.com\/de\/wp-json\/wp\/v2\/comments?post=65"}],"version-history":[{"count":70,"href":"https:\/\/pdfchatup.com\/de\/wp-json\/wp\/v2\/pages\/65\/revisions"}],"predecessor-version":[{"id":3160,"href":"https:\/\/pdfchatup.com\/de\/wp-json\/wp\/v2\/pages\/65\/revisions\/3160"}],"wp:attachment":[{"href":"https:\/\/pdfchatup.com\/de\/wp-json\/wp\/v2\/media?parent=65"}],"curies":[{"name":"wp","href":"https:\/\/api.w.org\/{rel}","templated":true}]}}