{"id":2837,"date":"2023-06-23T21:02:52","date_gmt":"2023-06-23T21:02:52","guid":{"rendered":"https:\/\/pdfchatup.com\/?page_id=2837"},"modified":"2024-10-12T13:23:31","modified_gmt":"2024-10-12T13:23:31","slug":"change-log","status":"publish","type":"page","link":"https:\/\/pdfchatup.com\/de\/anderungsprotokoll\/","title":{"rendered":"\u00c4nderungsprotokoll"},"content":{"rendered":"<p class=\"has-text-align-center\">Wie der Titel schon sagt, werden auf dieser Seite \u00c4nderungen (sei es Fehlerbehebungen oder Funktionserweiterungen) an der App verfolgt.<\/p>\n\n\n\n<h2 class=\"wp-block-heading\" id=\"block-9ff1bd47-de4a-456f-bef4-3e19bb3041ec\">Version 1.9.2 | <code>Neueste Erscheinung<\/code><\/h2>\n\n\n\n<ul id=\"block-fbf9579d-95a4-4f23-8536-d3a8ecd9d0b6\" class=\"wp-block-list\">\n<li>Wesentliche Fehlerbehebungen und Leistungsverbesserungen<\/li>\n\n\n\n<li>Kleinere UI\/UX-Verbesserungen<\/li>\n<\/ul>\n\n\n\n<h2 class=\"wp-block-heading\" id=\"block-9ff1bd47-de4a-456f-bef4-3e19bb3041ec\">Version 1.9.1<\/h2>\n\n\n\n<ul id=\"block-fbf9579d-95a4-4f23-8536-d3a8ecd9d0b6\" class=\"wp-block-list\">\n<li>Verschiedene Fehlerbehebungen und Leistungsverbesserungen<\/li>\n<\/ul>\n\n\n\n<h2 class=\"wp-block-heading\" id=\"block-9ff1bd47-de4a-456f-bef4-3e19bb3041ec\">Version 1.8.4<\/h2>\n\n\n\n<ul id=\"block-fbf9579d-95a4-4f23-8536-d3a8ecd9d0b6\" class=\"wp-block-list\">\n<li>Funktionen\/App-Verbesserungen:\n<ul class=\"wp-block-list\">\n<li>Anzeige der Dokumentzusammenfassung bei Gespr\u00e4chen mit Chatbots wieder aktiviert<\/li>\n<\/ul>\n<\/li>\n\n\n\n<li>Patches\/Fehlerbehebungen:\n<ul class=\"wp-block-list\">\n<li>Problem behoben, bei dem transkribierte Elemente beim Neustart der App nicht angezeigt wurden<\/li>\n\n\n\n<li>Weitere kleinere Korrekturen und Leistungsverbesserungen<\/li>\n<\/ul>\n<\/li>\n<\/ul>\n\n\n\n<h2 class=\"wp-block-heading\" id=\"block-9ff1bd47-de4a-456f-bef4-3e19bb3041ec\">Version 1.8.3<\/h2>\n\n\n\n<ul id=\"block-fbf9579d-95a4-4f23-8536-d3a8ecd9d0b6\" class=\"wp-block-list\">\n<li>Funktionen\/App-Verbesserungen:\n<ul class=\"wp-block-list\">\n<li>.srt-Umschaltmodus zu KI-Transkriptionen hinzugef\u00fcgt<\/li>\n<\/ul>\n<\/li>\n\n\n\n<li>Patches\/Fehlerbehebungen:\n<ul class=\"wp-block-list\">\n<li>Problem behoben, bei dem das Feedback-\/Vorschlagsfeld nicht bearbeitet werden konnte<\/li>\n\n\n\n<li>Weitere kleinere Korrekturen und Leistungsverbesserungen<\/li>\n<\/ul>\n<\/li>\n<\/ul>\n\n\n\n<h2 class=\"wp-block-heading\" id=\"block-9ff1bd47-de4a-456f-bef4-3e19bb3041ec\">Version 1.8.2<\/h2>\n\n\n\n<ul id=\"block-fbf9579d-95a4-4f23-8536-d3a8ecd9d0b6\" class=\"wp-block-list\">\n<li>Funktionen\/App-Verbesserungen:\n<ul class=\"wp-block-list\">\n<li>KI-Transkription zur Toolbox hinzugef\u00fcgt \u2013 Audio in Text konvertieren \u2728 NEU \u2728<\/li>\n\n\n\n<li>Die Registerkarte \u201eTransaktionsverlauf\u201c wurde hinzugef\u00fcgt, damit Benutzer sehen k\u00f6nnen, wie ihr Guthaben ausgegeben wurde<\/li>\n<\/ul>\n<\/li>\n\n\n\n<li>Patches\/Fehlerbehebungen:\n<ul class=\"wp-block-list\">\n<li>Problem mit dem Dauerlade-Spinner f\u00fcr KI-Gegenst\u00e4nde behoben<\/li>\n\n\n\n<li>Weitere Korrekturen und Leistungsverbesserungen<\/li>\n<\/ul>\n<\/li>\n<\/ul>\n\n\n\n<h2 class=\"wp-block-heading\" id=\"block-73b52f4d-df0b-42b1-82e5-bdbd7257635a\">Version 1.8.0<\/h2>\n\n\n\n<ul id=\"block-131f8bf0-82b7-415a-9179-4d6a0fc59e46\" class=\"wp-block-list\">\n<li>\ud83d\udea8\ud83d\udee0\ufe0f App-Update erforderlich \ud83d\udea8<\/li>\n\n\n\n<li>Funktionen\/App-Verbesserungen:\n<ul class=\"wp-block-list\">\n<li>Das Premium-System wurde komplett \u00fcberarbeitet. Gehen Sie weg von Abonnements und hin zu kreditbasierten Zahlungen.<\/li>\n\n\n\n<li>Weitere Korrekturen und Leistungsverbesserungen<\/li>\n<\/ul>\n<\/li>\n<\/ul>\n\n\n\n<h2 class=\"wp-block-heading\" id=\"block-73b52f4d-df0b-42b1-82e5-bdbd7257635a\">Version 1.7.6<\/h2>\n\n\n\n<ul id=\"block-131f8bf0-82b7-415a-9179-4d6a0fc59e46\" class=\"wp-block-list\">\n<li>Funktionen\/App-Verbesserungen:\n<ul class=\"wp-block-list\">\n<li>AI Quiz Maker zur Toolbox hinzugef\u00fcgt \u2013 Generieren Sie MCQs automatisch aus Ihrem Text<\/li>\n\n\n\n<li>UI und UX in den Toolbox-Abschnitten optimiert<\/li>\n<\/ul>\n<\/li>\n<\/ul>\n\n\n\n<h2 class=\"wp-block-heading\" id=\"block-73b52f4d-df0b-42b1-82e5-bdbd7257635a\">Version 1.7.5<\/h2>\n\n\n\n<ul id=\"block-131f8bf0-82b7-415a-9179-4d6a0fc59e46\" class=\"wp-block-list\">\n<li>Funktionen\/App-Verbesserungen:\n<ul class=\"wp-block-list\">\n<li>In der App enthaltener Link zur Telegram-Gruppe<\/li>\n\n\n\n<li>Demovideo f\u00fcr die Charakter-KI-Funktion hinzugef\u00fcgt<\/li>\n\n\n\n<li>Die UI-Texte auf der Zahlungsseite wurden verbessert<\/li>\n<\/ul>\n<\/li>\n\n\n\n<li>Patches\/Fehlerbehebungen:\n<ul class=\"wp-block-list\">\n<li>Verschiedene Fehlerbehebungen und Leistungsverbesserungen<\/li>\n<\/ul>\n<\/li>\n<\/ul>\n\n\n\n<h2 class=\"wp-block-heading\" id=\"block-73b52f4d-df0b-42b1-82e5-bdbd7257635a\">Version 1.7.4<\/h2>\n\n\n\n<ul id=\"block-131f8bf0-82b7-415a-9179-4d6a0fc59e46\" class=\"wp-block-list\">\n<li>Funktionen\/App-Verbesserungen:\n<ul class=\"wp-block-list\">\n<li>Zusammenfassungsfunktion im Toolbox-Bereich implementiert<\/li>\n<\/ul>\n<\/li>\n\n\n\n<li>Patches\/Fehlerbehebungen:\n<ul class=\"wp-block-list\">\n<li>Verschiedene Fehlerbehebungen und Leistungsverbesserungen<\/li>\n<\/ul>\n<\/li>\n<\/ul>\n\n\n\n<h2 class=\"wp-block-heading\" id=\"block-73b52f4d-df0b-42b1-82e5-bdbd7257635a\">Version 1.7.2<\/h2>\n\n\n\n<ul id=\"block-131f8bf0-82b7-415a-9179-4d6a0fc59e46\" class=\"wp-block-list\">\n<li>Funktionen\/App-Verbesserungen:\n<ul class=\"wp-block-list\">\n<li>Verschiedene UI- und UX-Polierungen und -Aktualisierungen<\/li>\n<\/ul>\n<\/li>\n\n\n\n<li>Patches\/Fehlerbehebungen:\n<ul class=\"wp-block-list\">\n<li>Kleinere Fehlerbehebungen und Leistungsverbesserungen<\/li>\n<\/ul>\n<\/li>\n<\/ul>\n\n\n\n<h2 class=\"wp-block-heading\" id=\"block-73b52f4d-df0b-42b1-82e5-bdbd7257635a\">Version 1.7.1<\/h2>\n\n\n\n<ul id=\"block-131f8bf0-82b7-415a-9179-4d6a0fc59e46\" class=\"wp-block-list\">\n<li>Hotfix \ud83d\udea8\ud83d\udee0\ufe0f \u2013 Zwei gro\u00dfe Fehler im Zusammenhang mit der neuen Funktion behoben <\/li>\n\n\n\n<li>Funktionen\/App-Verbesserungen:\n<ul class=\"wp-block-list\">\n<li>Hinzuf\u00fcgung eines neuen Abschnitts \u201eToolbox\u201c.<\/li>\n\n\n\n<li>Hinzuf\u00fcgung eines KI-Charakter-Chats, der es Benutzern erm\u00f6glicht, mit Charakteren aus ihrer Literatur zu chatten<\/li>\n<\/ul>\n<\/li>\n<\/ul>\n\n\n\n<h2 class=\"wp-block-heading\" id=\"block-73b52f4d-df0b-42b1-82e5-bdbd7257635a\">Version 1.7.0<\/h2>\n\n\n\n<ul id=\"block-131f8bf0-82b7-415a-9179-4d6a0fc59e46\" class=\"wp-block-list\">\n<li>Funktionen\/App-Verbesserungen:\n<ul class=\"wp-block-list\">\n<li>Hinzuf\u00fcgung eines neuen Abschnitts \u201eToolbox\u201c.<\/li>\n\n\n\n<li>Hinzuf\u00fcgung eines KI-Charakter-Chats, der es Benutzern erm\u00f6glicht, mit Charakteren aus ihrer Literatur zu chatten<\/li>\n<\/ul>\n<\/li>\n<\/ul>\n\n\n\n<h2 class=\"wp-block-heading\" id=\"block-73b52f4d-df0b-42b1-82e5-bdbd7257635a\">Version 1.6.8<\/h2>\n\n\n\n<ul id=\"block-131f8bf0-82b7-415a-9179-4d6a0fc59e46\" class=\"wp-block-list\">\n<li>Funktionen\/App-Verbesserungen:\n<ul class=\"wp-block-list\">\n<li>Kontextmen\u00fc zu Chatbots hinzugef\u00fcgt. Benutzer k\u00f6nnen Chatbots und Dokumente jetzt einfach durch langes Dr\u00fccken von der Startseite l\u00f6schen<\/li>\n<\/ul>\n<\/li>\n\n\n\n<li>Patches\/Fehlerbehebungen:\n<ul class=\"wp-block-list\">\n<li>Es wurde ein Problem behoben, bei dem Dokumentreferenzseiten bei einem umfassenden Neustart der App leer waren<\/li>\n\n\n\n<li>Weitere kleinere Fehlerbehebungen und Verbesserungen<\/li>\n<\/ul>\n<\/li>\n<\/ul>\n\n\n\n<h2 class=\"wp-block-heading\" id=\"block-73b52f4d-df0b-42b1-82e5-bdbd7257635a\">Version 1.6.7<\/h2>\n\n\n\n<ul id=\"block-131f8bf0-82b7-415a-9179-4d6a0fc59e46\" class=\"wp-block-list\">\n<li>Patches\/Fehlerbehebungen:\n<ul class=\"wp-block-list\">\n<li>Kleinere Fehlerbehebungen und Verbesserungen<\/li>\n<\/ul>\n<\/li>\n<\/ul>\n\n\n\n<h2 class=\"wp-block-heading\" id=\"version-102--latest-release\">Version 1.6.6<\/h2>\n\n\n\n<ul class=\"wp-block-list\">\n<li>Funktionen\/App-Verbesserungen:   \n<ul class=\"wp-block-list\">\n<li>Verschiedene Verbesserungen des UX-Flows<\/li>\n<\/ul>\n<\/li>\n\n\n\n<li>Patches\/Fehlerbehebungen: \n<ul class=\"wp-block-list\">\n<li>Kleinere Fehlerbehebungen und Verbesserungen<\/li>\n<\/ul>\n<\/li>\n<\/ul>\n\n\n\n<h2 class=\"wp-block-heading\" id=\"version-102--latest-release\">Version 1.6.5<\/h2>\n\n\n\n<ul class=\"wp-block-list\">\n<li>Funktionen\/App-Verbesserungen:   \n<ul class=\"wp-block-list\">\n<li>Erh\u00f6hte t\u00e4gliche Nachrichtenlimits f\u00fcr Premium-\/Pro-Benutzer<\/li>\n\n\n\n<li>Der Kontol\u00f6schvorgang wurde optimiert<\/li>\n<\/ul>\n<\/li>\n\n\n\n<li>Patches\/Fehlerbehebungen: \n<ul class=\"wp-block-list\">\n<li>Kleinere Fehlerbehebungen und Verbesserungen<\/li>\n<\/ul>\n<\/li>\n<\/ul>\n\n\n\n<h2 class=\"wp-block-heading\" id=\"version-102--latest-release\">Version 1.6.4<\/h2>\n\n\n\n<ul class=\"wp-block-list\">\n<li>Funktionen\/App-Verbesserungen:   \n<ul class=\"wp-block-list\">\n<li>Unterst\u00fctzung f\u00fcr zus\u00e4tzliche Dateitypen hinzugef\u00fcgt, einschlie\u00dflich; \u201edocx\u201c, \u201epptx\u201c, \u201eepub\u201c, \u201emd\u201c, \u201etxt\u201c, \u201eodt\u201c und \u201ertf\u201c<\/li>\n\n\n\n<li>Umbenennung des Chatverlaufs implementiert<\/li>\n<\/ul>\n<\/li>\n\n\n\n<li>Patches\/Fehlerbehebungen: \n<ul class=\"wp-block-list\">\n<li>Angemessener Umgang mit fehlgeschlagenen Chatbots implementiert<\/li>\n<\/ul>\n<\/li>\n<\/ul>\n\n\n\n<h2 class=\"wp-block-heading\" id=\"version-102--latest-release\">Version 1.6.3<\/h2>\n\n\n\n<ul class=\"wp-block-list\">\n<li>App-Verbesserungen \/ Patches \/ Fehlerbehebungen: \n\n\n\n\n\n\n\n\n\n\n\n\n\n\n\n\n\n\n\n\n\n\n\n\n\n\n\n\n\n\n\n\n\n\n\n\n<ul class=\"wp-block-list\">\n<li>Die Standard-App-Sprache beim ersten App-Start wird jetzt basierend auf der Ger\u00e4tesprache festgelegt<\/li>\n<\/ul>\n\n\n\n<ul class=\"wp-block-list\">\n<li>Weitere kleinere Korrekturen und Verbesserungen<\/li>\n<\/ul>\n<\/li>\n<\/ul>\n\n\n\n<h2 class=\"wp-block-heading\" id=\"version-102--latest-release\">Version 1.6.2<\/h2>\n\n\n\n<ul class=\"wp-block-list\">\n<li>App-Verbesserungen \/ Patches \/ Fehlerbehebungen: \n<ul class=\"wp-block-list\">\n<li>Fehler behoben, der dazu f\u00fchrte, dass Pro-Benutzer gelegentlich nicht erkannt wurden <\/li>\n\n\n\n<li>Hilfreiches Feedback f\u00fcr Benutzer bei Erreichen des Tageskontingents implementiert<\/li>\n\n\n\n<li>Die Seite mit den Benutzermetriken wurde verfeinert<\/li>\n\n\n\n<li>Unterst\u00fctzung f\u00fcr zus\u00e4tzliche Sprachen hinzugef\u00fcgt<\/li>\n<\/ul>\n<\/li>\n<\/ul>\n\n\n\n<h2 class=\"wp-block-heading\" id=\"version-102--latest-release\">Version 1.6.1<\/h2>\n\n\n\n<ul class=\"wp-block-list\">\n<li>Patches\/Fehlerbehebungen: \n<ul class=\"wp-block-list\">\n<li>Kleineres UI-Problem auf der Upgrade-Seite behoben<\/li>\n\n\n\n<li>Angemessener Umgang mit \u201everalteten\u201c Chatbots implementiert<\/li>\n<\/ul>\n<\/li>\n<\/ul>\n\n\n\n<h2 class=\"wp-block-heading\" id=\"version-102--latest-release\">Version 1.6.0<\/h2>\n\n\n\n<ul class=\"wp-block-list\">\n<li>Funktionen\/App-Verbesserungen:   \n<ul class=\"wp-block-list\">\n<li>Das Premium-Modell wurde vom monatlichen Abonnement auf einmalige Zahlungen umgestellt.<\/li>\n<\/ul>\n<\/li>\n\n\n\n<li>Patches und Fehlerbehebungen: \n<ul class=\"wp-block-list\">\n<li>Weitere kleinere Fehlerbehebungen und Leistungsverbesserungen<\/li>\n<\/ul>\n<\/li>\n<\/ul>\n\n\n\n<h2 class=\"wp-block-heading\" id=\"version-102--latest-release\">Version 1.5.0<\/h2>\n\n\n\n<ul class=\"wp-block-list\">\n<li>Funktionen und App-Verbesserungen:  \n\n\n\n\n<ul class=\"wp-block-list\">\n<li>Push-Benachrichtigungen zur App hinzugef\u00fcgt. Benutzer werden jetzt benachrichtigt, wenn die Chatbot-Schulung abgeschlossen ist<\/li>\n\n\n\n<li>Chatverlaufselemente zeigen jetzt den entsprechenden Chatbot-Namen an<\/li>\n<\/ul>\n<\/li>\n\n\n\n<li>Patches und Fehlerbehebungen:\n\n\n\n\n<ul class=\"wp-block-list\">\n<li>Weitere wichtige Fehlerbehebungen und Leistungsverbesserungen<\/li>\n<\/ul>\n<\/li>\n<\/ul>\n\n\n\n<h2 class=\"wp-block-heading\" id=\"version-102--latest-release\">Version 1.4.2<\/h2>\n\n\n\n<ul class=\"wp-block-list\">\n<li>Funktionen und App-Verbesserungen:  \n\n\n\n\n\n\n\n\n\n\n\n\n\n\n\n\n\n\n\n\n\n\n\n\n\n\n\n\n\n\n\n\n\n\n\n\n\n\n\n\n\n\n\n\n\n\n<ul class=\"wp-block-list\">\n<li>OCR-Unterst\u00fctzung f\u00fcr die Verarbeitung nicht durchsuchbarer Dokumente hinzugef\u00fcgt<\/li>\n<\/ul>\n\n\n\n<ul class=\"wp-block-list\">\n<li>Polierte UX und Animationen in Abschnitten der Apps<\/li>\n<\/ul>\n<\/li>\n\n\n\n<li>Patches und Fehlerbehebungen:\n\n\n\n\n\n\n\n\n\n\n\n\n\n\n\n\n\n\n\n\n\n\n\n\n\n\n\n\n\n\n\n\n\n\n\n\n\n\n\n\n\n\n\n\n\n\n<ul class=\"wp-block-list\">\n<li>Problem behoben, bei dem die Chatbot-Erstellung fehlschlug, wenn Dateien mit sehr langen Namen ausgew\u00e4hlt wurden<\/li>\n<\/ul>\n\n\n\n<ul class=\"wp-block-list\">\n<li>Weitere wichtige Fehlerbehebungen und Leistungsverbesserungen<\/li>\n<\/ul>\n<\/li>\n<\/ul>\n\n\n\n<h2 class=\"wp-block-heading\" id=\"version-102--latest-release\">Version 1.4.1<\/h2>\n\n\n\n<ul class=\"wp-block-list\">\n<li>Patches und Hotfixes:\n<ul class=\"wp-block-list\">\n<li>Es wurde ein Problem behoben, bei dem der Konversationsbildschirm mit dem anf\u00e4nglichen Begr\u00fc\u00dfungstext \u00fcberf\u00fcllt war, wenn ein Benutzer unmittelbar nach dem Anzeigen einer Zusammenfassung versuchte, eine Frage zu stellen<\/li>\n\n\n\n<li>Zusammenfassungen f\u00fcr Dokumente, die zum Trainieren von Chatbots verwendet werden, werden jetzt in der Quellsprache generiert<\/li>\n<\/ul>\n<\/li>\n<\/ul>\n\n\n\n<h2 class=\"wp-block-heading\" id=\"version-102--latest-release\">Version 1.4.0<\/h2>\n\n\n\n<ul class=\"wp-block-list\">\n<li>Funktionen und App-UX-Verbesserungen:  \n<ul class=\"wp-block-list\">\n<li>Deutlich verbesserter Trainingsprozess f\u00fcr benutzerdefinierte Chatbots<\/li>\n\n\n\n<li>Zusammenfassungsfunktion\/-prozess mit Haupt-Chatbot zusammengef\u00fchrt<\/li>\n<\/ul>\n<\/li>\n\n\n\n<li>Patches und Fehlerbehebungen:\n<ul class=\"wp-block-list\">\n<li>Kleinere Fehlerbehebungen und Leistungsverbesserungen<\/li>\n<\/ul>\n<\/li>\n<\/ul>\n\n\n\n<h2 class=\"wp-block-heading\" id=\"version-102--latest-release\">Version 1.3.0<\/h2>\n\n\n\n<ul class=\"wp-block-list\">\n<li>Neue Funktionen und App-UX-Verbesserungen: \n\n\n\n\n\n\n\n\n\n\n\n\n\n\n\n\n\n\n\n\n\n\n\n\n\n\n\n\n\n\n\n\n\n\n\n\n\n\n\n\n\n\n\n\n\n\n\n\n\n\n\n\n<ul class=\"wp-block-list\">\n<li>Der Bildschirm \u201eAlle anzeigen\u201c f\u00fcr Chatbots sowie die M\u00f6glichkeit, diese zu l\u00f6schen, wurden implementiert<\/li>\n<\/ul>\n\n\n\n<ul class=\"wp-block-list\">\n<li>Die Anzahl der zum Erstellen eines Chatbots erforderlichen Schritte wurde von 3 auf 2 reduziert<\/li>\n<\/ul>\n<\/li>\n\n\n\n<li>Patches und Fehlerbehebungen:\n<ul class=\"wp-block-list\">\n<li>Es wurde behoben, dass nach der Erstellung der Zusammenfassung eine falsche Toast-Benachrichtigung angezeigt wurde<\/li>\n\n\n\n<li>Das lokale Datenbankschema wurde aktualisiert, um k\u00fcnftige Versionen zu unterst\u00fctzen und eine Reihe lokaler Probleme zu beheben<\/li>\n\n\n\n<li>Weitere kleinere Fehlerbehebungen und Leistungsverbesserungen<\/li>\n<\/ul>\n<\/li>\n<\/ul>\n\n\n\n<h2 class=\"wp-block-heading\" id=\"version-102--latest-release\">Version 1.2.1<\/h2>\n\n\n\n<ul class=\"wp-block-list\">\n<li>Neue Funktionen und App-UX-Verbesserungen:\n\n\n\n\n\n\n\n\n\n\n\n\n\n\n\n\n\n\n\n\n\n\n\n\n\n\n\n\n\n\n\n\n\n\n\n\n\n\n\n\n\n\n\n\n\n\n\n\n\n\n\n\n\n\n\n\n\n\n<ul class=\"wp-block-list\">\n<li>Option zur Auswahl der Zusammenfassungssprache beim Generieren von \u201eKI-Zusammenfassungen\u201c implementiert<\/li>\n<\/ul>\n\n\n\n<ul class=\"wp-block-list\">\n<li>Der Konversationstext sowie der generierte Zusammenfassungstext sind au\u00dferhalb der App ausw\u00e4hlbar und kopierbar<\/li>\n\n\n\n<li>Wesentliche umfassende Verbesserungen bei der App-Lokalisierung<\/li>\n<\/ul>\n<\/li>\n\n\n\n<li>Patches und Fehlerbehebungen:\n<ul class=\"wp-block-list\">\n<li>Problem behoben, bei dem die anf\u00e4ngliche Anzeige des zusammengefassten Textes \u201eTBD\u201c war.<\/li>\n\n\n\n<li>Kontingentzahl f\u00fcr \u201eKI-Zusammenfassung\u201c im Bildschirm \u201eNutzungsmetriken\u201c korrigiert<\/li>\n\n\n\n<li>Weitere kleinere Fehlerbehebungen und Leistungsverbesserungen<\/li>\n<\/ul>\n<\/li>\n<\/ul>\n\n\n\n<h2 class=\"wp-block-heading\" id=\"version-102--latest-release\">Version 1.2.0<\/h2>\n\n\n\n<ul class=\"wp-block-list\">\n<li>Neue Funktionen und App-UX-Verbesserungen:\n\n\n\n\n\n\n\n\n\n\n\n\n\n\n\n\n\n\n\n\n\n\n\n\n\n\n\n\n\n\n\n\n\n\n\n\n\n\n\n\n\n\n\n\n\n\n\n\n\n\n\n\n\n\n\n\n<ul class=\"wp-block-list\">\n<li>\u201eKI-Zusammenfassungen\u201c implementiert; ein neuer UX-Flow, der es Benutzern erm\u00f6glicht, ihre Dokumente mithilfe von KI einfach zusammenzufassen<\/li>\n<\/ul>\n\n\n\n<ul class=\"wp-block-list\">\n<li>Die Scroll-Physik auf der Startseite wurde f\u00fcr eine intuitivere Benutzeroberfl\u00e4che ge\u00e4ndert<\/li>\n<\/ul>\n<\/li>\n\n\n\n<li>Patches und Fehlerbehebungen:\n<ul class=\"wp-block-list\">\n<li>Verschiedene Probleme mit dem Lokalisierungstext wurden behoben<\/li>\n\n\n\n<li>Angepasste UX, um Benutzer zu benachrichtigen, wenn w\u00e4hrend der Chatbot-Erstellung kein Netzwerk erkannt wird<\/li>\n\n\n\n<li>Weitere kleinere Fehlerbehebungen und Leistungsverbesserungen<\/li>\n<\/ul>\n<\/li>\n<\/ul>\n\n\n\n<h2 class=\"wp-block-heading\" id=\"version-102--latest-release\">Version 1.1.0<\/h2>\n\n\n\n<ul class=\"wp-block-list\">\n<li>Funktionen und App-UX-Verbesserungen:\n<ul class=\"wp-block-list\">\n<li>Unterst\u00fctzung f\u00fcr zus\u00e4tzliche Dateitypen hinzugef\u00fcgt, einschlie\u00dflich; \u201e.docx\u201c (Word), \u201e.pptx\u201c (PowerPoint), \u201e.epub\u201c, \u201e.md\u201c (Markdown), \u201e.txt\u201c und \u201e.odt\u201c<\/li>\n\n\n\n<li>Die Seite \u201eNutzungsmetriken\u201c wurde implementiert, damit Benutzer verschiedene mit ihrem Konto verkn\u00fcpfte Metriken anzeigen k\u00f6nnen<\/li>\n<\/ul>\n<\/li>\n\n\n\n<li>Patches und Fehlerbehebungen:\n<ul class=\"wp-block-list\">\n<li>Kleinere Fehlerbehebungen und Leistungsverbesserungen<\/li>\n<\/ul>\n<\/li>\n<\/ul>\n\n\n\n<h2 class=\"wp-block-heading\" id=\"version-102--latest-release\">Version 1.0.3<\/h2>\n\n\n\n<ul class=\"wp-block-list\">\n<li>Verbesserungen der App-UX:\n<ul class=\"wp-block-list\">\n<li>Die Quellenangabe wurde neu gestaltet, um kompakt, minimalistisch und n\u00fctzlich zu sein. Benutzer k\u00f6nnen jetzt auf Seitenschaltfl\u00e4chen klicken, um die verwendete Referenzseite zu \u00f6ffnen<\/li>\n\n\n\n<li>Chat-Kontextverlauf implementiert. Der Chatbot ber\u00fccksichtigt nun fr\u00fchere Gespr\u00e4che<\/li>\n<\/ul>\n<\/li>\n\n\n\n<li>Patches und Fehlerbehebungen:\n<ul class=\"wp-block-list\">\n<li>Fehler behoben, bei dem In-App-K\u00e4ufe bei der Benutzeranmeldung zun\u00e4chst nicht erkannt wurden<\/li>\n\n\n\n<li>Verbesserte UX f\u00fcr die Formularvalidierung w\u00e4hrend der Erstellung eines Chatbots<\/li>\n\n\n\n<li>In-App-Links wurden aktualisiert, um auf die richtigen Zielseiten zu verweisen<\/li>\n<\/ul>\n<\/li>\n<\/ul>\n\n\n\n<h2 class=\"wp-block-heading\" id=\"version-102--latest-release\">Version 1.0.2<\/h2>\n\n\n\n<ul class=\"wp-block-list\">\n<li>Patches und Fehlerbehebungen:\n<ul class=\"wp-block-list\">\n<li>Pr\u00e4zisierung des Premium-Benutzererlebnisses sowie In-App-Indikatoren f\u00fcr Premium-Konten<\/li>\n\n\n\n<li>Problem behoben, bei dem Einschr\u00e4nkungen nach einem Premium-Abonnement nicht aufgehoben wurden<\/li>\n\n\n\n<li>Beschr\u00e4nktes Feld f\u00fcr Chatbot-Namen auf alphanumerische Zeichen und Ziffern<\/li>\n\n\n\n<li>Eine Reihe von Tippfehlern wurden behoben<\/li>\n<\/ul>\n<\/li>\n<\/ul>\n\n\n\n<h2 class=\"wp-block-heading\" id=\"version-101\">Version 1.0.1<\/h2>\n\n\n\n<ul class=\"wp-block-list\">\n<li>Patches und Fehlerbehebungen:\n<ul class=\"wp-block-list\">\n<li>Eine angemessene Verhaltensbehandlung f\u00fcr das Training von Chatbots mit einer gro\u00dfen Anzahl von Dateien\/Seitenzahlen wurde implementiert<\/li>\n\n\n\n<li>Weitere kleinere Fehlerbehebungen und Leistungsverbesserungen<\/li>\n<\/ul>\n<\/li>\n<\/ul>\n\n\n\n<h2 class=\"wp-block-heading\" id=\"version-100--initial-release\">Version 1.0.0 | <code>Erstver\u00f6ffentlichung<\/code><\/h2>\n\n\n\n<ul class=\"wp-block-list\">\n<li>1. offizielle Ver\u00f6ffentlichung der App. Erm\u00f6glicht die Erstellung benutzerdefinierter Chatbots, die das Chatten mit Ihren PDF-Dateien ganz einfach machen.<\/li>\n<\/ul>","protected":false},"excerpt":{"rendered":"<p>Wie der Titel schon sagt, werden auf dieser Seite \u00c4nderungen (egal ob Fehlerbehebungen oder Funktionserweiterungen) an der App verfolgt. Version 1.9.2 | Neueste Version Version 1.9.1 Version 1.8.4 Version 1.8.3 Version 1.8.2 Version 1.8.0 Version 1.7.6 Version 1.7.5 Version 1.7.4 Version\u2026<\/p>","protected":false},"author":1,"featured_media":0,"parent":0,"menu_order":0,"comment_status":"closed","ping_status":"closed","template":"","meta":{"footnotes":""},"class_list":["post-2837","page","type-page","status-publish","hentry","no-post-thumbnail"],"aioseo_notices":[],"_links":{"self":[{"href":"https:\/\/pdfchatup.com\/de\/wp-json\/wp\/v2\/pages\/2837","targetHints":{"allow":["GET"]}}],"collection":[{"href":"https:\/\/pdfchatup.com\/de\/wp-json\/wp\/v2\/pages"}],"about":[{"href":"https:\/\/pdfchatup.com\/de\/wp-json\/wp\/v2\/types\/page"}],"author":[{"embeddable":true,"href":"https:\/\/pdfchatup.com\/de\/wp-json\/wp\/v2\/users\/1"}],"replies":[{"embeddable":true,"href":"https:\/\/pdfchatup.com\/de\/wp-json\/wp\/v2\/comments?post=2837"}],"version-history":[{"count":165,"href":"https:\/\/pdfchatup.com\/de\/wp-json\/wp\/v2\/pages\/2837\/revisions"}],"predecessor-version":[{"id":3173,"href":"https:\/\/pdfchatup.com\/de\/wp-json\/wp\/v2\/pages\/2837\/revisions\/3173"}],"wp:attachment":[{"href":"https:\/\/pdfchatup.com\/de\/wp-json\/wp\/v2\/media?parent=2837"}],"curies":[{"name":"wp","href":"https:\/\/api.w.org\/{rel}","templated":true}]}}