{"id":1859,"date":"2019-04-04T15:07:31","date_gmt":"2019-04-04T15:07:31","guid":{"rendered":"https:\/\/jthemes.net\/themes\/wp\/nextapp\/?page_id=1859"},"modified":"2023-12-13T23:34:58","modified_gmt":"2023-12-13T23:34:58","slug":"faqs","status":"publish","type":"page","link":"https:\/\/pdfchatup.com\/de\/faqs\/","title":{"rendered":"FAQs"},"content":{"rendered":"<section class=\"wpb-content-wrapper\"><section data-vc-full-width=\"false\" data-vc-full-width-init=\"false\" data-vc-parallax-image=\"https:\/\/pdfchatup.com\/wp-content\/themes\/nextapp\/images\/banner-1.jpg\" data-opacity=\"1\" data-size=\"cover\" data-width=\"100%\" data-position=\"cover\" data-repeat=\"cover\" data-attachment=\"inherit\" class=\"bg-lightgrey enable-bg-inner\"><div class=\"section-inner-wrap bg-inner division bg-tra\" id=\"inner-page-title\"><div class=\"container\"><div class=\"vc_row wpb_row vc_row-fluid bg-tra bg-cover vc_row-o-content-middle vc_row-flex\"><div class=\"wpb_column vc_col-sm-12 bg-tra\"><h1 style=\"text-align: center;font-family:Abril Fatface;font-weight:400;font-style:normal\" class=\"vc_custom_heading\" >FAQs<\/h1><\/div><\/div><\/div><\/div><\/section><div class=\"vc_row-full-width vc_clearfix\"><\/div><section id=\"faqs-3\" data-vc-full-width=\"false\" data-vc-full-width-init=\"false\" data-vc-parallax-image=\"https:\/\/pdfchatup.com\/wp-content\/themes\/nextapp\/images\/banner-1.jpg\" data-opacity=\"1\" data-size=\"cover\" data-width=\"100%\" data-position=\"cover\" data-repeat=\"cover\" data-attachment=\"inherit\" class=\"bg-white wide-100 questions-grid enable-bg-inner\"><div class=\"section-inner-wrap bg-inner division bg-tra\" ><div class=\"container\"><div class=\"vc_row wpb_row vc_row-fluid masonry-wrap1 grid-loaded bg-tra bg-inherit\"><div class=\"wpb_column vc_col-sm-12 vc_custom_1702509844343 bg-tra\">\r\n        <div class=\"questions-wrap\"> \r\n            <h5 class=\"theme-color h5-md none\">Allgemeine Fragen<\/h5>           \r\n            <div class=\"perch-list\"><div class=\"mb-25\"><h5 class=\"Default h5-xs none\">Was ist PDF ChatUp?<\/h5><p>PDF ChatUp ist eine mobile App, mit der Sie mithilfe der KI unterwegs mit Ihren Dokumenten chatten k\u00f6nnen. Dar\u00fcber hinaus bietet PDF ChatUp eine Vielzahl von KI-Tools zur Steigerung Ihrer Produktivit\u00e4t.<\/p><\/div><div class=\"mb-25\"><h5 class=\"Default h5-xs none\">Wie funktioniert es?<\/h5><p>Erstellen Sie zun\u00e4chst einen benutzerdefinierten Chatbot und geben Sie eine Liste der Dokumente an, die Sie abfragen m\u00f6chten. Sobald Ihr Chatbot erstellt ist, stellen Sie alle Fragen zum Dokument. Das zugrunde liegende KI-Modell ruft alle relevanten Informationen aus dem Dokument ab und gibt Ihnen eine fundierte Antwort. Achten Sie dabei darauf, die Liste der verwendeten Quellen anzugeben.<\/p><\/div><div class=\"mb-25\"><h5 class=\"Default h5-xs none\">Warum bieten Sie nicht eine kostenlose Version an?<\/h5><p>Leider fallen f\u00fcr PDF ChatUp Serverkosten an, die f\u00fcr die Ausf\u00fchrung verschiedener KI-Modelle erforderlich sind. Da wir Ihre Daten nicht bewerben oder verkaufen, werden die Einnahmen aus dem Verkauf von In-App-Credits zur Bezahlung dieser Server verwendet. Allerdings gibt es kein Abo-Modell, man zahlt nur f\u00fcr das, was man nutzt. (Weitere Informationen finden Sie auf der In-App-Premium-Seite.) <br\/>\nKontaktieren Sie uns, wenn Sie ein sind <strong>neues Konto<\/strong> und h\u00e4tte gerne kostenlose Credits, um die App auszuprobieren. <\/p><\/div><div class=\"mb-25\"><h5 class=\"Default h5-xs none\">Welche Dokumenttypen unterst\u00fctzt PDF ChatUp?<\/h5><p>Zu den derzeit unterst\u00fctzten Dokumenten geh\u00f6ren: \u201e.docx\u201c, \u201e.pptx\u201c, \u201e.epub\u201c, \u201e.md\u201c, \u201e.txt\u201c und \u201e.odt\u201c. Teilen Sie uns mit, wenn Sie m\u00f6chten, dass wir weitere Dokumenttypen hinzuf\u00fcgen.<\/p><\/div><\/div>     \r\n        <\/div>\r\n        <div class=\"questions-wrap\"> \r\n            <h5 class=\"theme-color h5-md none\">Datenbezogene Fragen<\/h5>           \r\n            <div class=\"perch-list\"><div class=\"mb-25\"><h5 class=\"Default h5-xs none\">Sind meine Daten sicher?<\/h5><p>Ihre Dateien werden w\u00e4hrend der \u00dcbertragung verschl\u00fcsselt und auf einer vollst\u00e4ndig verwalteten und sicheren Infrastruktur gespeichert. Unser Speicheranbieter ist SOC2 Typ 2 zertifiziert (eine Zertifizierung basierend auf dem COSO-Framework).<\/p><\/div><div class=\"mb-25\"><h5 class=\"Default h5-xs none\">Wie lange bewahren Sie meine Dokumente auf?<\/h5><p>Daten f\u00fcr Chatbots, die von kostenlosen Nutzern erstellt wurden, werden nach 21 Tagen Inaktivit\u00e4t (3 Wochen) vollst\u00e4ndig gel\u00f6scht. <\/p><\/div><\/div>     \r\n        <\/div>\r\n        <div class=\"questions-wrap\"> \r\n            <h5 class=\"theme-color h5-md none\">Fragen zum Konto<\/h5>           \r\n            <div class=\"perch-list\"><div class=\"mb-25\"><h5 class=\"Default h5-xs none\">Warum ben\u00f6tigen Sie ein Konto?<\/h5><p>Um Guthabenk\u00e4ufe bestimmten Konten zuordnen zu k\u00f6nnen. PDF ChatUp ist plattform\u00fcbergreifend (verf\u00fcgbar auf Android und iOS) und das gleiche Konto mit Premium-Vorteilen kann auf verschiedenen Ger\u00e4ten verwendet werden.<\/p><\/div><\/div>     \r\n        <\/div><\/div><\/div><div class=\"vc_row wpb_row vc_row-fluid bg-tra bg-inherit vc_row-o-content-middle vc_row-flex\"><div class=\"wpb_column vc_col-sm-12 bg-tra\">\n\t<div class=\"wpb_text_column wpb_content_element\" >\n\t\t<div class=\"wpb_wrapper\">\n\t\t\t<div class=\"more-questions wow fadeInUp\" style=\"visibility: visible; animation-delay: 1.3s; animation-name: fadeInUp;\" data-wow-delay=\"1.3s\">\n<h5 class=\"h5-xs\" style=\"text-align: center;\">Haben Sie noch eine Frage? <a href=\"https:\/\/pdfchatup.com\/de\/kontaktiere-uns\/\">In Kontakt kommen<\/a><\/h5>\n<\/div>\n\n\t\t<\/div>\n\t<\/div>\n<\/div><\/div><\/div><\/div><\/section><div class=\"vc_row-full-width vc_clearfix\"><\/div>\n<\/section>","protected":false},"excerpt":{"rendered":"FAQs Allgemeine Fragen Was ist PDF ChatUp?PDF ChatUp ist eine mobile App, mit der Sie unterwegs mithilfe von KI mit Ihren Dokumenten chatten k\u00f6nnen. Dar\u00fcber hinaus bietet PDF ChatUp eine Vielzahl von KI-Tools zur Verbesserung...","protected":false},"author":1,"featured_media":0,"parent":0,"menu_order":0,"comment_status":"closed","ping_status":"closed","template":"","meta":{"footnotes":""},"class_list":["post-1859","page","type-page","status-publish","hentry","no-post-thumbnail"],"aioseo_notices":[],"_links":{"self":[{"href":"https:\/\/pdfchatup.com\/de\/wp-json\/wp\/v2\/pages\/1859","targetHints":{"allow":["GET"]}}],"collection":[{"href":"https:\/\/pdfchatup.com\/de\/wp-json\/wp\/v2\/pages"}],"about":[{"href":"https:\/\/pdfchatup.com\/de\/wp-json\/wp\/v2\/types\/page"}],"author":[{"embeddable":true,"href":"https:\/\/pdfchatup.com\/de\/wp-json\/wp\/v2\/users\/1"}],"replies":[{"embeddable":true,"href":"https:\/\/pdfchatup.com\/de\/wp-json\/wp\/v2\/comments?post=1859"}],"version-history":[{"count":6,"href":"https:\/\/pdfchatup.com\/de\/wp-json\/wp\/v2\/pages\/1859\/revisions"}],"predecessor-version":[{"id":3156,"href":"https:\/\/pdfchatup.com\/de\/wp-json\/wp\/v2\/pages\/1859\/revisions\/3156"}],"wp:attachment":[{"href":"https:\/\/pdfchatup.com\/de\/wp-json\/wp\/v2\/media?parent=1859"}],"curies":[{"name":"wp","href":"https:\/\/api.w.org\/{rel}","templated":true}]}}