{"id":1828,"date":"2019-04-04T13:42:12","date_gmt":"2019-04-04T13:42:12","guid":{"rendered":"https:\/\/jthemes.net\/themes\/wp\/nextapp\/?page_id=1828"},"modified":"2023-06-24T14:35:07","modified_gmt":"2023-06-24T14:35:07","slug":"terms","status":"publish","type":"page","link":"https:\/\/pdfchatup.com\/de\/bedingungen\/","title":{"rendered":"Terms &amp; amp; Bedingungen"},"content":{"rendered":"<section class=\"wpb-content-wrapper\"><section id=\"terms\" data-vc-full-width=\"false\" data-vc-full-width-init=\"false\" data-vc-parallax-image=\"https:\/\/pdfchatup.com\/wp-content\/themes\/nextapp\/images\/banner-1.jpg\" data-opacity=\"1\" data-size=\"cover\" data-width=\"100%\" data-position=\"cover\" data-repeat=\"cover\" data-attachment=\"inherit\" class=\"bg-white terms-section division pt-40 pb-40\"><div class=\"container\"><div class=\"vc_row wpb_row vc_row-fluid bg-tra bg-cover vc_row-o-content-middle vc_row-flex\"><div class=\"wpb_column vc_col-sm-12 bg-tra\">\n\t<div class=\"wpb_text_column wpb_content_element\" >\n\t\t<div class=\"wpb_wrapper\">\n\t\t\t<h1 id=\"terms-of-service\" style=\"text-align: center;\">Nutzungsbedingungen<\/h1>\n<p>&nbsp;<\/p>\n<p>Diese Nutzungsbedingungen regeln Ihre Nutzung von PDF ChatUp, unserer Website unter <a href=\"https:\/\/pdfchatup.com\/de\/\">https:\/\/pdfchatup.com<\/a>und alle damit verbundenen Dienstleistungen von Fabudable Technologies Ltd.<\/p>\n<p>Wenn Sie ein PDF ChatUp-Konto erstellen oder PDF ChatUp nutzen, erkl\u00e4ren Sie sich damit einverstanden, diese Nutzungsbedingungen einzuhalten und alle geltenden Gesetze und Vorschriften einzuhalten. Wenn Sie mit diesen Nutzungsbedingungen nicht einverstanden sind, ist es Ihnen untersagt, die App weiter zu nutzen, auf unsere Website zuzugreifen oder andere von Fabudable Technologies Ltd. bereitgestellte Dienste zu nutzen.<\/p>\n<p>Wenn Sie auf PDF ChatUp zugreifen oder es herunterladen (1) im Apple App Store, stimmen Sie allen in den App Store-Nutzungsbedingungen festgelegten Nutzungsregeln zu; und\/oder (2) den Google Play Store, stimmen Sie den Allgemeinen Gesch\u00e4ftsbedingungen von Android, Google Inc., einschlie\u00dflich der Nutzungsbedingungen von Google Apps, zu.<\/p>\n<p>Wir, Fabudable Technologies Ltd, behalten uns das Recht vor, diese Nutzungsbedingungen nach eigenem Ermessen zu \u00fcberpr\u00fcfen und zu \u00e4ndern. Anschlie\u00dfend aktualisieren wir diese Seite und benachrichtigen Sie \u00fcber die App und\/oder die E-Mail-Adresse, die Sie bei der Erstellung Ihres Kontos angegeben haben. Alle \u00c4nderungen dieser Nutzungsbedingungen werden sofort ab dem Datum der Ver\u00f6ffentlichung wirksam.<\/p>\n<p>Diese Nutzungsbedingungen wurden zuletzt am 10. Juni 2023 aktualisiert.<\/p>\n<h3 id=\"limitations-of-use\">Nutzungsbeschr\u00e4nkungen<\/h3>\n<p>Durch die Nutzung von PDF ChatUp und unserer Website garantieren Sie im Namen Ihrer selbst, aller von Ihnen vertretenen juristischen Personen, die diesen Nutzungsbedingungen zugestimmt haben, und Ihrer Benutzer, dass Sie Folgendes nicht tun werden:<\/p>\n<ol>\n<li>PDF ChatUp oder alle in PDF ChatUp oder auf unserer Website enthaltenen Materialien und Software zu modifizieren, zu kopieren, abgeleitete Werke davon vorzubereiten, zu dekompilieren oder zur\u00fcckzuentwickeln;<\/li>\n<li>Entfernen Sie jegliche Urheberrechts- oder andere Eigentumsvermerke von PDF ChatUp oder jeglichen Materialien und Software, die in PDF ChatUp oder auf unserer Website enthalten sind;<\/li>\n<li>PDF ChatUp oder damit verbundene Materialien an eine andere Person \u00fcbertragen oder die Materialien auf einem anderen Server \u201espiegeln\u201c;<\/li>\n<li>PDF ChatUp oder die damit verbundenen Dienste wissentlich oder fahrl\u00e4ssig in einer Weise nutzen, die unsere Netzwerke oder andere von Fabudable Technologies Ltd bereitgestellte Dienste missbraucht oder st\u00f6rt;<\/li>\n<li>PDF ChatUp oder die damit verbundenen Dienste nutzen, um bel\u00e4stigendes, unanst\u00e4ndiges, obsz\u00f6nes, betr\u00fcgerisches oder rechtswidriges Material zu \u00fcbertragen oder zu ver\u00f6ffentlichen;<\/li>\n<li>PDF ChatUp oder die damit verbundenen Dienste unter Versto\u00df gegen geltende Gesetze oder Vorschriften nutzen;<\/li>\n<li>Verwenden Sie PDF ChatUp, um nicht autorisierte Werbung oder Spam zu versenden.<\/li>\n<li>Benutzerdaten ohne Zustimmung des Benutzers sammeln, sammeln oder erfassen; oder<\/li>\n<li>PDF ChatUp oder die damit verbundenen Dienste in einer Weise nutzen, die die Privatsph\u00e4re, geistige Eigentumsrechte oder andere Rechte Dritter verletzen k\u00f6nnte.<\/li>\n<\/ol>\n<h3 id=\"intellectual-property\">Geistiges Eigentum<\/h3>\n<p>Das geistige Eigentum an den Materialien in PDF ChatUp und auf unserer Website ist Eigentum von Fabudable Technologies Ltd. oder ist an Fabudable Technologies Ltd. lizenziert. Sie d\u00fcrfen PDF ChatUp herunterladen, um die Anwendung nur f\u00fcr Ihren pers\u00f6nlichen Gebrauch auf Ihrem Mobilger\u00e4t anzuzeigen, zu verwenden und anzuzeigen.<\/p>\n<p>Hierbei handelt es sich um die Gew\u00e4hrung einer Lizenz, nicht um eine Eigentums\u00fcbertragung. Diese Lizenz erlischt automatisch, wenn Sie gegen eine dieser Einschr\u00e4nkungen oder diese Nutzungsbedingungen versto\u00dfen, und kann von Fabudable Technologies Ltd jederzeit gek\u00fcndigt werden.<\/p>\n<h3 id=\"automatic-updates\">Automatische Updates<\/h3>\n<p>Sie erteilen uns die Erlaubnis, Updates f\u00fcr PDF ChatUp gem\u00e4\u00df Ihren Datenschutzeinstellungen herunterzuladen und auf Ihrem Ger\u00e4t zu installieren. Diese Berechtigung kann jederzeit widerrufen werden, indem Sie PDF ChatUp von Ihrem Ger\u00e4t l\u00f6schen.<\/p>\n<h3 id=\"liability\">Haftung<\/h3>\n<p>PDF ChatUp und die Materialien in PDF ChatUp und auf unserer Website werden im Ist-Zustand bereitgestellt. Soweit gesetzlich zul\u00e4ssig, \u00fcbernimmt Fabudable Technologies Ltd keine Garantien, weder ausdr\u00fccklich noch stillschweigend, und lehnt hiermit alle anderen Garantien ab, einschlie\u00dflich, aber nicht beschr\u00e4nkt auf stillschweigende Garantien oder Bedingungen der Marktg\u00e4ngigkeit, der Eignung f\u00fcr einen bestimmten Zweck oder der Nichtverletzung geistiger Eigentumsrechte Eigentum oder eine andere Verletzung von Rechten.<\/p>\n<p>In keinem Fall haften Fabudable Technologies Ltd oder seine Lieferanten f\u00fcr Folgesch\u00e4den, die Ihnen oder Dritten entstehen oder entstehen, die sich aus der Nutzung oder Unm\u00f6glichkeit der Nutzung von PDF ChatUp, unserer Website oder anderen von Fabudable Technologies Ltd oder dem bereitgestellten Diensten ergeben Materialien in PDF ChatUp, auch wenn Fabudable Technologies Ltd oder ein autorisierter Vertreter m\u00fcndlich oder schriftlich \u00fcber die M\u00f6glichkeit eines solchen Schadens informiert wurde.<\/p>\n<p>Im Kontext dieser Vereinbarung umfasst \u201eFolgeschaden\u201c alle Folgesch\u00e4den, indirekten Verluste, tats\u00e4chliche oder erwartete Gewinneinbu\u00dfen, entgangene Vorteile, entgangene Einnahmen, entgangene Gesch\u00e4fte, entgangene Gesch\u00e4ftswerte, entgangene Chancen, entgangene Ersparnisse, Reputationsverlust, Nutzungsausfall und\/oder Verlust oder Besch\u00e4digung von Daten, sei es aufgrund von Gesetzen, Vertr\u00e4gen, Billigkeit, unerlaubter Handlung (einschlie\u00dflich Fahrl\u00e4ssigkeit), Schadensersatz oder anderweitig.<\/p>\n<p>Da in einigen Gerichtsbarkeiten keine Beschr\u00e4nkungen stillschweigender Garantien oder Haftungsbeschr\u00e4nkungen f\u00fcr Folge- oder Nebensch\u00e4den zul\u00e4ssig sind, gelten diese Beschr\u00e4nkungen m\u00f6glicherweise nicht f\u00fcr Sie.<\/p>\n<h3 id=\"accuracy-of-materials\">Genauigkeit der Materialien<\/h3>\n<p>Die in PDF ChatUp oder auf unserer Website angezeigten Materialien erheben keinen Anspruch auf Vollst\u00e4ndigkeit und dienen nur allgemeinen Informationszwecken. Soweit gesetzlich zul\u00e4ssig, \u00fcbernimmt Fabudable Technologies Ltd keine Garantien oder Zusicherungen hinsichtlich der Genauigkeit, der wahrscheinlichen Ergebnisse oder der Zuverl\u00e4ssigkeit der Verwendung der Materialien in PDF ChatUp oder auf unserer Website oder anderweitig in Bezug auf solche Materialien oder Ressourcen verlinkt mit PDF ChatUp und unserer Website.<\/p>\n<h3 id=\"links\">Links<\/h3>\n<p>Fabudable Technologies Ltd hat nicht alle mit PDF ChatUp oder der entsprechenden Website verlinkten Websites \u00fcberpr\u00fcft und ist nicht f\u00fcr den Inhalt einer solchen verlinkten Website verantwortlich. Die Aufnahme eines Links bedeutet nicht, dass Fabudable Technologies Ltd die Website bef\u00fcrwortet, genehmigt oder kontrolliert. Die Nutzung einer solchen verlinkten Website erfolgt auf Ihr eigenes Risiko und wir empfehlen Ihnen dringend, Ihre eigenen Untersuchungen hinsichtlich der Eignung dieser Websites durchzuf\u00fchren.<\/p>\n<h3 id=\"notice-regarding-apple\">Hinweis bez\u00fcglich Apple<\/h3>\n<p>Soweit Sie PDF ChatUp auf einem iOS-Ger\u00e4t verwenden oder darauf zugreifen, erkennen Sie die Bedingungen dieser Klausel an und stimmen ihnen zu. Sie erkennen an, dass diese Nutzungsbedingungen nur zwischen Ihnen und Fabudable Technologies Ltd gelten, nicht mit Apple Inc. (Apple), und Apple ist nicht f\u00fcr PDF ChatUp und alle in PDF ChatUp verf\u00fcgbaren Materialien verantwortlich.<\/p>\n<p>Apple ist nicht verpflichtet, Ihnen Wartungs- und Supportleistungen in Bezug auf PDF ChatUp bereitzustellen.<\/p>\n<p>Wenn PDF ChatUp einer geltenden Garantie nicht nachkommt, k\u00f6nnen Sie Apple benachrichtigen und Apple erstattet Ihnen den Kaufpreis der mobilen Anwendung. Im gr\u00f6\u00dftm\u00f6glichen gesetzlich zul\u00e4ssigen Umfang hat Apple keinerlei sonstige Gew\u00e4hrleistungsverpflichtung in Bezug auf PDF ChatUp und alle anderen Anspr\u00fcche, Verluste, Verbindlichkeiten, Sch\u00e4den, Kosten oder Ausgaben, die auf die Nichteinhaltung einer Gew\u00e4hrleistung zur\u00fcckzuf\u00fchren sind, liegen in unserer Verantwortung.<\/p>\n<p>Apple ist nicht verantwortlich f\u00fcr die Bearbeitung von Anspr\u00fcchen von Ihnen oder Dritten im Zusammenhang mit PDF ChatUp oder Ihrer Nutzung von PDF ChatUp, einschlie\u00dflich, aber nicht beschr\u00e4nkt auf (1) Produkthaftungsanspr\u00fcche; (2) jede Behauptung, dass unsere mobile Anwendung nicht den geltenden gesetzlichen oder beh\u00f6rdlichen Anforderungen entspricht; und (3) Anspr\u00fcche, die sich aus Verbraucherschutzgesetzen oder \u00e4hnlichen Gesetzen ergeben.<\/p>\n<p>Apple ist nicht verantwortlich f\u00fcr die Untersuchung, Verteidigung, Beilegung und Entlastung von Anspr\u00fcchen Dritter, dass unsere mobile Anwendung die geistigen Eigentumsrechte dieser Dritten verletzt.<\/p>\n<p>Sie erkl\u00e4ren sich damit einverstanden, bei der Nutzung von PDF ChatUp alle geltenden Bedingungen Dritter einzuhalten, einschlie\u00dflich aller in der Apple App Store-Servicevereinbarung festgelegten Nutzungsregeln.<\/p>\n<p>Apple und die Tochtergesellschaften von Apple sind Drittbeg\u00fcnstigte dieser Nutzungsbedingungen. Wenn Sie diese Nutzungsbedingungen akzeptieren, hat Apple das Recht (und es wird davon ausgegangen, dass Apple das Recht akzeptiert hat), diese Nutzungsbedingungen Ihnen gegen\u00fcber durchzusetzen ein Drittbeg\u00fcnstigter dieser Nutzungsbedingungen.<\/p>\n<p>Sie sichern hiermit zu und garantieren, dass (1) Sie sich nicht in einem Land befinden, das einem Embargo der US-Regierung unterliegt oder das von der US-Regierung als \u201eTerrorismus unterst\u00fctzendes\u201c Land eingestuft wurde; und (2) Sie sind nicht auf einer Liste verbotener oder eingeschr\u00e4nkter Parteien der US-Regierung aufgef\u00fchrt.<\/p>\n<h3 id=\"right-to-terminate\">Recht auf K\u00fcndigung<\/h3>\n<p>Wir k\u00f6nnen Ihr PDF ChatUp-Konto und Ihr Recht zur Nutzung von PDF ChatUp und diesen Nutzungsbedingungen sofort sperren oder k\u00fcndigen, nachdem wir Sie schriftlich \u00fcber einen Versto\u00df gegen diese Nutzungsbedingungen informiert haben.<\/p>\n<h3 id=\"severance\">Abfindung<\/h3>\n<p>Jede Bestimmung dieser Nutzungsbedingungen, die ganz oder teilweise ung\u00fcltig oder nicht durchsetzbar ist, wird in dem Umfang abgetrennt, in dem sie ung\u00fcltig oder nicht durchsetzbar ist. Die G\u00fcltigkeit dieser Allgemeinen Gesch\u00e4ftsbedingungen im \u00dcbrigen bleibt davon unber\u00fchrt.<\/p>\n<h3 id=\"governing-law\">Geltendes Recht<\/h3>\n<p>Diese Nutzungsbedingungen unterliegen den Gesetzen von London, Vereinigtes K\u00f6nigreich, und werden in \u00dcbereinstimmung mit diesen ausgelegt. Sie unterwerfen sich unwiderruflich der ausschlie\u00dflichen Zust\u00e4ndigkeit der Gerichte in diesem Staat oder Ort.<\/p>\n\n\t\t<\/div>\n\t<\/div>\n<\/div><\/div><\/div><\/section><div class=\"vc_row-full-width vc_clearfix\"><\/div>\n<\/section>","protected":false},"excerpt":{"rendered":"Nutzungsbedingungen Diese Nutzungsbedingungen regeln Ihre Nutzung von PDF ChatUp, unserer Website unter https:\/\/pdfchatup.com und allen damit verbundenen Diensten, die von Fabudable Technologies Ltd. bereitgestellt werden. Wenn Sie ein PDF ChatUp-Konto erstellen oder PDF ChatUp verwenden, erhalten Sie. ..","protected":false},"author":1,"featured_media":0,"parent":0,"menu_order":0,"comment_status":"closed","ping_status":"closed","template":"","meta":{"footnotes":""},"class_list":["post-1828","page","type-page","status-publish","hentry","no-post-thumbnail"],"aioseo_notices":[],"_links":{"self":[{"href":"https:\/\/pdfchatup.com\/de\/wp-json\/wp\/v2\/pages\/1828","targetHints":{"allow":["GET"]}}],"collection":[{"href":"https:\/\/pdfchatup.com\/de\/wp-json\/wp\/v2\/pages"}],"about":[{"href":"https:\/\/pdfchatup.com\/de\/wp-json\/wp\/v2\/types\/page"}],"author":[{"embeddable":true,"href":"https:\/\/pdfchatup.com\/de\/wp-json\/wp\/v2\/users\/1"}],"replies":[{"embeddable":true,"href":"https:\/\/pdfchatup.com\/de\/wp-json\/wp\/v2\/comments?post=1828"}],"version-history":[{"count":8,"href":"https:\/\/pdfchatup.com\/de\/wp-json\/wp\/v2\/pages\/1828\/revisions"}],"predecessor-version":[{"id":2817,"href":"https:\/\/pdfchatup.com\/de\/wp-json\/wp\/v2\/pages\/1828\/revisions\/2817"}],"wp:attachment":[{"href":"https:\/\/pdfchatup.com\/de\/wp-json\/wp\/v2\/media?parent=1828"}],"curies":[{"name":"wp","href":"https:\/\/api.w.org\/{rel}","templated":true}]}}